{"id":9367,"date":"2024-10-30T16:37:38","date_gmt":"2024-10-30T15:37:38","guid":{"rendered":"https:\/\/tewa.dk\/make-an-impression-with-our-printed-clothing\/"},"modified":"2025-01-08T09:33:28","modified_gmt":"2025-01-08T08:33:28","slug":"make-an-impression-with-our-printed-clothing","status":"publish","type":"page","link":"https:\/\/tewa.dk\/en\/make-an-impression-with-our-printed-clothing\/","title":{"rendered":"Make an impression with our printed clothing"},"content":{"rendered":"\t\t<div data-elementor-type=\"wp-page\" data-elementor-id=\"9367\" class=\"elementor elementor-9367 elementor-9199\" data-elementor-post-type=\"page\">\n\t\t\t\t<div class=\"elementor-element elementor-element-606f2c67 e-con-full no-padding e-flex e-con e-parent\" data-id=\"606f2c67\" data-element_type=\"container\">\n\t\t\t\t<div class=\"elementor-element elementor-element-7de8f8f9 elementor-widget elementor-widget-shortcode\" data-id=\"7de8f8f9\" data-element_type=\"widget\" data-widget_type=\"shortcode.default\">\n\t\t\t\t<div class=\"elementor-widget-container\">\n\t\t\t\t\t<div class=\"elementor-shortcode\">\t\t<div data-elementor-type=\"container\" data-elementor-id=\"6542\" class=\"elementor elementor-6542\" data-elementor-post-type=\"elementor_library\">\n\t\t\t\t<div class=\"elementor-element elementor-element-2bc4b5ab white e-flex e-con-boxed e-con e-parent\" data-id=\"2bc4b5ab\" data-element_type=\"container\" data-settings=\"{&quot;background_background&quot;:&quot;classic&quot;}\">\n\t\t\t\t\t<div class=\"e-con-inner\">\n\t\t\t\t\t<\/div>\n\t\t\t\t<\/div>\n\t\t\t\t<\/div>\n\t\t<\/div>\n\t\t\t\t<\/div>\n\t\t\t\t<\/div>\n\t\t\t\t<\/div>\n\t\t<div class=\"elementor-element elementor-element-46bc7a65 e-flex e-con-boxed e-con e-parent\" data-id=\"46bc7a65\" data-element_type=\"container\">\n\t\t\t\t\t<div class=\"e-con-inner\">\n\t\t<div class=\"elementor-element elementor-element-28c4f41 e-con-full e-flex e-con e-child\" data-id=\"28c4f41\" data-element_type=\"container\">\n\t\t\t\t<div class=\"elementor-element elementor-element-1218f381 elementor-widget elementor-widget-text-editor\" data-id=\"1218f381\" data-element_type=\"widget\" data-widget_type=\"text-editor.default\">\n\t\t\t\t<div class=\"elementor-widget-container\">\n\t\t\t\t\t\t\t<h2>Get your message across in style<\/h2>\n\t\t\t\t\t\t<\/div>\n\t\t\t\t<\/div>\n\t\t\t\t<div class=\"elementor-element elementor-element-7f60430a elementor-widget-divider--view-line elementor-widget elementor-widget-divider\" data-id=\"7f60430a\" data-element_type=\"widget\" data-widget_type=\"divider.default\">\n\t\t\t\t<div class=\"elementor-widget-container\">\n\t\t\t\t\t<div class=\"elementor-divider\">\n\t\t\t<span class=\"elementor-divider-separator\">\n\t\t\t\t\t\t<\/span>\n\t\t<\/div>\n\t\t\t\t<\/div>\n\t\t\t\t<\/div>\n\t\t\t\t<\/div>\n\t\t<div class=\"elementor-element elementor-element-4ecc0068 e-con-full e-flex e-con e-child\" data-id=\"4ecc0068\" data-element_type=\"container\">\n\t\t\t\t<div class=\"elementor-element elementor-element-51490dca elementor-widget elementor-widget-text-editor\" data-id=\"51490dca\" data-element_type=\"widget\" data-widget_type=\"text-editor.default\">\n\t\t\t\t<div class=\"elementor-widget-container\">\n\t\t\t\t\t\t\t<p>At TEWA, we offer printed clothing that makes it easy to get your message across and raise your company&#8217;s profile. Print on clothing is an effective way to create visibility and recognition, whether it&#8217;s for employee apparel, corporate gifts, events or sporting events. With our advanced printing technology, we ensure that your design is clear and crisp on the garment &#8211; every time.  <\/p>\n<p>Printing on clothing is a great way to strengthen your visual identity and create visibility for your business. From logos and slogans to detailed designs, we can print everything to give you exactly the look you want. Whether you need t-shirts for an event, work jackets for your employees or sportswear for a race, we make sure the result is top-notch. At TEWA, we have experience of printing on many types of textiles, ensuring that the garments both look great and last.   <\/p>\n<h3>High-quality, durable print<\/h3>\n<p>At TEWA we care about quality, which is why we only use durable printing methods that ensure your design lasts even after many washes. We offer several types of printing, such as digital printing, transfer printing and screen printing, so we can find the solution that best suits your project. Our state-of-the-art equipment ensures that colors are clear and sharp and that the details of your design are accurately reproduced.  <\/p>\n<p>Our apparel printing makes it possible to customize clothing to match your corporate identity. If you need help with the design, our experienced graphic design team is ready to assist. From small tweaks to complete design proposals, we can help you achieve a result that is both stylish and eye-catching. Our goal is to create printed clothing that makes an impression and raises your company&#8217;s profile.   <\/p>\n<h3>Print on everything from t-shirts to workwear<\/h3>\n<p>At TEWA, we offer printing on a wide range of clothing, including t-shirts, polos, jackets, sweaters, caps and much more. We have extensive experience with different types of textiles and can advise you on the best choice of material and printing method to give you a solution that both looks good and feels comfortable to wear. We can handle both small and large runs, so whether you need single pieces or large batches, we&#8217;re ready to help.  <\/p>\n<p>We know that timing is everything when it comes to printing on clothing. That&#8217;s why we offer fast delivery so you can have your printed products ready on time &#8211; whether it&#8217;s for a campaign, an event or for everyday business use. At TEWA, we prioritize personal service and are happy to guide you through the entire process, from garment selection and design to the final print.  <\/p>\n<h3>Contact TEWA for printed clothing that makes an impression<\/h3>\n<p>Want clothing that highlights your business and creates visibility? <a href=\"https:\/\/tewa.dk\/kontakt\/\">Contact<\/a> TEWA today for a no-obligation quote on printing on clothing! Call us on <a href=\"tel:98631100\">98 63 11 00<\/a> or send an email to <a href=\"mailto:tewa@tewa.dk\">tewa@tewa.dk<\/a> and we&#8217;ll help you find the best solution for your needs. <\/p>\n\t\t\t\t\t\t<\/div>\n\t\t\t\t<\/div>\n\t\t\t\t<\/div>\n\t\t<div class=\"elementor-element elementor-element-561148d7 e-con-full e-flex e-con e-child\" data-id=\"561148d7\" data-element_type=\"container\">\n\t\t\t\t<div class=\"elementor-element elementor-element-19635a20 dark elementor-widget elementor-widget-sidebar\" data-id=\"19635a20\" data-element_type=\"widget\" data-widget_type=\"sidebar.default\">\n\t\t\t\t<div class=\"elementor-widget-container\">\n\t\t\t<aside id=\"text-10\" class=\"widget-odd widget-first widget-1 widget inner-padding widget_text\"><h2 class=\"widget-title\">Vil du h\u00f8re mere?<\/h2>\t\t\t<div class=\"textwidget\"><p>Udfyld formularen og vi kontakter dig hurtigst muligt.<\/p>\n<\/div>\n\t\t<\/aside><aside id=\"forminator_widget-2\" class=\"widget-even widget-last widget-2 widget inner-padding widget_forminator_widget\"><form id=\"forminator-module-199\" class=\"forminator-custom-form forminator-custom-form-199\" method=\"post\" data-forminator-render=\"0\" data-uid=\"69e207d5bc001\"><div role=\"alert\" aria-live=\"polite\" class=\"forminator-response-message forminator-error\" aria-hidden=\"true\"><\/div><\/form><\/aside>\t\t<\/div>\n\t\t\t\t<\/div>\n\t\t\t\t<\/div>\n\t\t<div class=\"elementor-element elementor-element-c3bbf2a e-con-full e-flex e-con e-child\" data-id=\"c3bbf2a\" data-element_type=\"container\">\n\t\t\t\t<div class=\"elementor-element elementor-element-d2e907a elementor-widget elementor-widget-gallery\" data-id=\"d2e907a\" data-element_type=\"widget\" data-settings=\"{&quot;columns_mobile&quot;:2,&quot;aspect_ratio&quot;:&quot;4:3&quot;,&quot;lazyload&quot;:&quot;yes&quot;,&quot;gallery_layout&quot;:&quot;grid&quot;,&quot;columns&quot;:4,&quot;columns_tablet&quot;:2,&quot;gap&quot;:{&quot;unit&quot;:&quot;px&quot;,&quot;size&quot;:10,&quot;sizes&quot;:[]},&quot;gap_laptop&quot;:{&quot;unit&quot;:&quot;px&quot;,&quot;size&quot;:10,&quot;sizes&quot;:[]},&quot;gap_tablet&quot;:{&quot;unit&quot;:&quot;px&quot;,&quot;size&quot;:10,&quot;sizes&quot;:[]},&quot;gap_mobile&quot;:{&quot;unit&quot;:&quot;px&quot;,&quot;size&quot;:10,&quot;sizes&quot;:[]},&quot;link_to&quot;:&quot;file&quot;,&quot;overlay_background&quot;:&quot;yes&quot;,&quot;content_hover_animation&quot;:&quot;fade-in&quot;}\" data-widget_type=\"gallery.default\">\n\t\t\t\t<div class=\"elementor-widget-container\">\n\t\t\t\t\t<div class=\"elementor-gallery__container\">\n\t\t\t\t\t\t\t<a class=\"e-gallery-item elementor-gallery-item elementor-animated-content\" href=\"https:\/\/tewa.dk\/wp-content\/uploads\/2025\/01\/IMG_4062-scaled.jpg\" data-elementor-open-lightbox=\"yes\" data-elementor-lightbox-slideshow=\"d2e907a\" data-e-action-hash=\"#elementor-action%3Aaction%3Dlightbox%26settings%3DeyJpZCI6OTYxMCwidXJsIjoiaHR0cHM6XC9cL3Rld2EuZGtcL3dwLWNvbnRlbnRcL3VwbG9hZHNcLzIwMjVcLzAxXC9JTUdfNDA2Mi1zY2FsZWQuanBnIiwic2xpZGVzaG93IjoiZDJlOTA3YSJ9\" data-rel=\"-image-0\" data-rl_title=\"\" data-rl_caption=\"\" title=\"\">\n\t\t\t\t\t<div class=\"e-gallery-image elementor-gallery-item__image\" data-thumbnail=\"https:\/\/tewa.dk\/wp-content\/uploads\/2025\/01\/IMG_4062-scaled.jpg\" data-width=\"1536\" data-height=\"2048\" aria-label=\"\" role=\"img\" ><\/div>\n\t\t\t\t\t\t\t\t\t\t\t<div class=\"elementor-gallery-item__overlay\"><\/div>\n\t\t\t\t\t\t\t\t\t\t\t\t\t\t<\/a>\n\t\t\t\t\t\t\t<a class=\"e-gallery-item elementor-gallery-item elementor-animated-content\" href=\"https:\/\/tewa.dk\/wp-content\/uploads\/2025\/01\/IMG_2759-scaled.jpg\" data-elementor-open-lightbox=\"yes\" data-elementor-lightbox-slideshow=\"d2e907a\" data-e-action-hash=\"#elementor-action%3Aaction%3Dlightbox%26settings%3DeyJpZCI6OTU4NCwidXJsIjoiaHR0cHM6XC9cL3Rld2EuZGtcL3dwLWNvbnRlbnRcL3VwbG9hZHNcLzIwMjVcLzAxXC9JTUdfMjc1OS1zY2FsZWQuanBnIiwic2xpZGVzaG93IjoiZDJlOTA3YSJ9\" data-rel=\"-image-1\" data-rl_title=\"\" data-rl_caption=\"\" title=\"\">\n\t\t\t\t\t<div class=\"e-gallery-image elementor-gallery-item__image\" data-thumbnail=\"https:\/\/tewa.dk\/wp-content\/uploads\/2025\/01\/IMG_2759-scaled.jpg\" data-width=\"1536\" data-height=\"2048\" aria-label=\"\" role=\"img\" ><\/div>\n\t\t\t\t\t\t\t\t\t\t\t<div class=\"elementor-gallery-item__overlay\"><\/div>\n\t\t\t\t\t\t\t\t\t\t\t\t\t\t<\/a>\n\t\t\t\t\t\t\t<a class=\"e-gallery-item elementor-gallery-item elementor-animated-content\" href=\"https:\/\/tewa.dk\/wp-content\/uploads\/2024\/11\/IMG_4243-rotated.jpg\" data-elementor-open-lightbox=\"yes\" data-elementor-lightbox-slideshow=\"d2e907a\" data-e-action-hash=\"#elementor-action%3Aaction%3Dlightbox%26settings%3DeyJpZCI6OTI4NCwidXJsIjoiaHR0cHM6XC9cL3Rld2EuZGtcL3dwLWNvbnRlbnRcL3VwbG9hZHNcLzIwMjRcLzExXC9JTUdfNDI0My1yb3RhdGVkLmpwZyIsInNsaWRlc2hvdyI6ImQyZTkwN2EifQ%3D%3D\" data-rel=\"-image-2\" data-rl_title=\"\" data-rl_caption=\"\" title=\"\">\n\t\t\t\t\t<div class=\"e-gallery-image elementor-gallery-item__image\" data-thumbnail=\"https:\/\/tewa.dk\/wp-content\/uploads\/2024\/11\/IMG_4243-rotated.jpg\" data-width=\"1512\" data-height=\"2016\" aria-label=\"\" role=\"img\" ><\/div>\n\t\t\t\t\t\t\t\t\t\t\t<div class=\"elementor-gallery-item__overlay\"><\/div>\n\t\t\t\t\t\t\t\t\t\t\t\t\t\t<\/a>\n\t\t\t\t\t\t\t<a class=\"e-gallery-item elementor-gallery-item elementor-animated-content\" href=\"https:\/\/tewa.dk\/wp-content\/uploads\/2024\/11\/IMG_4249-rotated.jpg\" data-elementor-open-lightbox=\"yes\" data-elementor-lightbox-slideshow=\"d2e907a\" data-e-action-hash=\"#elementor-action%3Aaction%3Dlightbox%26settings%3DeyJpZCI6OTI4NiwidXJsIjoiaHR0cHM6XC9cL3Rld2EuZGtcL3dwLWNvbnRlbnRcL3VwbG9hZHNcLzIwMjRcLzExXC9JTUdfNDI0OS1yb3RhdGVkLmpwZyIsInNsaWRlc2hvdyI6ImQyZTkwN2EifQ%3D%3D\" data-rel=\"-image-3\" data-rl_title=\"\" data-rl_caption=\"\" title=\"\">\n\t\t\t\t\t<div class=\"e-gallery-image elementor-gallery-item__image\" data-thumbnail=\"https:\/\/tewa.dk\/wp-content\/uploads\/2024\/11\/IMG_4249-rotated.jpg\" data-width=\"1512\" data-height=\"2016\" aria-label=\"\" role=\"img\" ><\/div>\n\t\t\t\t\t\t\t\t\t\t\t<div class=\"elementor-gallery-item__overlay\"><\/div>\n\t\t\t\t\t\t\t\t\t\t\t\t\t\t<\/a>\n\t\t\t\t\t\t\t<a class=\"e-gallery-item elementor-gallery-item elementor-animated-content\" href=\"https:\/\/tewa.dk\/wp-content\/uploads\/2024\/09\/download-kopi-5.png\" data-elementor-open-lightbox=\"yes\" data-elementor-lightbox-slideshow=\"d2e907a\" data-e-action-hash=\"#elementor-action%3Aaction%3Dlightbox%26settings%3DeyJpZCI6ODg5NSwidXJsIjoiaHR0cHM6XC9cL3Rld2EuZGtcL3dwLWNvbnRlbnRcL3VwbG9hZHNcLzIwMjRcLzA5XC9kb3dubG9hZC1rb3BpLTUucG5nIiwic2xpZGVzaG93IjoiZDJlOTA3YSJ9\" data-rel=\"-image-4\" data-rl_title=\"\" data-rl_caption=\"\" title=\"\">\n\t\t\t\t\t<div class=\"e-gallery-image elementor-gallery-item__image\" data-thumbnail=\"https:\/\/tewa.dk\/wp-content\/uploads\/2024\/09\/download-kopi-5.png\" data-width=\"481\" data-height=\"640\" aria-label=\"\" role=\"img\" ><\/div>\n\t\t\t\t\t\t\t\t\t\t\t<div class=\"elementor-gallery-item__overlay\"><\/div>\n\t\t\t\t\t\t\t\t\t\t\t\t\t\t<\/a>\n\t\t\t\t\t<\/div>\n\t\t\t<\/div>\n\t\t\t\t<\/div>\n\t\t\t\t<\/div>\n\t\t\t\t\t<\/div>\n\t\t\t\t<\/div>\n\t\t<div class=\"elementor-element elementor-element-7668ed6f e-con-full no-padding e-flex e-con e-parent\" data-id=\"7668ed6f\" data-element_type=\"container\">\n\t\t\t\t<div class=\"elementor-element elementor-element-7dc5d43c elementor-widget elementor-widget-shortcode\" data-id=\"7dc5d43c\" data-element_type=\"widget\" data-widget_type=\"shortcode.default\">\n\t\t\t\t<div class=\"elementor-widget-container\">\n\t\t\t\t\t<div class=\"elementor-shortcode\">\t\t<div data-elementor-type=\"container\" data-elementor-id=\"5414\" class=\"elementor elementor-5414\" data-elementor-post-type=\"elementor_library\">\n\t\t\t\t<div class=\"elementor-element elementor-element-351e1a22 overlay e-flex e-con-boxed e-con e-parent\" data-id=\"351e1a22\" data-element_type=\"container\" data-settings=\"{&quot;background_background&quot;:&quot;classic&quot;}\">\n\t\t\t\t\t<div class=\"e-con-inner\">\n\t\t<div class=\"elementor-element elementor-element-3420f2bf e-con-full e-flex e-con e-child\" data-id=\"3420f2bf\" data-element_type=\"container\">\n\t\t<div class=\"elementor-element elementor-element-81ac92b e-con-full padding e-flex e-con e-child\" data-id=\"81ac92b\" data-element_type=\"container\" data-settings=\"{&quot;background_background&quot;:&quot;classic&quot;}\">\n\t\t\t\t<div class=\"elementor-element elementor-element-501edf0 elementor-widget elementor-widget-text-editor\" data-id=\"501edf0\" data-element_type=\"widget\" data-widget_type=\"text-editor.default\">\n\t\t\t\t<div class=\"elementor-widget-container\">\n\t\t\t\t\t\t\t<h3 style=\"text-align: center;\">Kontakt Tewa ApS<\/h3><h4 style=\"text-align: center;\">Har du sp\u00f8rgsm\u00e5l? Kontakt os og lad os tage en uforpligtende snak<\/h4><p style=\"text-align: center;\">Vi sidder klar til at besvare ethvert sp\u00f8rgsm\u00e5l, du m\u00e5tte have, som du ikke f\u00e5r besvaret her p\u00e5 hjemmesiden. S\u00e5 t\u00f8v ikke med at ringe eller skrive til os. Vi tager med gl\u00e6de en helt uforpligtende snak med dig om dine planer.<\/p>\t\t\t\t\t\t<\/div>\n\t\t\t\t<\/div>\n\t\t\t\t<div class=\"elementor-element elementor-element-79078d9e cta elementor-align-center elementor-widget elementor-widget-button\" data-id=\"79078d9e\" data-element_type=\"widget\" data-widget_type=\"button.default\">\n\t\t\t\t<div class=\"elementor-widget-container\">\n\t\t\t\t\t\t\t<div class=\"elementor-button-wrapper\">\n\t\t\t\t\t<a class=\"elementor-button elementor-button-link elementor-size-sm\" href=\"\/kontakt\/\">\n\t\t\t\t\t\t<span class=\"elementor-button-content-wrapper\">\n\t\t\t\t\t\t\t\t\t<span class=\"elementor-button-text\">Skriv til os her<\/span>\n\t\t\t\t\t<\/span>\n\t\t\t\t\t<\/a>\n\t\t\t\t<\/div>\n\t\t\t\t\t\t<\/div>\n\t\t\t\t<\/div>\n\t\t\t\t<\/div>\n\t\t\t\t<\/div>\n\t\t\t\t\t<\/div>\n\t\t\t\t<\/div>\n\t\t\t\t<\/div>\n\t\t<\/div>\n\t\t\t\t<\/div>\n\t\t\t\t<\/div>\n\t\t\t\t<\/div>\n\t\t\t\t<\/div>\n\t\t","protected":false},"excerpt":{"rendered":"<p>Get your message across in style At TEWA, we offer printed clothing that makes it easy to get your message across and raise your company&#8217;s profile. Print on clothing is an effective way to create visibility and recognition, whether it&#8217;s for employee apparel, corporate gifts, events or sporting events. With our advanced printing technology, we &#8230; <a title=\"Make an impression with our printed clothing\" class=\"read-more\" href=\"https:\/\/tewa.dk\/en\/make-an-impression-with-our-printed-clothing\/\" aria-label=\"Read more about Make an impression with our printed clothing\">Read more<\/a><\/p>\n","protected":false},"author":5,"featured_media":0,"parent":0,"menu_order":0,"comment_status":"closed","ping_status":"closed","template":"","meta":{"_acf_changed":false,"footnotes":""},"categories":[],"class_list":["post-9367","page","type-page","status-publish"],"acf":[],"yoast_head":"<!-- This site is optimized with the Yoast SEO plugin v27.4 - https:\/\/yoast.com\/product\/yoast-seo-wordpress\/ -->\n<title>Make an impression with our printed clothing | Tewa<\/title>\n<meta name=\"robots\" content=\"index, follow, max-snippet:-1, max-image-preview:large, max-video-preview:-1\" \/>\n<link rel=\"canonical\" href=\"https:\/\/tewa.dk\/en\/make-an-impression-with-our-printed-clothing\/\" \/>\n<meta property=\"og:locale\" content=\"en_US\" \/>\n<meta property=\"og:type\" content=\"article\" \/>\n<meta property=\"og:title\" content=\"Make an impression with our printed clothing | Tewa\" \/>\n<meta property=\"og:description\" content=\"Get your message across in style At TEWA, we offer printed clothing that makes it easy to get your message across and raise your company&#8217;s profile. Print on clothing is an effective way to create visibility and recognition, whether it&#8217;s for employee apparel, corporate gifts, events or sporting events. With our advanced printing technology, we ... Read more\" \/>\n<meta property=\"og:url\" content=\"https:\/\/tewa.dk\/en\/make-an-impression-with-our-printed-clothing\/\" \/>\n<meta property=\"og:site_name\" content=\"Tewa\" \/>\n<meta property=\"article:modified_time\" content=\"2025-01-08T08:33:28+00:00\" \/>\n<meta name=\"twitter:card\" content=\"summary_large_image\" \/>\n<meta name=\"twitter:label1\" content=\"Est. reading time\" \/>\n\t<meta name=\"twitter:data1\" content=\"2 minutes\" \/>\n<script type=\"application\/ld+json\" class=\"yoast-schema-graph\">{\"@context\":\"https:\\\/\\\/schema.org\",\"@graph\":[{\"@type\":\"WebPage\",\"@id\":\"https:\\\/\\\/tewa.dk\\\/en\\\/make-an-impression-with-our-printed-clothing\\\/\",\"url\":\"https:\\\/\\\/tewa.dk\\\/en\\\/make-an-impression-with-our-printed-clothing\\\/\",\"name\":\"Make an impression with our printed clothing | Tewa\",\"isPartOf\":{\"@id\":\"https:\\\/\\\/tewa.webserver10.dk\\\/#website\"},\"datePublished\":\"2024-10-30T15:37:38+00:00\",\"dateModified\":\"2025-01-08T08:33:28+00:00\",\"breadcrumb\":{\"@id\":\"https:\\\/\\\/tewa.dk\\\/en\\\/make-an-impression-with-our-printed-clothing\\\/#breadcrumb\"},\"inLanguage\":\"en-US\",\"potentialAction\":[{\"@type\":\"ReadAction\",\"target\":[\"https:\\\/\\\/tewa.dk\\\/en\\\/make-an-impression-with-our-printed-clothing\\\/\"]}]},{\"@type\":\"BreadcrumbList\",\"@id\":\"https:\\\/\\\/tewa.dk\\\/en\\\/make-an-impression-with-our-printed-clothing\\\/#breadcrumb\",\"itemListElement\":[{\"@type\":\"ListItem\",\"position\":1,\"name\":\"Forside\",\"item\":\"https:\\\/\\\/tewa.dk\\\/en\\\/\"},{\"@type\":\"ListItem\",\"position\":2,\"name\":\"Make an impression with our printed clothing\"}]},{\"@type\":\"WebSite\",\"@id\":\"https:\\\/\\\/tewa.webserver10.dk\\\/#website\",\"url\":\"https:\\\/\\\/tewa.webserver10.dk\\\/\",\"name\":\"Tewa\",\"description\":\"Tewa ApS tilbyder trykkeri samt produktion af CD, DVD og Blu-ray\",\"publisher\":{\"@id\":\"https:\\\/\\\/tewa.webserver10.dk\\\/#organization\"},\"potentialAction\":[{\"@type\":\"SearchAction\",\"target\":{\"@type\":\"EntryPoint\",\"urlTemplate\":\"https:\\\/\\\/tewa.webserver10.dk\\\/?s={search_term_string}\"},\"query-input\":{\"@type\":\"PropertyValueSpecification\",\"valueRequired\":true,\"valueName\":\"search_term_string\"}}],\"inLanguage\":\"en-US\"},{\"@type\":\"Organization\",\"@id\":\"https:\\\/\\\/tewa.webserver10.dk\\\/#organization\",\"name\":\"Tewa\",\"url\":\"https:\\\/\\\/tewa.webserver10.dk\\\/\",\"logo\":{\"@type\":\"ImageObject\",\"inLanguage\":\"en-US\",\"@id\":\"https:\\\/\\\/tewa.webserver10.dk\\\/#\\\/schema\\\/logo\\\/image\\\/\",\"url\":\"https:\\\/\\\/tewa.dk\\\/wp-content\\\/uploads\\\/2024\\\/08\\\/logo.png\",\"contentUrl\":\"https:\\\/\\\/tewa.dk\\\/wp-content\\\/uploads\\\/2024\\\/08\\\/logo.png\",\"width\":149,\"height\":62,\"caption\":\"Tewa\"},\"image\":{\"@id\":\"https:\\\/\\\/tewa.webserver10.dk\\\/#\\\/schema\\\/logo\\\/image\\\/\"}}]}<\/script>\n<!-- \/ Yoast SEO plugin. -->","yoast_head_json":{"title":"Make an impression with our printed clothing | Tewa","robots":{"index":"index","follow":"follow","max-snippet":"max-snippet:-1","max-image-preview":"max-image-preview:large","max-video-preview":"max-video-preview:-1"},"canonical":"https:\/\/tewa.dk\/en\/make-an-impression-with-our-printed-clothing\/","og_locale":"en_US","og_type":"article","og_title":"Make an impression with our printed clothing | Tewa","og_description":"Get your message across in style At TEWA, we offer printed clothing that makes it easy to get your message across and raise your company&#8217;s profile. Print on clothing is an effective way to create visibility and recognition, whether it&#8217;s for employee apparel, corporate gifts, events or sporting events. With our advanced printing technology, we ... Read more","og_url":"https:\/\/tewa.dk\/en\/make-an-impression-with-our-printed-clothing\/","og_site_name":"Tewa","article_modified_time":"2025-01-08T08:33:28+00:00","twitter_card":"summary_large_image","twitter_misc":{"Est. reading time":"2 minutes"},"schema":{"@context":"https:\/\/schema.org","@graph":[{"@type":"WebPage","@id":"https:\/\/tewa.dk\/en\/make-an-impression-with-our-printed-clothing\/","url":"https:\/\/tewa.dk\/en\/make-an-impression-with-our-printed-clothing\/","name":"Make an impression with our printed clothing | Tewa","isPartOf":{"@id":"https:\/\/tewa.webserver10.dk\/#website"},"datePublished":"2024-10-30T15:37:38+00:00","dateModified":"2025-01-08T08:33:28+00:00","breadcrumb":{"@id":"https:\/\/tewa.dk\/en\/make-an-impression-with-our-printed-clothing\/#breadcrumb"},"inLanguage":"en-US","potentialAction":[{"@type":"ReadAction","target":["https:\/\/tewa.dk\/en\/make-an-impression-with-our-printed-clothing\/"]}]},{"@type":"BreadcrumbList","@id":"https:\/\/tewa.dk\/en\/make-an-impression-with-our-printed-clothing\/#breadcrumb","itemListElement":[{"@type":"ListItem","position":1,"name":"Forside","item":"https:\/\/tewa.dk\/en\/"},{"@type":"ListItem","position":2,"name":"Make an impression with our printed clothing"}]},{"@type":"WebSite","@id":"https:\/\/tewa.webserver10.dk\/#website","url":"https:\/\/tewa.webserver10.dk\/","name":"Tewa","description":"Tewa ApS tilbyder trykkeri samt produktion af CD, DVD og Blu-ray","publisher":{"@id":"https:\/\/tewa.webserver10.dk\/#organization"},"potentialAction":[{"@type":"SearchAction","target":{"@type":"EntryPoint","urlTemplate":"https:\/\/tewa.webserver10.dk\/?s={search_term_string}"},"query-input":{"@type":"PropertyValueSpecification","valueRequired":true,"valueName":"search_term_string"}}],"inLanguage":"en-US"},{"@type":"Organization","@id":"https:\/\/tewa.webserver10.dk\/#organization","name":"Tewa","url":"https:\/\/tewa.webserver10.dk\/","logo":{"@type":"ImageObject","inLanguage":"en-US","@id":"https:\/\/tewa.webserver10.dk\/#\/schema\/logo\/image\/","url":"https:\/\/tewa.dk\/wp-content\/uploads\/2024\/08\/logo.png","contentUrl":"https:\/\/tewa.dk\/wp-content\/uploads\/2024\/08\/logo.png","width":149,"height":62,"caption":"Tewa"},"image":{"@id":"https:\/\/tewa.webserver10.dk\/#\/schema\/logo\/image\/"}}]}},"_links":{"self":[{"href":"https:\/\/tewa.dk\/en\/wp-json\/wp\/v2\/pages\/9367","targetHints":{"allow":["GET"]}}],"collection":[{"href":"https:\/\/tewa.dk\/en\/wp-json\/wp\/v2\/pages"}],"about":[{"href":"https:\/\/tewa.dk\/en\/wp-json\/wp\/v2\/types\/page"}],"author":[{"embeddable":true,"href":"https:\/\/tewa.dk\/en\/wp-json\/wp\/v2\/users\/5"}],"replies":[{"embeddable":true,"href":"https:\/\/tewa.dk\/en\/wp-json\/wp\/v2\/comments?post=9367"}],"version-history":[{"count":3,"href":"https:\/\/tewa.dk\/en\/wp-json\/wp\/v2\/pages\/9367\/revisions"}],"predecessor-version":[{"id":9614,"href":"https:\/\/tewa.dk\/en\/wp-json\/wp\/v2\/pages\/9367\/revisions\/9614"}],"wp:attachment":[{"href":"https:\/\/tewa.dk\/en\/wp-json\/wp\/v2\/media?parent=9367"}],"wp:term":[{"taxonomy":"category","embeddable":true,"href":"https:\/\/tewa.dk\/en\/wp-json\/wp\/v2\/categories?post=9367"}],"curies":[{"name":"wp","href":"https:\/\/api.w.org\/{rel}","templated":true}]}}