{"id":9389,"date":"2020-02-12T08:51:30","date_gmt":"2020-02-12T07:51:30","guid":{"rendered":"https:\/\/tewa.dk\/home-page\/"},"modified":"2024-11-19T14:39:07","modified_gmt":"2024-11-19T13:39:07","slug":"home-page","status":"publish","type":"page","link":"https:\/\/tewa.dk\/en\/","title":{"rendered":"Home page"},"content":{"rendered":"\t\t<div data-elementor-type=\"wp-page\" data-elementor-id=\"9389\" class=\"elementor elementor-9389 elementor-15\" data-elementor-post-type=\"page\">\n\t\t\t\t<div class=\"elementor-element elementor-element-7210a84f white e-con-full e-flex e-con e-parent\" data-id=\"7210a84f\" data-element_type=\"container\" data-settings=\"{&quot;background_background&quot;:&quot;slideshow&quot;,&quot;background_slideshow_gallery&quot;:[{&quot;id&quot;:9450,&quot;url&quot;:&quot;https:\\\/\\\/tewa.dk\\\/wp-content\\\/uploads\\\/2024\\\/11\\\/IMG_4036-scaled.jpg&quot;},{&quot;id&quot;:9452,&quot;url&quot;:&quot;https:\\\/\\\/tewa.dk\\\/wp-content\\\/uploads\\\/2024\\\/11\\\/IMG_3729-1.jpg&quot;},{&quot;id&quot;:9307,&quot;url&quot;:&quot;https:\\\/\\\/tewa.dk\\\/wp-content\\\/uploads\\\/2024\\\/11\\\/IMG_5146-scaled.jpg&quot;},{&quot;id&quot;:9289,&quot;url&quot;:&quot;https:\\\/\\\/tewa.dk\\\/wp-content\\\/uploads\\\/2024\\\/11\\\/IMG_4257-rotated.jpg&quot;},{&quot;id&quot;:9263,&quot;url&quot;:&quot;https:\\\/\\\/tewa.dk\\\/wp-content\\\/uploads\\\/2024\\\/11\\\/IMG_3710-1-scaled.jpg&quot;},{&quot;id&quot;:9285,&quot;url&quot;:&quot;https:\\\/\\\/tewa.dk\\\/wp-content\\\/uploads\\\/2024\\\/11\\\/IMG_4249-rotated.jpg&quot;},{&quot;id&quot;:9261,&quot;url&quot;:&quot;https:\\\/\\\/tewa.dk\\\/wp-content\\\/uploads\\\/2024\\\/11\\\/IMG_3659-scaled.jpg&quot;}],&quot;background_slideshow_transition_duration&quot;:1000,&quot;background_slideshow_loop&quot;:&quot;yes&quot;,&quot;background_slideshow_slide_duration&quot;:5000,&quot;background_slideshow_slide_transition&quot;:&quot;fade&quot;}\">\n\t\t\t\t<div class=\"elementor-element elementor-element-776d3ee9 elementor-widget__width-inherit elementor-invisible elementor-widget elementor-widget-heading\" data-id=\"776d3ee9\" data-element_type=\"widget\" data-settings=\"{&quot;_animation&quot;:&quot;fadeInUp&quot;,&quot;_animation_delay&quot;:400}\" data-widget_type=\"heading.default\">\n\t\t\t\t<div class=\"elementor-widget-container\">\n\t\t\t<h3 class=\"elementor-heading-title elementor-size-default\">Everything in digital printing<\/h3>\t\t<\/div>\n\t\t\t\t<\/div>\n\t\t\t\t<div class=\"elementor-element elementor-element-2cb85e33 elementor-widget__width-inherit elementor-invisible elementor-widget elementor-widget-text-editor\" data-id=\"2cb85e33\" data-element_type=\"widget\" data-settings=\"{&quot;_animation&quot;:&quot;fadeInUp&quot;,&quot;_animation_delay&quot;:600}\" data-widget_type=\"text-editor.default\">\n\t\t\t\t<div class=\"elementor-widget-container\">\n\t\t\t\t\t\t\t<p style=\"text-align: center;\">From idea to finished product<\/p>\n\t\t\t\t\t\t<\/div>\n\t\t\t\t<\/div>\n\t\t\t\t<div class=\"elementor-element elementor-element-25b0e412 elementor-align-justify elementor-widget__width-initial cta elementor-invisible elementor-widget elementor-widget-button\" data-id=\"25b0e412\" data-element_type=\"widget\" data-settings=\"{&quot;_animation&quot;:&quot;fadeInUp&quot;,&quot;_animation_delay&quot;:800}\" data-widget_type=\"button.default\">\n\t\t\t\t<div class=\"elementor-widget-container\">\n\t\t\t\t\t\t\t<div class=\"elementor-button-wrapper\">\n\t\t\t\t\t<a class=\"elementor-button elementor-button-link elementor-size-sm\" href=\"https:\/\/tewa.dk\/kontakt\/\">\n\t\t\t\t\t\t<span class=\"elementor-button-content-wrapper\">\n\t\t\t\t\t\t\t\t\t<span class=\"elementor-button-text\">Contact us today<\/span>\n\t\t\t\t\t<\/span>\n\t\t\t\t\t<\/a>\n\t\t\t\t<\/div>\n\t\t\t\t\t\t<\/div>\n\t\t\t\t<\/div>\n\t\t\t\t<div class=\"elementor-element elementor-element-3093feb4 elementor-align-justify elementor-widget__width-initial scroll border cta elementor-hidden-mobile elementor-invisible elementor-widget elementor-widget-button\" data-id=\"3093feb4\" data-element_type=\"widget\" data-settings=\"{&quot;_animation&quot;:&quot;fadeInUp&quot;,&quot;_animation_delay&quot;:800}\" data-widget_type=\"button.default\">\n\t\t\t\t<div class=\"elementor-widget-container\">\n\t\t\t\t\t\t\t<div class=\"elementor-button-wrapper\">\n\t\t\t\t\t<a class=\"elementor-button elementor-button-link elementor-size-sm\" href=\"#\">\n\t\t\t\t\t\t<span class=\"elementor-button-content-wrapper\">\n\t\t\t\t\t\t\t\t\t<span class=\"elementor-button-text\">Read more about it<\/span>\n\t\t\t\t\t<\/span>\n\t\t\t\t\t<\/a>\n\t\t\t\t<\/div>\n\t\t\t\t\t\t<\/div>\n\t\t\t\t<\/div>\n\t\t\t\t<\/div>\n\t\t<div class=\"elementor-element elementor-element-489bcdeb e-flex e-con-boxed e-con e-parent\" data-id=\"489bcdeb\" data-element_type=\"container\">\n\t\t\t\t\t<div class=\"e-con-inner\">\n\t\t<div class=\"elementor-element elementor-element-4876a019 e-con-full e-flex e-con e-child\" data-id=\"4876a019\" data-element_type=\"container\">\n\t\t\t\t<div class=\"elementor-element elementor-element-26fefd0d elementor-widget elementor-widget-text-editor\" data-id=\"26fefd0d\" data-element_type=\"widget\" data-widget_type=\"text-editor.default\">\n\t\t\t\t<div class=\"elementor-widget-container\">\n\t\t\t\t\t\t\t<h1>Welcome to TEWA<\/h1>\n<h2>Your partner in all things print<\/h2>\n<p>Since 1974, TEWA has been your reliable partner for quality solutions in copying and printing. Our history started in Fars\u00f8 with the production of cassette tapes, and as technology has developed, we have grown to become one of Denmark&#8217;s leading suppliers within CD, DVD and USB copying. <\/p>\n<p>But we are much more than just copying. Our vast experience and broad capabilities enable us to offer complete print solutions that make your business stand out in the market. <\/p>\n\t\t\t\t\t\t<\/div>\n\t\t\t\t<\/div>\n\t\t\t\t<\/div>\n\t\t<div class=\"elementor-element elementor-element-4b289130 e-con-full dark overflow-box e-flex elementor-invisible e-con e-child\" data-id=\"4b289130\" data-element_type=\"container\" data-settings=\"{&quot;animation&quot;:&quot;fadeInUp&quot;,&quot;animation_delay&quot;:1000}\">\n\t\t\t\t<div class=\"elementor-element elementor-element-1d6f724 elementor-widget elementor-widget-text-editor\" data-id=\"1d6f724\" data-element_type=\"widget\" data-widget_type=\"text-editor.default\">\n\t\t\t\t<div class=\"elementor-widget-container\">\n\t\t\t\t\t\t\t<h3>Let us help you<\/h3>\n<p>Get a non-binding offer for your project. Contact us today by phone <a href=\"tel:98631100\">(+45) 98 63 11 00<\/a> or email <a href=\"mailto:tewa@tewa.dk\">tewa@tewa.dk.<\/a> <\/p>\n<p>We look forward to hearing from you.<\/p>\n\t\t\t\t\t\t<\/div>\n\t\t\t\t<\/div>\n\t\t\t\t<div class=\"elementor-element elementor-element-5ddd436f elementor-widget elementor-widget-shortcode\" data-id=\"5ddd436f\" data-element_type=\"widget\" data-widget_type=\"shortcode.default\">\n\t\t\t\t<div class=\"elementor-widget-container\">\n\t\t\t\t\t<div class=\"elementor-shortcode\"><form id=\"forminator-module-199\" class=\"forminator-custom-form forminator-custom-form-199\" method=\"post\" data-forminator-render=\"0\" data-uid=\"69ff2875f2c03\"><div role=\"alert\" aria-live=\"polite\" class=\"forminator-response-message forminator-error\" aria-hidden=\"true\"><\/div><\/form><\/div>\n\t\t\t\t<\/div>\n\t\t\t\t<\/div>\n\t\t\t\t<\/div>\n\t\t\t\t\t<\/div>\n\t\t\t\t<\/div>\n\t\t<div class=\"elementor-element elementor-element-03c14d9 light e-flex e-con-boxed e-con e-parent\" data-id=\"03c14d9\" data-element_type=\"container\">\n\t\t\t\t\t<div class=\"e-con-inner\">\n\t\t<div class=\"elementor-element elementor-element-53cd402 e-con-full e-flex e-con e-child\" data-id=\"53cd402\" data-element_type=\"container\">\n\t\t\t\t<\/div>\n\t\t\t\t\t<\/div>\n\t\t\t\t<\/div>\n\t\t<div class=\"elementor-element elementor-element-3149783 e-con-full no-padding e-flex e-con e-parent\" data-id=\"3149783\" data-element_type=\"container\">\n\t\t<div class=\"elementor-element elementor-element-2ad774f1 e-con-full e-flex e-con e-child\" data-id=\"2ad774f1\" data-element_type=\"container\" data-settings=\"{&quot;background_background&quot;:&quot;classic&quot;}\">\n\t\t\t\t<\/div>\n\t\t<div class=\"elementor-element elementor-element-12f74e10 e-con-full padding e-flex e-con e-child\" data-id=\"12f74e10\" data-element_type=\"container\">\n\t\t\t\t<div class=\"elementor-element elementor-element-76160399 elementor-widget elementor-widget-text-editor\" data-id=\"76160399\" data-element_type=\"widget\" data-widget_type=\"text-editor.default\">\n\t\t\t\t<div class=\"elementor-widget-container\">\n\t\t\t\t\t\t\t<h3>High-quality printed matter &#8211; from idea to finished product<\/h3>\n<p>At TEWA, we specialize in both digital media and physical printed matter that stands out. We offer a wide range of solutions to help your business present itself professionally. From business cards, brochures and leaflets to catalogs and product sheets, we know how crucial a sharp visual identity is to creating a strong impression. That&#8217;s why we use only the highest quality materials and techniques, and our experienced team will guide you through the entire process, from initial design ideas to the final print.   <\/p>\n<p>We also know that visibility is a key success factor, which is why we offer effective signage and advertising solutions. From signs and banners to roll-ups and other visual communication to draw attention to your business, we produce it all. Whether for indoor or outdoor use, we manufacture with care and precision so that our products are both durable and eye-catching.  <\/p>\n<p>TEWA also offers printing on textiles and merchandise. Whether you need corporate clothing with your logo, T-shirts for events, or customized gifts for customers, we can provide flexible and quality-conscious solutions. We ensure your printed matter and textile products are sharp and durable, so you can create a cohesive and professional branding for your business.  <\/p>\n\t\t\t\t\t\t<\/div>\n\t\t\t\t<\/div>\n\t\t\t\t<\/div>\n\t\t\t\t<\/div>\n\t\t<div class=\"elementor-element elementor-element-947789d e-con-full no-padding e-flex e-con e-parent\" data-id=\"947789d\" data-element_type=\"container\">\n\t\t\t\t<div class=\"elementor-element elementor-element-942bf7d elementor-widget elementor-widget-google_maps\" data-id=\"942bf7d\" data-element_type=\"widget\" data-widget_type=\"google_maps.default\">\n\t\t\t\t<div class=\"elementor-widget-container\">\n\t\t\t\t\t<div class=\"elementor-custom-embed\">\n\t\t\t<iframe loading=\"lazy\"\n\t\t\t\t\tsrc=\"https:\/\/maps.google.com\/maps?q=Nordvestvej%201%2C%209640%20Fars%C3%B8&#038;t=m&#038;z=10&#038;output=embed&#038;iwloc=near\"\n\t\t\t\t\ttitle=\"Nordvestvej 1, 9640 Fars\u00f8\"\n\t\t\t\t\taria-label=\"Nordvestvej 1, 9640 Fars\u00f8\"\n\t\t\t><\/iframe>\n\t\t<\/div>\n\t\t\t\t<\/div>\n\t\t\t\t<\/div>\n\t\t\t\t<\/div>\n\t\t<div class=\"elementor-element elementor-element-00cfdd2 e-con-full no-padding e-flex e-con e-parent\" data-id=\"00cfdd2\" data-element_type=\"container\">\n\t\t\t\t<div class=\"elementor-element elementor-element-a62a09e elementor-widget elementor-widget-shortcode\" data-id=\"a62a09e\" data-element_type=\"widget\" data-widget_type=\"shortcode.default\">\n\t\t\t\t<div class=\"elementor-widget-container\">\n\t\t\t\t\t<div class=\"elementor-shortcode\">\t\t<div data-elementor-type=\"container\" data-elementor-id=\"5414\" class=\"elementor elementor-5414\" data-elementor-post-type=\"elementor_library\">\n\t\t\t\t<div class=\"elementor-element elementor-element-351e1a22 overlay e-flex e-con-boxed e-con e-parent\" data-id=\"351e1a22\" data-element_type=\"container\" data-settings=\"{&quot;background_background&quot;:&quot;classic&quot;}\">\n\t\t\t\t\t<div class=\"e-con-inner\">\n\t\t<div class=\"elementor-element elementor-element-3420f2bf e-con-full e-flex e-con e-child\" data-id=\"3420f2bf\" data-element_type=\"container\">\n\t\t<div class=\"elementor-element elementor-element-81ac92b e-con-full padding e-flex e-con e-child\" data-id=\"81ac92b\" data-element_type=\"container\" data-settings=\"{&quot;background_background&quot;:&quot;classic&quot;}\">\n\t\t\t\t<div class=\"elementor-element elementor-element-501edf0 elementor-widget elementor-widget-text-editor\" data-id=\"501edf0\" data-element_type=\"widget\" data-widget_type=\"text-editor.default\">\n\t\t\t\t<div class=\"elementor-widget-container\">\n\t\t\t\t\t\t\t<h3 style=\"text-align: center;\">Kontakt Tewa ApS<\/h3><h4 style=\"text-align: center;\">Har du sp\u00f8rgsm\u00e5l? Kontakt os og lad os tage en uforpligtende snak<\/h4><p style=\"text-align: center;\">Vi sidder klar til at besvare ethvert sp\u00f8rgsm\u00e5l, du m\u00e5tte have, som du ikke f\u00e5r besvaret her p\u00e5 hjemmesiden. S\u00e5 t\u00f8v ikke med at ringe eller skrive til os. Vi tager med gl\u00e6de en helt uforpligtende snak med dig om dine planer.<\/p>\t\t\t\t\t\t<\/div>\n\t\t\t\t<\/div>\n\t\t\t\t<div class=\"elementor-element elementor-element-79078d9e cta elementor-align-center elementor-widget elementor-widget-button\" data-id=\"79078d9e\" data-element_type=\"widget\" data-widget_type=\"button.default\">\n\t\t\t\t<div class=\"elementor-widget-container\">\n\t\t\t\t\t\t\t<div class=\"elementor-button-wrapper\">\n\t\t\t\t\t<a class=\"elementor-button elementor-button-link elementor-size-sm\" href=\"\/kontakt\/\">\n\t\t\t\t\t\t<span class=\"elementor-button-content-wrapper\">\n\t\t\t\t\t\t\t\t\t<span class=\"elementor-button-text\">Skriv til os her<\/span>\n\t\t\t\t\t<\/span>\n\t\t\t\t\t<\/a>\n\t\t\t\t<\/div>\n\t\t\t\t\t\t<\/div>\n\t\t\t\t<\/div>\n\t\t\t\t<\/div>\n\t\t\t\t<\/div>\n\t\t\t\t\t<\/div>\n\t\t\t\t<\/div>\n\t\t\t\t<\/div>\n\t\t<\/div>\n\t\t\t\t<\/div>\n\t\t\t\t<\/div>\n\t\t\t\t<\/div>\n\t\t\t\t<\/div>\n\t\t","protected":false},"excerpt":{"rendered":"<p>Everything in digital printing From idea to finished product Contact us today Read more about it Welcome to TEWA Your partner in all things print Since 1974, TEWA has been your reliable partner for quality solutions in copying and printing. Our history started in Fars\u00f8 with the production of cassette tapes, and as technology has &#8230; <a title=\"Home page\" class=\"read-more\" href=\"https:\/\/tewa.dk\/en\/\" aria-label=\"Read more about Home page\">Read more<\/a><\/p>\n","protected":false},"author":1,"featured_media":0,"parent":0,"menu_order":0,"comment_status":"closed","ping_status":"closed","template":"","meta":{"_acf_changed":false,"footnotes":""},"categories":[],"class_list":["post-9389","page","type-page","status-publish"],"acf":[],"yoast_head":"<!-- This site is optimized with the Yoast SEO plugin v27.5 - https:\/\/yoast.com\/product\/yoast-seo-wordpress\/ -->\n<title>Tewa ApS tilbyder trykkeri samt produktion af CD, DVD og Blu-ray | Tewa<\/title>\n<meta name=\"description\" content=\"Tewa ApS tilbyder trykkeri samt produktion af CD, DVD og Blu-ray. Contact Tewa today!\" \/>\n<meta name=\"robots\" content=\"index, follow, max-snippet:-1, max-image-preview:large, max-video-preview:-1\" \/>\n<link rel=\"canonical\" href=\"https:\/\/tewa.dk\/en\/\" \/>\n<meta property=\"og:locale\" content=\"en_US\" \/>\n<meta property=\"og:type\" content=\"article\" \/>\n<meta property=\"og:title\" content=\"Tewa ApS tilbyder trykkeri samt produktion af CD, DVD og Blu-ray | Tewa\" \/>\n<meta property=\"og:description\" content=\"Tewa ApS tilbyder trykkeri samt produktion af CD, DVD og Blu-ray. Contact Tewa today!\" \/>\n<meta property=\"og:url\" content=\"https:\/\/tewa.dk\/en\/\" \/>\n<meta property=\"og:site_name\" content=\"Tewa\" \/>\n<meta property=\"article:modified_time\" content=\"2024-11-19T13:39:07+00:00\" \/>\n<meta name=\"twitter:card\" content=\"summary_large_image\" \/>\n<meta name=\"twitter:label1\" content=\"Est. reading time\" \/>\n\t<meta name=\"twitter:data1\" content=\"2 minutes\" \/>\n<script type=\"application\/ld+json\" class=\"yoast-schema-graph\">{\"@context\":\"https:\\\/\\\/schema.org\",\"@graph\":[{\"@type\":\"WebPage\",\"@id\":\"https:\\\/\\\/tewa.dk\\\/en\\\/\",\"url\":\"https:\\\/\\\/tewa.dk\\\/en\\\/\",\"name\":\"Tewa ApS tilbyder trykkeri samt produktion af CD, DVD og Blu-ray | Tewa\",\"isPartOf\":{\"@id\":\"https:\\\/\\\/tewa.webserver10.dk\\\/#website\"},\"datePublished\":\"2020-02-12T07:51:30+00:00\",\"dateModified\":\"2024-11-19T13:39:07+00:00\",\"description\":\"Tewa ApS tilbyder trykkeri samt produktion af CD, DVD og Blu-ray. Contact Tewa today!\",\"breadcrumb\":{\"@id\":\"https:\\\/\\\/tewa.dk\\\/en\\\/#breadcrumb\"},\"inLanguage\":\"en-US\",\"potentialAction\":[{\"@type\":\"ReadAction\",\"target\":[\"https:\\\/\\\/tewa.dk\\\/en\\\/\"]}]},{\"@type\":\"BreadcrumbList\",\"@id\":\"https:\\\/\\\/tewa.dk\\\/en\\\/#breadcrumb\",\"itemListElement\":[{\"@type\":\"ListItem\",\"position\":1,\"name\":\"Forside\",\"item\":\"https:\\\/\\\/tewa.dk\\\/en\\\/\"},{\"@type\":\"ListItem\",\"position\":2,\"name\":\"Home page\"}]},{\"@type\":\"WebSite\",\"@id\":\"https:\\\/\\\/tewa.webserver10.dk\\\/#website\",\"url\":\"https:\\\/\\\/tewa.webserver10.dk\\\/\",\"name\":\"Tewa\",\"description\":\"Tewa ApS tilbyder trykkeri samt produktion af CD, DVD og Blu-ray\",\"publisher\":{\"@id\":\"https:\\\/\\\/tewa.webserver10.dk\\\/#organization\"},\"potentialAction\":[{\"@type\":\"SearchAction\",\"target\":{\"@type\":\"EntryPoint\",\"urlTemplate\":\"https:\\\/\\\/tewa.webserver10.dk\\\/?s={search_term_string}\"},\"query-input\":{\"@type\":\"PropertyValueSpecification\",\"valueRequired\":true,\"valueName\":\"search_term_string\"}}],\"inLanguage\":\"en-US\"},{\"@type\":\"Organization\",\"@id\":\"https:\\\/\\\/tewa.webserver10.dk\\\/#organization\",\"name\":\"Tewa\",\"url\":\"https:\\\/\\\/tewa.webserver10.dk\\\/\",\"logo\":{\"@type\":\"ImageObject\",\"inLanguage\":\"en-US\",\"@id\":\"https:\\\/\\\/tewa.webserver10.dk\\\/#\\\/schema\\\/logo\\\/image\\\/\",\"url\":\"https:\\\/\\\/tewa.dk\\\/wp-content\\\/uploads\\\/2024\\\/08\\\/logo.png\",\"contentUrl\":\"https:\\\/\\\/tewa.dk\\\/wp-content\\\/uploads\\\/2024\\\/08\\\/logo.png\",\"width\":149,\"height\":62,\"caption\":\"Tewa\"},\"image\":{\"@id\":\"https:\\\/\\\/tewa.webserver10.dk\\\/#\\\/schema\\\/logo\\\/image\\\/\"}}]}<\/script>\n<!-- \/ Yoast SEO plugin. -->","yoast_head_json":{"title":"Tewa ApS tilbyder trykkeri samt produktion af CD, DVD og Blu-ray | Tewa","description":"Tewa ApS tilbyder trykkeri samt produktion af CD, DVD og Blu-ray. Contact Tewa today!","robots":{"index":"index","follow":"follow","max-snippet":"max-snippet:-1","max-image-preview":"max-image-preview:large","max-video-preview":"max-video-preview:-1"},"canonical":"https:\/\/tewa.dk\/en\/","og_locale":"en_US","og_type":"article","og_title":"Tewa ApS tilbyder trykkeri samt produktion af CD, DVD og Blu-ray | Tewa","og_description":"Tewa ApS tilbyder trykkeri samt produktion af CD, DVD og Blu-ray. Contact Tewa today!","og_url":"https:\/\/tewa.dk\/en\/","og_site_name":"Tewa","article_modified_time":"2024-11-19T13:39:07+00:00","twitter_card":"summary_large_image","twitter_misc":{"Est. reading time":"2 minutes"},"schema":{"@context":"https:\/\/schema.org","@graph":[{"@type":"WebPage","@id":"https:\/\/tewa.dk\/en\/","url":"https:\/\/tewa.dk\/en\/","name":"Tewa ApS tilbyder trykkeri samt produktion af CD, DVD og Blu-ray | Tewa","isPartOf":{"@id":"https:\/\/tewa.webserver10.dk\/#website"},"datePublished":"2020-02-12T07:51:30+00:00","dateModified":"2024-11-19T13:39:07+00:00","description":"Tewa ApS tilbyder trykkeri samt produktion af CD, DVD og Blu-ray. Contact Tewa today!","breadcrumb":{"@id":"https:\/\/tewa.dk\/en\/#breadcrumb"},"inLanguage":"en-US","potentialAction":[{"@type":"ReadAction","target":["https:\/\/tewa.dk\/en\/"]}]},{"@type":"BreadcrumbList","@id":"https:\/\/tewa.dk\/en\/#breadcrumb","itemListElement":[{"@type":"ListItem","position":1,"name":"Forside","item":"https:\/\/tewa.dk\/en\/"},{"@type":"ListItem","position":2,"name":"Home page"}]},{"@type":"WebSite","@id":"https:\/\/tewa.webserver10.dk\/#website","url":"https:\/\/tewa.webserver10.dk\/","name":"Tewa","description":"Tewa ApS tilbyder trykkeri samt produktion af CD, DVD og Blu-ray","publisher":{"@id":"https:\/\/tewa.webserver10.dk\/#organization"},"potentialAction":[{"@type":"SearchAction","target":{"@type":"EntryPoint","urlTemplate":"https:\/\/tewa.webserver10.dk\/?s={search_term_string}"},"query-input":{"@type":"PropertyValueSpecification","valueRequired":true,"valueName":"search_term_string"}}],"inLanguage":"en-US"},{"@type":"Organization","@id":"https:\/\/tewa.webserver10.dk\/#organization","name":"Tewa","url":"https:\/\/tewa.webserver10.dk\/","logo":{"@type":"ImageObject","inLanguage":"en-US","@id":"https:\/\/tewa.webserver10.dk\/#\/schema\/logo\/image\/","url":"https:\/\/tewa.dk\/wp-content\/uploads\/2024\/08\/logo.png","contentUrl":"https:\/\/tewa.dk\/wp-content\/uploads\/2024\/08\/logo.png","width":149,"height":62,"caption":"Tewa"},"image":{"@id":"https:\/\/tewa.webserver10.dk\/#\/schema\/logo\/image\/"}}]}},"_links":{"self":[{"href":"https:\/\/tewa.dk\/en\/wp-json\/wp\/v2\/pages\/9389","targetHints":{"allow":["GET"]}}],"collection":[{"href":"https:\/\/tewa.dk\/en\/wp-json\/wp\/v2\/pages"}],"about":[{"href":"https:\/\/tewa.dk\/en\/wp-json\/wp\/v2\/types\/page"}],"author":[{"embeddable":true,"href":"https:\/\/tewa.dk\/en\/wp-json\/wp\/v2\/users\/1"}],"replies":[{"embeddable":true,"href":"https:\/\/tewa.dk\/en\/wp-json\/wp\/v2\/comments?post=9389"}],"version-history":[{"count":9,"href":"https:\/\/tewa.dk\/en\/wp-json\/wp\/v2\/pages\/9389\/revisions"}],"predecessor-version":[{"id":9535,"href":"https:\/\/tewa.dk\/en\/wp-json\/wp\/v2\/pages\/9389\/revisions\/9535"}],"wp:attachment":[{"href":"https:\/\/tewa.dk\/en\/wp-json\/wp\/v2\/media?parent=9389"}],"wp:term":[{"taxonomy":"category","embeddable":true,"href":"https:\/\/tewa.dk\/en\/wp-json\/wp\/v2\/categories?post=9389"}],"curies":[{"name":"wp","href":"https:\/\/api.w.org\/{rel}","templated":true}]}}