{"id":9632,"date":"2024-09-09T13:41:31","date_gmt":"2024-09-09T11:41:31","guid":{"rendered":"https:\/\/tewa.dk\/we-offer-professional-banners-for-your-business\/"},"modified":"2025-01-08T22:27:44","modified_gmt":"2025-01-08T21:27:44","slug":"we-offer-professional-banners-for-your-business","status":"publish","type":"page","link":"https:\/\/tewa.dk\/en\/we-offer-professional-banners-for-your-business\/","title":{"rendered":"We offer professional banners for your business"},"content":{"rendered":"\t\t<div data-elementor-type=\"wp-page\" data-elementor-id=\"9632\" class=\"elementor elementor-9632 elementor-8952\" data-elementor-post-type=\"page\">\n\t\t\t\t<div class=\"elementor-element elementor-element-5d359d7d e-con-full no-padding e-flex e-con e-parent\" data-id=\"5d359d7d\" data-element_type=\"container\">\n\t\t\t\t<div class=\"elementor-element elementor-element-359cdb19 elementor-widget elementor-widget-shortcode\" data-id=\"359cdb19\" data-element_type=\"widget\" data-widget_type=\"shortcode.default\">\n\t\t\t\t<div class=\"elementor-widget-container\">\n\t\t\t\t\t<div class=\"elementor-shortcode\">\t\t<div data-elementor-type=\"container\" data-elementor-id=\"6542\" class=\"elementor elementor-6542\" data-elementor-post-type=\"elementor_library\">\n\t\t\t\t<div class=\"elementor-element elementor-element-2bc4b5ab white e-flex e-con-boxed e-con e-parent\" data-id=\"2bc4b5ab\" data-element_type=\"container\" data-settings=\"{&quot;background_background&quot;:&quot;classic&quot;}\">\n\t\t\t\t\t<div class=\"e-con-inner\">\n\t\t\t\t\t<\/div>\n\t\t\t\t<\/div>\n\t\t\t\t<\/div>\n\t\t<\/div>\n\t\t\t\t<\/div>\n\t\t\t\t<\/div>\n\t\t\t\t<\/div>\n\t\t<div class=\"elementor-element elementor-element-2c98ac07 e-flex e-con-boxed e-con e-parent\" data-id=\"2c98ac07\" data-element_type=\"container\">\n\t\t\t\t\t<div class=\"e-con-inner\">\n\t\t<div class=\"elementor-element elementor-element-21ac9750 e-con-full e-flex e-con e-child\" data-id=\"21ac9750\" data-element_type=\"container\">\n\t\t\t\t<div class=\"elementor-element elementor-element-1c9455fe elementor-widget elementor-widget-text-editor\" data-id=\"1c9455fe\" data-element_type=\"widget\" data-widget_type=\"text-editor.default\">\n\t\t\t\t<div class=\"elementor-widget-container\">\n\t\t\t\t\t\t\t<h2>Your effective solution for visible marketing<\/h2>\n\t\t\t\t\t\t<\/div>\n\t\t\t\t<\/div>\n\t\t\t\t<div class=\"elementor-element elementor-element-28bc9db4 elementor-widget-divider--view-line elementor-widget elementor-widget-divider\" data-id=\"28bc9db4\" data-element_type=\"widget\" data-widget_type=\"divider.default\">\n\t\t\t\t<div class=\"elementor-widget-container\">\n\t\t\t\t\t<div class=\"elementor-divider\">\n\t\t\t<span class=\"elementor-divider-separator\">\n\t\t\t\t\t\t<\/span>\n\t\t<\/div>\n\t\t\t\t<\/div>\n\t\t\t\t<\/div>\n\t\t\t\t<\/div>\n\t\t<div class=\"elementor-element elementor-element-21542ee1 e-con-full e-flex e-con e-child\" data-id=\"21542ee1\" data-element_type=\"container\">\n\t\t\t\t<div class=\"elementor-element elementor-element-2c73459d elementor-widget elementor-widget-text-editor\" data-id=\"2c73459d\" data-element_type=\"widget\" data-widget_type=\"text-editor.default\">\n\t\t\t\t<div class=\"elementor-widget-container\">\n\t\t\t\t\t\t\t<p>At TEWA, we offer banners that attract attention and present your business professionally. Banners are an effective way to promote your message &#8211; both indoors and outdoors. Whether you need a large banner for a facade, an advertising print for a trade fair or a banner for a shop window, we deliver banners that catch the eye and withstand both wind and weather. At TEWA, we have experience in producing banners for many different purposes. We can deliver everything from large facade prints to smaller advertising banners to hang indoors.<\/p>\n<p>Our banners are available in a wide range of sizes and materials, so you can get exactly the solution that fits your business needs. We can also customize the design to reflect your company&#8217;s visual identity and message. We know how important it is that your banners look good and last a long time. That&#8217;s why we use durable materials that ensure your banners can withstand wind, rain and sunlight without losing their colors. Our printing technology guarantees crisp colors, clear images and a high level of detail, so your message is razor sharp whether the banner is hung outdoors or indoors.<\/p>\n<h3>Banners that grab attention<\/h3>\n<p>Banners are an ideal solution when you want to create remote visibility and attract customers. They are perfect for outdoor advertising, where they can be used to highlight your business on facades, construction projects or events. Indoors, banners can be used for trade shows, in-store decoration or campaigns where they can give clear and distinct messages. With banners from TEWA, you get a marketing solution that reaches many people and increases your visibility.<\/p>\n<p>At TEWA, we place great emphasis on flexibility when producing banners. We offer a wide range of design options so you can get exactly the look you want. Our banners can be supplied with reinforced edges, eyelets for hanging or pockets for poles, making them easy to set up and take down. We make sure your banners are easy to handle and can be used again and again.<\/p>\n<h3>Fast delivery and great quality &#8211; contact us today<\/h3>\n<p>We know that getting your banners quickly can be crucial, especially if they are to be used for a specific campaign or event. That&#8217;s why we offer fast delivery without compromising on quality. At TEWA, we prioritize personal service and are happy to guide you through the entire process &#8211; from idea to finished product. We ensure that your banners meet your requirements and become an effective part of your marketing.<\/p>\n<p>Interested in banners that make your business more visible? TEWA is ready to help you find the right solution to match your needs and corporate style. <a href=\"https:\/\/tewa.dk\/kontakt\/\">Contact us<\/a> today for a no-obligation quote! Call <a href=\"tel:98631100\">98 63 11 00<\/a> or send an email to <a href=\"mailto:tewa@tewa.dk\">tewa@tewa.dk<\/a> and together we will find the perfect banner for your next campaign or event.<\/p>\n\t\t\t\t\t\t<\/div>\n\t\t\t\t<\/div>\n\t\t\t\t<\/div>\n\t\t<div class=\"elementor-element elementor-element-2ddc170c e-con-full e-flex e-con e-child\" data-id=\"2ddc170c\" data-element_type=\"container\">\n\t\t\t\t<div class=\"elementor-element elementor-element-7d10c56b dark elementor-widget elementor-widget-sidebar\" data-id=\"7d10c56b\" data-element_type=\"widget\" data-widget_type=\"sidebar.default\">\n\t\t\t\t<div class=\"elementor-widget-container\">\n\t\t\t<aside id=\"text-10\" class=\"widget-odd widget-first widget-1 widget inner-padding widget_text\"><h2 class=\"widget-title\">Vil du h\u00f8re mere?<\/h2>\t\t\t<div class=\"textwidget\"><p>Udfyld formularen og vi kontakter dig hurtigst muligt.<\/p>\n<\/div>\n\t\t<\/aside><aside id=\"forminator_widget-2\" class=\"widget-even widget-last widget-2 widget inner-padding widget_forminator_widget\"><form id=\"forminator-module-199\" class=\"forminator-custom-form forminator-custom-form-199\" method=\"post\" data-forminator-render=\"0\" data-uid=\"69e733178ee20\"><div role=\"alert\" aria-live=\"polite\" class=\"forminator-response-message forminator-error\" aria-hidden=\"true\"><\/div><\/form><\/aside>\t\t<\/div>\n\t\t\t\t<\/div>\n\t\t\t\t<\/div>\n\t\t<div class=\"elementor-element elementor-element-31e692b e-con-full e-flex e-con e-child\" data-id=\"31e692b\" data-element_type=\"container\">\n\t\t\t\t<div class=\"elementor-element elementor-element-55282f8 elementor-widget elementor-widget-gallery\" data-id=\"55282f8\" data-element_type=\"widget\" data-settings=\"{&quot;columns_mobile&quot;:2,&quot;aspect_ratio&quot;:&quot;4:3&quot;,&quot;lazyload&quot;:&quot;yes&quot;,&quot;gallery_layout&quot;:&quot;grid&quot;,&quot;columns&quot;:4,&quot;columns_tablet&quot;:2,&quot;gap&quot;:{&quot;unit&quot;:&quot;px&quot;,&quot;size&quot;:10,&quot;sizes&quot;:[]},&quot;gap_laptop&quot;:{&quot;unit&quot;:&quot;px&quot;,&quot;size&quot;:10,&quot;sizes&quot;:[]},&quot;gap_tablet&quot;:{&quot;unit&quot;:&quot;px&quot;,&quot;size&quot;:10,&quot;sizes&quot;:[]},&quot;gap_mobile&quot;:{&quot;unit&quot;:&quot;px&quot;,&quot;size&quot;:10,&quot;sizes&quot;:[]},&quot;link_to&quot;:&quot;file&quot;,&quot;overlay_background&quot;:&quot;yes&quot;,&quot;content_hover_animation&quot;:&quot;fade-in&quot;}\" data-widget_type=\"gallery.default\">\n\t\t\t\t<div class=\"elementor-widget-container\">\n\t\t\t\t\t<div class=\"elementor-gallery__container\">\n\t\t\t\t\t\t\t<a class=\"e-gallery-item elementor-gallery-item elementor-animated-content\" href=\"https:\/\/tewa.dk\/wp-content\/uploads\/2025\/01\/IMG_6391-scaled.jpg\" data-elementor-open-lightbox=\"yes\" data-elementor-lightbox-slideshow=\"55282f8\" data-e-action-hash=\"#elementor-action%3Aaction%3Dlightbox%26settings%3DeyJpZCI6OTU5NSwidXJsIjoiaHR0cHM6XC9cL3Rld2EuZGtcL3dwLWNvbnRlbnRcL3VwbG9hZHNcLzIwMjVcLzAxXC9JTUdfNjM5MS1zY2FsZWQuanBnIiwic2xpZGVzaG93IjoiNTUyODJmOCJ9\" data-rel=\"-image-0\" data-rl_title=\"\" data-rl_caption=\"\" title=\"\">\n\t\t\t\t\t<div class=\"e-gallery-image elementor-gallery-item__image\" data-thumbnail=\"https:\/\/tewa.dk\/wp-content\/uploads\/2025\/01\/IMG_6391-scaled.jpg\" data-width=\"2048\" data-height=\"1536\" aria-label=\"\" role=\"img\" ><\/div>\n\t\t\t\t\t\t\t\t\t\t\t<div class=\"elementor-gallery-item__overlay\"><\/div>\n\t\t\t\t\t\t\t\t\t\t\t\t\t\t<\/a>\n\t\t\t\t\t\t\t<a class=\"e-gallery-item elementor-gallery-item elementor-animated-content\" href=\"https:\/\/tewa.dk\/wp-content\/uploads\/2024\/09\/download-kopi.png\" data-elementor-open-lightbox=\"yes\" data-elementor-lightbox-slideshow=\"55282f8\" data-e-action-hash=\"#elementor-action%3Aaction%3Dlightbox%26settings%3DeyJpZCI6ODkwNywidXJsIjoiaHR0cHM6XC9cL3Rld2EuZGtcL3dwLWNvbnRlbnRcL3VwbG9hZHNcLzIwMjRcLzA5XC9kb3dubG9hZC1rb3BpLnBuZyIsInNsaWRlc2hvdyI6IjU1MjgyZjgifQ%3D%3D\" data-rel=\"-image-1\" data-rl_title=\"\" data-rl_caption=\"\" title=\"\">\n\t\t\t\t\t<div class=\"e-gallery-image elementor-gallery-item__image\" data-thumbnail=\"https:\/\/tewa.dk\/wp-content\/uploads\/2024\/09\/download-kopi.png\" data-width=\"481\" data-height=\"640\" aria-label=\"\" role=\"img\" ><\/div>\n\t\t\t\t\t\t\t\t\t\t\t<div class=\"elementor-gallery-item__overlay\"><\/div>\n\t\t\t\t\t\t\t\t\t\t\t\t\t\t<\/a>\n\t\t\t\t\t\t\t<a class=\"e-gallery-item elementor-gallery-item elementor-animated-content\" href=\"https:\/\/tewa.dk\/wp-content\/uploads\/2024\/09\/download.png\" data-elementor-open-lightbox=\"yes\" data-elementor-lightbox-slideshow=\"55282f8\" data-e-action-hash=\"#elementor-action%3Aaction%3Dlightbox%26settings%3DeyJpZCI6ODkwMSwidXJsIjoiaHR0cHM6XC9cL3Rld2EuZGtcL3dwLWNvbnRlbnRcL3VwbG9hZHNcLzIwMjRcLzA5XC9kb3dubG9hZC5wbmciLCJzbGlkZXNob3ciOiI1NTI4MmY4In0%3D\" data-rel=\"-image-2\" data-rl_title=\"\" data-rl_caption=\"\" title=\"\">\n\t\t\t\t\t<div class=\"e-gallery-image elementor-gallery-item__image\" data-thumbnail=\"https:\/\/tewa.dk\/wp-content\/uploads\/2024\/09\/download.png\" data-width=\"480\" data-height=\"640\" aria-label=\"\" role=\"img\" ><\/div>\n\t\t\t\t\t\t\t\t\t\t\t<div class=\"elementor-gallery-item__overlay\"><\/div>\n\t\t\t\t\t\t\t\t\t\t\t\t\t\t<\/a>\n\t\t\t\t\t\t\t<a class=\"e-gallery-item elementor-gallery-item elementor-animated-content\" href=\"https:\/\/tewa.dk\/wp-content\/uploads\/2024\/11\/IMG_3659-scaled.jpg\" data-elementor-open-lightbox=\"yes\" data-elementor-lightbox-slideshow=\"55282f8\" data-e-action-hash=\"#elementor-action%3Aaction%3Dlightbox%26settings%3DeyJpZCI6OTI2MiwidXJsIjoiaHR0cHM6XC9cL3Rld2EuZGtcL3dwLWNvbnRlbnRcL3VwbG9hZHNcLzIwMjRcLzExXC9JTUdfMzY1OS1zY2FsZWQuanBnIiwic2xpZGVzaG93IjoiNTUyODJmOCJ9\" data-rel=\"-image-3\" data-rl_title=\"\" data-rl_caption=\"\" title=\"\">\n\t\t\t\t\t<div class=\"e-gallery-image elementor-gallery-item__image\" data-thumbnail=\"https:\/\/tewa.dk\/wp-content\/uploads\/2024\/11\/IMG_3659-scaled.jpg\" data-width=\"2048\" data-height=\"1536\" aria-label=\"\" role=\"img\" ><\/div>\n\t\t\t\t\t\t\t\t\t\t\t<div class=\"elementor-gallery-item__overlay\"><\/div>\n\t\t\t\t\t\t\t\t\t\t\t\t\t\t<\/a>\n\t\t\t\t\t<\/div>\n\t\t\t<\/div>\n\t\t\t\t<\/div>\n\t\t\t\t<\/div>\n\t\t\t\t\t<\/div>\n\t\t\t\t<\/div>\n\t\t<div class=\"elementor-element elementor-element-6450e2ae e-con-full no-padding e-flex e-con e-parent\" data-id=\"6450e2ae\" data-element_type=\"container\">\n\t\t\t\t<div class=\"elementor-element elementor-element-42f2557d elementor-widget elementor-widget-shortcode\" data-id=\"42f2557d\" data-element_type=\"widget\" data-widget_type=\"shortcode.default\">\n\t\t\t\t<div class=\"elementor-widget-container\">\n\t\t\t\t\t<div class=\"elementor-shortcode\">\t\t<div data-elementor-type=\"container\" data-elementor-id=\"5414\" class=\"elementor elementor-5414\" data-elementor-post-type=\"elementor_library\">\n\t\t\t\t<div class=\"elementor-element elementor-element-351e1a22 overlay e-flex e-con-boxed e-con e-parent\" data-id=\"351e1a22\" data-element_type=\"container\" data-settings=\"{&quot;background_background&quot;:&quot;classic&quot;}\">\n\t\t\t\t\t<div class=\"e-con-inner\">\n\t\t<div class=\"elementor-element elementor-element-3420f2bf e-con-full e-flex e-con e-child\" data-id=\"3420f2bf\" data-element_type=\"container\">\n\t\t<div class=\"elementor-element elementor-element-81ac92b e-con-full padding e-flex e-con e-child\" data-id=\"81ac92b\" data-element_type=\"container\" data-settings=\"{&quot;background_background&quot;:&quot;classic&quot;}\">\n\t\t\t\t<div class=\"elementor-element elementor-element-501edf0 elementor-widget elementor-widget-text-editor\" data-id=\"501edf0\" data-element_type=\"widget\" data-widget_type=\"text-editor.default\">\n\t\t\t\t<div class=\"elementor-widget-container\">\n\t\t\t\t\t\t\t<h3 style=\"text-align: center;\">Kontakt Tewa ApS<\/h3><h4 style=\"text-align: center;\">Har du sp\u00f8rgsm\u00e5l? Kontakt os og lad os tage en uforpligtende snak<\/h4><p style=\"text-align: center;\">Vi sidder klar til at besvare ethvert sp\u00f8rgsm\u00e5l, du m\u00e5tte have, som du ikke f\u00e5r besvaret her p\u00e5 hjemmesiden. S\u00e5 t\u00f8v ikke med at ringe eller skrive til os. Vi tager med gl\u00e6de en helt uforpligtende snak med dig om dine planer.<\/p>\t\t\t\t\t\t<\/div>\n\t\t\t\t<\/div>\n\t\t\t\t<div class=\"elementor-element elementor-element-79078d9e cta elementor-align-center elementor-widget elementor-widget-button\" data-id=\"79078d9e\" data-element_type=\"widget\" data-widget_type=\"button.default\">\n\t\t\t\t<div class=\"elementor-widget-container\">\n\t\t\t\t\t\t\t<div class=\"elementor-button-wrapper\">\n\t\t\t\t\t<a class=\"elementor-button elementor-button-link elementor-size-sm\" href=\"\/kontakt\/\">\n\t\t\t\t\t\t<span class=\"elementor-button-content-wrapper\">\n\t\t\t\t\t\t\t\t\t<span class=\"elementor-button-text\">Skriv til os her<\/span>\n\t\t\t\t\t<\/span>\n\t\t\t\t\t<\/a>\n\t\t\t\t<\/div>\n\t\t\t\t\t\t<\/div>\n\t\t\t\t<\/div>\n\t\t\t\t<\/div>\n\t\t\t\t<\/div>\n\t\t\t\t\t<\/div>\n\t\t\t\t<\/div>\n\t\t\t\t<\/div>\n\t\t<\/div>\n\t\t\t\t<\/div>\n\t\t\t\t<\/div>\n\t\t\t\t<\/div>\n\t\t\t\t<\/div>\n\t\t","protected":false},"excerpt":{"rendered":"<p>Your effective solution for visible marketing At TEWA, we offer banners that attract attention and present your business professionally. Banners are an effective way to promote your message &#8211; both indoors and outdoors. Whether you need a large banner for a facade, an advertising print for a trade fair or a banner for a shop &#8230; <a title=\"We offer professional banners for your business\" class=\"read-more\" href=\"https:\/\/tewa.dk\/en\/we-offer-professional-banners-for-your-business\/\" aria-label=\"Read more about We offer professional banners for your business\">Read more<\/a><\/p>\n","protected":false},"author":6,"featured_media":0,"parent":0,"menu_order":0,"comment_status":"closed","ping_status":"closed","template":"","meta":{"_acf_changed":false,"footnotes":""},"categories":[],"class_list":["post-9632","page","type-page","status-publish"],"acf":[],"yoast_head":"<!-- This site is optimized with the Yoast SEO plugin v27.4 - https:\/\/yoast.com\/product\/yoast-seo-wordpress\/ -->\n<title>We offer professional banners for your business | Tewa<\/title>\n<meta name=\"robots\" content=\"index, follow, max-snippet:-1, max-image-preview:large, max-video-preview:-1\" \/>\n<link rel=\"canonical\" href=\"https:\/\/tewa.dk\/en\/we-offer-professional-banners-for-your-business\/\" \/>\n<meta property=\"og:locale\" content=\"en_US\" \/>\n<meta property=\"og:type\" content=\"article\" \/>\n<meta property=\"og:title\" content=\"We offer professional banners for your business | Tewa\" \/>\n<meta property=\"og:description\" content=\"Your effective solution for visible marketing At TEWA, we offer banners that attract attention and present your business professionally. Banners are an effective way to promote your message &#8211; both indoors and outdoors. Whether you need a large banner for a facade, an advertising print for a trade fair or a banner for a shop ... Read more\" \/>\n<meta property=\"og:url\" content=\"https:\/\/tewa.dk\/en\/we-offer-professional-banners-for-your-business\/\" \/>\n<meta property=\"og:site_name\" content=\"Tewa\" \/>\n<meta property=\"article:modified_time\" content=\"2025-01-08T21:27:44+00:00\" \/>\n<meta name=\"twitter:card\" content=\"summary_large_image\" \/>\n<meta name=\"twitter:label1\" content=\"Est. reading time\" \/>\n\t<meta name=\"twitter:data1\" content=\"2 minutes\" \/>\n<script type=\"application\/ld+json\" class=\"yoast-schema-graph\">{\"@context\":\"https:\\\/\\\/schema.org\",\"@graph\":[{\"@type\":\"WebPage\",\"@id\":\"https:\\\/\\\/tewa.dk\\\/en\\\/we-offer-professional-banners-for-your-business\\\/\",\"url\":\"https:\\\/\\\/tewa.dk\\\/en\\\/we-offer-professional-banners-for-your-business\\\/\",\"name\":\"We offer professional banners for your business | Tewa\",\"isPartOf\":{\"@id\":\"https:\\\/\\\/tewa.webserver10.dk\\\/#website\"},\"datePublished\":\"2024-09-09T11:41:31+00:00\",\"dateModified\":\"2025-01-08T21:27:44+00:00\",\"breadcrumb\":{\"@id\":\"https:\\\/\\\/tewa.dk\\\/en\\\/we-offer-professional-banners-for-your-business\\\/#breadcrumb\"},\"inLanguage\":\"en-US\",\"potentialAction\":[{\"@type\":\"ReadAction\",\"target\":[\"https:\\\/\\\/tewa.dk\\\/en\\\/we-offer-professional-banners-for-your-business\\\/\"]}]},{\"@type\":\"BreadcrumbList\",\"@id\":\"https:\\\/\\\/tewa.dk\\\/en\\\/we-offer-professional-banners-for-your-business\\\/#breadcrumb\",\"itemListElement\":[{\"@type\":\"ListItem\",\"position\":1,\"name\":\"Forside\",\"item\":\"https:\\\/\\\/tewa.dk\\\/en\\\/\"},{\"@type\":\"ListItem\",\"position\":2,\"name\":\"We offer professional banners for your business\"}]},{\"@type\":\"WebSite\",\"@id\":\"https:\\\/\\\/tewa.webserver10.dk\\\/#website\",\"url\":\"https:\\\/\\\/tewa.webserver10.dk\\\/\",\"name\":\"Tewa\",\"description\":\"Tewa ApS tilbyder trykkeri samt produktion af CD, DVD og Blu-ray\",\"publisher\":{\"@id\":\"https:\\\/\\\/tewa.webserver10.dk\\\/#organization\"},\"potentialAction\":[{\"@type\":\"SearchAction\",\"target\":{\"@type\":\"EntryPoint\",\"urlTemplate\":\"https:\\\/\\\/tewa.webserver10.dk\\\/?s={search_term_string}\"},\"query-input\":{\"@type\":\"PropertyValueSpecification\",\"valueRequired\":true,\"valueName\":\"search_term_string\"}}],\"inLanguage\":\"en-US\"},{\"@type\":\"Organization\",\"@id\":\"https:\\\/\\\/tewa.webserver10.dk\\\/#organization\",\"name\":\"Tewa\",\"url\":\"https:\\\/\\\/tewa.webserver10.dk\\\/\",\"logo\":{\"@type\":\"ImageObject\",\"inLanguage\":\"en-US\",\"@id\":\"https:\\\/\\\/tewa.webserver10.dk\\\/#\\\/schema\\\/logo\\\/image\\\/\",\"url\":\"https:\\\/\\\/tewa.dk\\\/wp-content\\\/uploads\\\/2024\\\/08\\\/logo.png\",\"contentUrl\":\"https:\\\/\\\/tewa.dk\\\/wp-content\\\/uploads\\\/2024\\\/08\\\/logo.png\",\"width\":149,\"height\":62,\"caption\":\"Tewa\"},\"image\":{\"@id\":\"https:\\\/\\\/tewa.webserver10.dk\\\/#\\\/schema\\\/logo\\\/image\\\/\"}}]}<\/script>\n<!-- \/ Yoast SEO plugin. -->","yoast_head_json":{"title":"We offer professional banners for your business | Tewa","robots":{"index":"index","follow":"follow","max-snippet":"max-snippet:-1","max-image-preview":"max-image-preview:large","max-video-preview":"max-video-preview:-1"},"canonical":"https:\/\/tewa.dk\/en\/we-offer-professional-banners-for-your-business\/","og_locale":"en_US","og_type":"article","og_title":"We offer professional banners for your business | Tewa","og_description":"Your effective solution for visible marketing At TEWA, we offer banners that attract attention and present your business professionally. Banners are an effective way to promote your message &#8211; both indoors and outdoors. Whether you need a large banner for a facade, an advertising print for a trade fair or a banner for a shop ... Read more","og_url":"https:\/\/tewa.dk\/en\/we-offer-professional-banners-for-your-business\/","og_site_name":"Tewa","article_modified_time":"2025-01-08T21:27:44+00:00","twitter_card":"summary_large_image","twitter_misc":{"Est. reading time":"2 minutes"},"schema":{"@context":"https:\/\/schema.org","@graph":[{"@type":"WebPage","@id":"https:\/\/tewa.dk\/en\/we-offer-professional-banners-for-your-business\/","url":"https:\/\/tewa.dk\/en\/we-offer-professional-banners-for-your-business\/","name":"We offer professional banners for your business | Tewa","isPartOf":{"@id":"https:\/\/tewa.webserver10.dk\/#website"},"datePublished":"2024-09-09T11:41:31+00:00","dateModified":"2025-01-08T21:27:44+00:00","breadcrumb":{"@id":"https:\/\/tewa.dk\/en\/we-offer-professional-banners-for-your-business\/#breadcrumb"},"inLanguage":"en-US","potentialAction":[{"@type":"ReadAction","target":["https:\/\/tewa.dk\/en\/we-offer-professional-banners-for-your-business\/"]}]},{"@type":"BreadcrumbList","@id":"https:\/\/tewa.dk\/en\/we-offer-professional-banners-for-your-business\/#breadcrumb","itemListElement":[{"@type":"ListItem","position":1,"name":"Forside","item":"https:\/\/tewa.dk\/en\/"},{"@type":"ListItem","position":2,"name":"We offer professional banners for your business"}]},{"@type":"WebSite","@id":"https:\/\/tewa.webserver10.dk\/#website","url":"https:\/\/tewa.webserver10.dk\/","name":"Tewa","description":"Tewa ApS tilbyder trykkeri samt produktion af CD, DVD og Blu-ray","publisher":{"@id":"https:\/\/tewa.webserver10.dk\/#organization"},"potentialAction":[{"@type":"SearchAction","target":{"@type":"EntryPoint","urlTemplate":"https:\/\/tewa.webserver10.dk\/?s={search_term_string}"},"query-input":{"@type":"PropertyValueSpecification","valueRequired":true,"valueName":"search_term_string"}}],"inLanguage":"en-US"},{"@type":"Organization","@id":"https:\/\/tewa.webserver10.dk\/#organization","name":"Tewa","url":"https:\/\/tewa.webserver10.dk\/","logo":{"@type":"ImageObject","inLanguage":"en-US","@id":"https:\/\/tewa.webserver10.dk\/#\/schema\/logo\/image\/","url":"https:\/\/tewa.dk\/wp-content\/uploads\/2024\/08\/logo.png","contentUrl":"https:\/\/tewa.dk\/wp-content\/uploads\/2024\/08\/logo.png","width":149,"height":62,"caption":"Tewa"},"image":{"@id":"https:\/\/tewa.webserver10.dk\/#\/schema\/logo\/image\/"}}]}},"_links":{"self":[{"href":"https:\/\/tewa.dk\/en\/wp-json\/wp\/v2\/pages\/9632","targetHints":{"allow":["GET"]}}],"collection":[{"href":"https:\/\/tewa.dk\/en\/wp-json\/wp\/v2\/pages"}],"about":[{"href":"https:\/\/tewa.dk\/en\/wp-json\/wp\/v2\/types\/page"}],"author":[{"embeddable":true,"href":"https:\/\/tewa.dk\/en\/wp-json\/wp\/v2\/users\/6"}],"replies":[{"embeddable":true,"href":"https:\/\/tewa.dk\/en\/wp-json\/wp\/v2\/comments?post=9632"}],"version-history":[{"count":3,"href":"https:\/\/tewa.dk\/en\/wp-json\/wp\/v2\/pages\/9632\/revisions"}],"predecessor-version":[{"id":9657,"href":"https:\/\/tewa.dk\/en\/wp-json\/wp\/v2\/pages\/9632\/revisions\/9657"}],"wp:attachment":[{"href":"https:\/\/tewa.dk\/en\/wp-json\/wp\/v2\/media?parent=9632"}],"wp:term":[{"taxonomy":"category","embeddable":true,"href":"https:\/\/tewa.dk\/en\/wp-json\/wp\/v2\/categories?post=9632"}],"curies":[{"name":"wp","href":"https:\/\/api.w.org\/{rel}","templated":true}]}}