{"id":9636,"date":"2024-09-09T13:45:16","date_gmt":"2024-09-09T11:45:16","guid":{"rendered":"https:\/\/tewa.dk\/production-of-printed-boxes-at-tewa\/"},"modified":"2025-01-08T22:27:44","modified_gmt":"2025-01-08T21:27:44","slug":"production-of-printed-boxes-at-tewa","status":"publish","type":"page","link":"https:\/\/tewa.dk\/en\/production-of-printed-boxes-at-tewa\/","title":{"rendered":"Production of printed boxes at TEWA"},"content":{"rendered":"\t\t<div data-elementor-type=\"wp-page\" data-elementor-id=\"9636\" class=\"elementor elementor-9636 elementor-8956\" data-elementor-post-type=\"page\">\n\t\t\t\t<div class=\"elementor-element elementor-element-7b9d6751 e-con-full no-padding e-flex e-con e-parent\" data-id=\"7b9d6751\" data-element_type=\"container\">\n\t\t\t\t<div class=\"elementor-element elementor-element-32160ad4 elementor-widget elementor-widget-shortcode\" data-id=\"32160ad4\" data-element_type=\"widget\" data-widget_type=\"shortcode.default\">\n\t\t\t\t<div class=\"elementor-widget-container\">\n\t\t\t\t\t<div class=\"elementor-shortcode\">\t\t<div data-elementor-type=\"container\" data-elementor-id=\"6542\" class=\"elementor elementor-6542\" data-elementor-post-type=\"elementor_library\">\n\t\t\t\t<div class=\"elementor-element elementor-element-2bc4b5ab white e-flex e-con-boxed e-con e-parent\" data-id=\"2bc4b5ab\" data-element_type=\"container\" data-settings=\"{&quot;background_background&quot;:&quot;classic&quot;}\">\n\t\t\t\t\t<div class=\"e-con-inner\">\n\t\t\t\t\t<\/div>\n\t\t\t\t<\/div>\n\t\t\t\t<\/div>\n\t\t<\/div>\n\t\t\t\t<\/div>\n\t\t\t\t<\/div>\n\t\t\t\t<\/div>\n\t\t<div class=\"elementor-element elementor-element-58b3c0fb e-flex e-con-boxed e-con e-parent\" data-id=\"58b3c0fb\" data-element_type=\"container\">\n\t\t\t\t\t<div class=\"e-con-inner\">\n\t\t<div class=\"elementor-element elementor-element-34e316ef e-con-full e-flex e-con e-child\" data-id=\"34e316ef\" data-element_type=\"container\">\n\t\t\t\t<div class=\"elementor-element elementor-element-71b3699 elementor-widget elementor-widget-text-editor\" data-id=\"71b3699\" data-element_type=\"widget\" data-widget_type=\"text-editor.default\">\n\t\t\t\t<div class=\"elementor-widget-container\">\n\t\t\t\t\t\t\t<h2>Order boxes with your unique design<\/h2>\n\t\t\t\t\t\t<\/div>\n\t\t\t\t<\/div>\n\t\t\t\t<div class=\"elementor-element elementor-element-1f32d4f0 elementor-widget-divider--view-line elementor-widget elementor-widget-divider\" data-id=\"1f32d4f0\" data-element_type=\"widget\" data-widget_type=\"divider.default\">\n\t\t\t\t<div class=\"elementor-widget-container\">\n\t\t\t\t\t<div class=\"elementor-divider\">\n\t\t\t<span class=\"elementor-divider-separator\">\n\t\t\t\t\t\t<\/span>\n\t\t<\/div>\n\t\t\t\t<\/div>\n\t\t\t\t<\/div>\n\t\t\t\t<\/div>\n\t\t<div class=\"elementor-element elementor-element-7c73a09a e-con-full e-flex e-con e-child\" data-id=\"7c73a09a\" data-element_type=\"container\">\n\t\t\t\t<div class=\"elementor-element elementor-element-41141217 elementor-widget elementor-widget-text-editor\" data-id=\"41141217\" data-element_type=\"widget\" data-widget_type=\"text-editor.default\">\n\t\t\t\t<div class=\"elementor-widget-container\">\n\t\t\t\t\t\t\t<p>At TEWA, we specialize in the production of printed boxes that combine functionality with a professional and unique design. A printed box is not just practical packaging &#8211; it&#8217;s also an important part of your company&#8217;s visual identity. We create boxes that stand out and make a lasting impression on your customers. With our state-of-the-art printing technology, we can deliver boxes that fit your exact needs and support your brand.   <\/p>\n<p>When you choose printed boxes from TEWA, you have the opportunity to create a unique packaging solution that reflects your corporate identity. We offer a wide range of design options to customize the shape, color and material of your boxes. Whether you need elegant gift boxes, practical product boxes or packaging for special promotions, we can help you find the right solution. With a beautiful and well-executed print, your boxes can act as an effective advertising pillar that strengthens your company brand.   <\/p>\n<h3>High quality and precision in production<\/h3>\n<p>At TEWA, we never compromise on quality. We use durable materials and modern printing technology to ensure that your boxes not only look great but also stand up to use. We emphasize precision and make sure that the details are sharp, whether you choose a simple printing surface or a more complex design. Our quality assurance guarantees that the boxes live up to your expectations and give your products the presentation they deserve.   <\/p>\n<p>We know that not all needs are the same, which is why we offer a wide range of options when it comes to producing printed boxes. From small, exclusive gift boxes to larger product boxes, we can deliver boxes in all shapes and sizes. Our printing can include everything from logos and graphics to detailed illustrations, giving you packaging that accurately represents your business. We make sure your boxes reflect your message in the best possible way.   <\/p>\n<h3>Contact us and make your business stand out<\/h3>\n<p>At TEWA, we are ready to help you create printed boxes that give your products a great presentation and increase your visibility. We advise you throughout the entire process &#8211; from concept and design to the finished product &#8211; ensuring you get a packaging solution that meets your expectations. <\/p>\n<p>Do you want printed boxes that strengthen your corporate identity? <a href=\"https:\/\/tewa.dk\/kontakt\/\">Contact<\/a> TEWA today for a no-obligation quote! We&#8217;ll help you find the best solution for your needs and create boxes that make an impression. Call us on <a href=\"tel:98631100\">98 63 11 00<\/a> or send an email to <a href=\"mailto:tewa@tewa.dk\">tewa@tewa.dk<\/a> and together we will find the right packaging solution for you.  <\/p>\n\t\t\t\t\t\t<\/div>\n\t\t\t\t<\/div>\n\t\t\t\t<\/div>\n\t\t<div class=\"elementor-element elementor-element-2019825a e-con-full e-flex e-con e-child\" data-id=\"2019825a\" data-element_type=\"container\">\n\t\t\t\t<div class=\"elementor-element elementor-element-192f824 dark elementor-widget elementor-widget-sidebar\" data-id=\"192f824\" data-element_type=\"widget\" data-widget_type=\"sidebar.default\">\n\t\t\t\t<div class=\"elementor-widget-container\">\n\t\t\t<aside id=\"text-10\" class=\"widget-odd widget-first widget-1 widget inner-padding widget_text\"><h2 class=\"widget-title\">Vil du h\u00f8re mere?<\/h2>\t\t\t<div class=\"textwidget\"><p>Udfyld formularen og vi kontakter dig hurtigst muligt.<\/p>\n<\/div>\n\t\t<\/aside><aside id=\"forminator_widget-2\" class=\"widget-even widget-last widget-2 widget inner-padding widget_forminator_widget\"><form id=\"forminator-module-199\" class=\"forminator-custom-form forminator-custom-form-199\" method=\"post\" data-forminator-render=\"0\" data-uid=\"69ff3f7be17f7\"><div role=\"alert\" aria-live=\"polite\" class=\"forminator-response-message forminator-error\" aria-hidden=\"true\"><\/div><\/form><\/aside>\t\t<\/div>\n\t\t\t\t<\/div>\n\t\t\t\t<\/div>\n\t\t<div class=\"elementor-element elementor-element-df9fc18 e-con-full e-flex e-con e-child\" data-id=\"df9fc18\" data-element_type=\"container\">\n\t\t\t\t<div class=\"elementor-element elementor-element-2981019 elementor-widget elementor-widget-gallery\" data-id=\"2981019\" data-element_type=\"widget\" data-settings=\"{&quot;columns_mobile&quot;:2,&quot;aspect_ratio&quot;:&quot;4:3&quot;,&quot;lazyload&quot;:&quot;yes&quot;,&quot;gallery_layout&quot;:&quot;grid&quot;,&quot;columns&quot;:4,&quot;columns_tablet&quot;:2,&quot;gap&quot;:{&quot;unit&quot;:&quot;px&quot;,&quot;size&quot;:10,&quot;sizes&quot;:[]},&quot;gap_laptop&quot;:{&quot;unit&quot;:&quot;px&quot;,&quot;size&quot;:10,&quot;sizes&quot;:[]},&quot;gap_tablet&quot;:{&quot;unit&quot;:&quot;px&quot;,&quot;size&quot;:10,&quot;sizes&quot;:[]},&quot;gap_mobile&quot;:{&quot;unit&quot;:&quot;px&quot;,&quot;size&quot;:10,&quot;sizes&quot;:[]},&quot;link_to&quot;:&quot;file&quot;,&quot;overlay_background&quot;:&quot;yes&quot;,&quot;content_hover_animation&quot;:&quot;fade-in&quot;}\" data-widget_type=\"gallery.default\">\n\t\t\t\t<div class=\"elementor-widget-container\">\n\t\t\t\t\t<div class=\"elementor-gallery__container\">\n\t\t\t\t\t\t\t<a class=\"e-gallery-item elementor-gallery-item elementor-animated-content\" href=\"https:\/\/tewa.dk\/wp-content\/uploads\/2024\/09\/download-kopi-4.png\" data-elementor-open-lightbox=\"yes\" data-elementor-lightbox-slideshow=\"2981019\" data-e-action-hash=\"#elementor-action%3Aaction%3Dlightbox%26settings%3DeyJpZCI6ODkwMywidXJsIjoiaHR0cHM6XC9cL3Rld2EuZGtcL3dwLWNvbnRlbnRcL3VwbG9hZHNcLzIwMjRcLzA5XC9kb3dubG9hZC1rb3BpLTQucG5nIiwic2xpZGVzaG93IjoiMjk4MTAxOSJ9\" data-rel=\"-image-0\" data-rl_title=\"\" data-rl_caption=\"\" title=\"\">\n\t\t\t\t\t<div class=\"e-gallery-image elementor-gallery-item__image\" data-thumbnail=\"https:\/\/tewa.dk\/wp-content\/uploads\/2024\/09\/download-kopi-4.png\" data-width=\"481\" data-height=\"640\" aria-label=\"\" role=\"img\" ><\/div>\n\t\t\t\t\t\t\t\t\t\t\t<div class=\"elementor-gallery-item__overlay\"><\/div>\n\t\t\t\t\t\t\t\t\t\t\t\t\t\t<\/a>\n\t\t\t\t\t\t\t<a class=\"e-gallery-item elementor-gallery-item elementor-animated-content\" href=\"https:\/\/tewa.dk\/wp-content\/uploads\/2024\/09\/download.png\" data-elementor-open-lightbox=\"yes\" data-elementor-lightbox-slideshow=\"2981019\" data-e-action-hash=\"#elementor-action%3Aaction%3Dlightbox%26settings%3DeyJpZCI6ODkwMSwidXJsIjoiaHR0cHM6XC9cL3Rld2EuZGtcL3dwLWNvbnRlbnRcL3VwbG9hZHNcLzIwMjRcLzA5XC9kb3dubG9hZC5wbmciLCJzbGlkZXNob3ciOiIyOTgxMDE5In0%3D\" data-rel=\"-image-1\" data-rl_title=\"\" data-rl_caption=\"\" title=\"\">\n\t\t\t\t\t<div class=\"e-gallery-image elementor-gallery-item__image\" data-thumbnail=\"https:\/\/tewa.dk\/wp-content\/uploads\/2024\/09\/download.png\" data-width=\"480\" data-height=\"640\" aria-label=\"\" role=\"img\" ><\/div>\n\t\t\t\t\t\t\t\t\t\t\t<div class=\"elementor-gallery-item__overlay\"><\/div>\n\t\t\t\t\t\t\t\t\t\t\t\t\t\t<\/a>\n\t\t\t\t\t\t\t<a class=\"e-gallery-item elementor-gallery-item elementor-animated-content\" href=\"https:\/\/tewa.dk\/wp-content\/uploads\/2024\/11\/thumbnail_image0.jpg\" data-elementor-open-lightbox=\"yes\" data-elementor-lightbox-slideshow=\"2981019\" data-e-action-hash=\"#elementor-action%3Aaction%3Dlightbox%26settings%3DeyJpZCI6OTMxNywidXJsIjoiaHR0cHM6XC9cL3Rld2EuZGtcL3dwLWNvbnRlbnRcL3VwbG9hZHNcLzIwMjRcLzExXC90aHVtYm5haWxfaW1hZ2UwLmpwZyIsInNsaWRlc2hvdyI6IjI5ODEwMTkifQ%3D%3D\" data-rel=\"-image-2\" data-rl_title=\"\" data-rl_caption=\"\" title=\"\">\n\t\t\t\t\t<div class=\"e-gallery-image elementor-gallery-item__image\" data-thumbnail=\"https:\/\/tewa.dk\/wp-content\/uploads\/2024\/11\/thumbnail_image0.jpg\" data-width=\"960\" data-height=\"640\" aria-label=\"\" role=\"img\" ><\/div>\n\t\t\t\t\t\t\t\t\t\t\t<div class=\"elementor-gallery-item__overlay\"><\/div>\n\t\t\t\t\t\t\t\t\t\t\t\t\t\t<\/a>\n\t\t\t\t\t\t\t<a class=\"e-gallery-item elementor-gallery-item elementor-animated-content\" href=\"https:\/\/tewa.dk\/wp-content\/uploads\/2024\/11\/IMG_3373-scaled.jpg\" data-elementor-open-lightbox=\"yes\" data-elementor-lightbox-slideshow=\"2981019\" data-e-action-hash=\"#elementor-action%3Aaction%3Dlightbox%26settings%3DeyJpZCI6OTI1MiwidXJsIjoiaHR0cHM6XC9cL3Rld2EuZGtcL3dwLWNvbnRlbnRcL3VwbG9hZHNcLzIwMjRcLzExXC9JTUdfMzM3My1zY2FsZWQuanBnIiwic2xpZGVzaG93IjoiMjk4MTAxOSJ9\" data-rel=\"-image-3\" data-rl_title=\"\" data-rl_caption=\"\" title=\"\">\n\t\t\t\t\t<div class=\"e-gallery-image elementor-gallery-item__image\" data-thumbnail=\"https:\/\/tewa.dk\/wp-content\/uploads\/2024\/11\/IMG_3373-scaled.jpg\" data-width=\"1536\" data-height=\"2048\" aria-label=\"\" role=\"img\" ><\/div>\n\t\t\t\t\t\t\t\t\t\t\t<div class=\"elementor-gallery-item__overlay\"><\/div>\n\t\t\t\t\t\t\t\t\t\t\t\t\t\t<\/a>\n\t\t\t\t\t<\/div>\n\t\t\t<\/div>\n\t\t\t\t<\/div>\n\t\t\t\t<\/div>\n\t\t\t\t\t<\/div>\n\t\t\t\t<\/div>\n\t\t<div class=\"elementor-element elementor-element-7606a3bd e-con-full no-padding e-flex e-con e-parent\" data-id=\"7606a3bd\" data-element_type=\"container\">\n\t\t\t\t<div class=\"elementor-element elementor-element-5abc8904 elementor-widget elementor-widget-shortcode\" data-id=\"5abc8904\" data-element_type=\"widget\" data-widget_type=\"shortcode.default\">\n\t\t\t\t<div class=\"elementor-widget-container\">\n\t\t\t\t\t<div class=\"elementor-shortcode\">\t\t<div data-elementor-type=\"container\" data-elementor-id=\"5414\" class=\"elementor elementor-5414\" data-elementor-post-type=\"elementor_library\">\n\t\t\t\t<div class=\"elementor-element elementor-element-351e1a22 overlay e-flex e-con-boxed e-con e-parent\" data-id=\"351e1a22\" data-element_type=\"container\" data-settings=\"{&quot;background_background&quot;:&quot;classic&quot;}\">\n\t\t\t\t\t<div class=\"e-con-inner\">\n\t\t<div class=\"elementor-element elementor-element-3420f2bf e-con-full e-flex e-con e-child\" data-id=\"3420f2bf\" data-element_type=\"container\">\n\t\t<div class=\"elementor-element elementor-element-81ac92b e-con-full padding e-flex e-con e-child\" data-id=\"81ac92b\" data-element_type=\"container\" data-settings=\"{&quot;background_background&quot;:&quot;classic&quot;}\">\n\t\t\t\t<div class=\"elementor-element elementor-element-501edf0 elementor-widget elementor-widget-text-editor\" data-id=\"501edf0\" data-element_type=\"widget\" data-widget_type=\"text-editor.default\">\n\t\t\t\t<div class=\"elementor-widget-container\">\n\t\t\t\t\t\t\t<h3 style=\"text-align: center;\">Kontakt Tewa ApS<\/h3><h4 style=\"text-align: center;\">Har du sp\u00f8rgsm\u00e5l? Kontakt os og lad os tage en uforpligtende snak<\/h4><p style=\"text-align: center;\">Vi sidder klar til at besvare ethvert sp\u00f8rgsm\u00e5l, du m\u00e5tte have, som du ikke f\u00e5r besvaret her p\u00e5 hjemmesiden. S\u00e5 t\u00f8v ikke med at ringe eller skrive til os. Vi tager med gl\u00e6de en helt uforpligtende snak med dig om dine planer.<\/p>\t\t\t\t\t\t<\/div>\n\t\t\t\t<\/div>\n\t\t\t\t<div class=\"elementor-element elementor-element-79078d9e cta elementor-align-center elementor-widget elementor-widget-button\" data-id=\"79078d9e\" data-element_type=\"widget\" data-widget_type=\"button.default\">\n\t\t\t\t<div class=\"elementor-widget-container\">\n\t\t\t\t\t\t\t<div class=\"elementor-button-wrapper\">\n\t\t\t\t\t<a class=\"elementor-button elementor-button-link elementor-size-sm\" href=\"\/kontakt\/\">\n\t\t\t\t\t\t<span class=\"elementor-button-content-wrapper\">\n\t\t\t\t\t\t\t\t\t<span class=\"elementor-button-text\">Skriv til os her<\/span>\n\t\t\t\t\t<\/span>\n\t\t\t\t\t<\/a>\n\t\t\t\t<\/div>\n\t\t\t\t\t\t<\/div>\n\t\t\t\t<\/div>\n\t\t\t\t<\/div>\n\t\t\t\t<\/div>\n\t\t\t\t\t<\/div>\n\t\t\t\t<\/div>\n\t\t\t\t<\/div>\n\t\t<\/div>\n\t\t\t\t<\/div>\n\t\t\t\t<\/div>\n\t\t\t\t<\/div>\n\t\t\t\t<\/div>\n\t\t","protected":false},"excerpt":{"rendered":"<p>Order boxes with your unique design At TEWA, we specialize in the production of printed boxes that combine functionality with a professional and unique design. A printed box is not just practical packaging &#8211; it&#8217;s also an important part of your company&#8217;s visual identity. We create boxes that stand out and make a lasting impression &#8230; <a title=\"Production of printed boxes at TEWA\" class=\"read-more\" href=\"https:\/\/tewa.dk\/en\/production-of-printed-boxes-at-tewa\/\" aria-label=\"Read more about Production of printed boxes at TEWA\">Read more<\/a><\/p>\n","protected":false},"author":6,"featured_media":0,"parent":0,"menu_order":0,"comment_status":"closed","ping_status":"closed","template":"","meta":{"_acf_changed":false,"footnotes":""},"categories":[],"class_list":["post-9636","page","type-page","status-publish"],"acf":[],"yoast_head":"<!-- This site is optimized with the Yoast SEO plugin v27.5 - https:\/\/yoast.com\/product\/yoast-seo-wordpress\/ -->\n<title>Production of printed boxes at TEWA | Tewa<\/title>\n<meta name=\"robots\" content=\"index, follow, max-snippet:-1, max-image-preview:large, max-video-preview:-1\" \/>\n<link rel=\"canonical\" href=\"https:\/\/tewa.dk\/en\/production-of-printed-boxes-at-tewa\/\" \/>\n<meta property=\"og:locale\" content=\"en_US\" \/>\n<meta property=\"og:type\" content=\"article\" \/>\n<meta property=\"og:title\" content=\"Production of printed boxes at TEWA | Tewa\" \/>\n<meta property=\"og:description\" content=\"Order boxes with your unique design At TEWA, we specialize in the production of printed boxes that combine functionality with a professional and unique design. A printed box is not just practical packaging &#8211; it&#8217;s also an important part of your company&#8217;s visual identity. We create boxes that stand out and make a lasting impression ... Read more\" \/>\n<meta property=\"og:url\" content=\"https:\/\/tewa.dk\/en\/production-of-printed-boxes-at-tewa\/\" \/>\n<meta property=\"og:site_name\" content=\"Tewa\" \/>\n<meta property=\"article:modified_time\" content=\"2025-01-08T21:27:44+00:00\" \/>\n<meta name=\"twitter:card\" content=\"summary_large_image\" \/>\n<meta name=\"twitter:label1\" content=\"Est. reading time\" \/>\n\t<meta name=\"twitter:data1\" content=\"2 minutes\" \/>\n<script type=\"application\/ld+json\" class=\"yoast-schema-graph\">{\"@context\":\"https:\\\/\\\/schema.org\",\"@graph\":[{\"@type\":\"WebPage\",\"@id\":\"https:\\\/\\\/tewa.dk\\\/en\\\/production-of-printed-boxes-at-tewa\\\/\",\"url\":\"https:\\\/\\\/tewa.dk\\\/en\\\/production-of-printed-boxes-at-tewa\\\/\",\"name\":\"Production of printed boxes at TEWA | Tewa\",\"isPartOf\":{\"@id\":\"https:\\\/\\\/tewa.webserver10.dk\\\/#website\"},\"datePublished\":\"2024-09-09T11:45:16+00:00\",\"dateModified\":\"2025-01-08T21:27:44+00:00\",\"breadcrumb\":{\"@id\":\"https:\\\/\\\/tewa.dk\\\/en\\\/production-of-printed-boxes-at-tewa\\\/#breadcrumb\"},\"inLanguage\":\"en-US\",\"potentialAction\":[{\"@type\":\"ReadAction\",\"target\":[\"https:\\\/\\\/tewa.dk\\\/en\\\/production-of-printed-boxes-at-tewa\\\/\"]}]},{\"@type\":\"BreadcrumbList\",\"@id\":\"https:\\\/\\\/tewa.dk\\\/en\\\/production-of-printed-boxes-at-tewa\\\/#breadcrumb\",\"itemListElement\":[{\"@type\":\"ListItem\",\"position\":1,\"name\":\"Forside\",\"item\":\"https:\\\/\\\/tewa.dk\\\/en\\\/\"},{\"@type\":\"ListItem\",\"position\":2,\"name\":\"Production of printed boxes at TEWA\"}]},{\"@type\":\"WebSite\",\"@id\":\"https:\\\/\\\/tewa.webserver10.dk\\\/#website\",\"url\":\"https:\\\/\\\/tewa.webserver10.dk\\\/\",\"name\":\"Tewa\",\"description\":\"Tewa ApS tilbyder trykkeri samt produktion af CD, DVD og Blu-ray\",\"publisher\":{\"@id\":\"https:\\\/\\\/tewa.webserver10.dk\\\/#organization\"},\"potentialAction\":[{\"@type\":\"SearchAction\",\"target\":{\"@type\":\"EntryPoint\",\"urlTemplate\":\"https:\\\/\\\/tewa.webserver10.dk\\\/?s={search_term_string}\"},\"query-input\":{\"@type\":\"PropertyValueSpecification\",\"valueRequired\":true,\"valueName\":\"search_term_string\"}}],\"inLanguage\":\"en-US\"},{\"@type\":\"Organization\",\"@id\":\"https:\\\/\\\/tewa.webserver10.dk\\\/#organization\",\"name\":\"Tewa\",\"url\":\"https:\\\/\\\/tewa.webserver10.dk\\\/\",\"logo\":{\"@type\":\"ImageObject\",\"inLanguage\":\"en-US\",\"@id\":\"https:\\\/\\\/tewa.webserver10.dk\\\/#\\\/schema\\\/logo\\\/image\\\/\",\"url\":\"https:\\\/\\\/tewa.dk\\\/wp-content\\\/uploads\\\/2024\\\/08\\\/logo.png\",\"contentUrl\":\"https:\\\/\\\/tewa.dk\\\/wp-content\\\/uploads\\\/2024\\\/08\\\/logo.png\",\"width\":149,\"height\":62,\"caption\":\"Tewa\"},\"image\":{\"@id\":\"https:\\\/\\\/tewa.webserver10.dk\\\/#\\\/schema\\\/logo\\\/image\\\/\"}}]}<\/script>\n<!-- \/ Yoast SEO plugin. -->","yoast_head_json":{"title":"Production of printed boxes at TEWA | Tewa","robots":{"index":"index","follow":"follow","max-snippet":"max-snippet:-1","max-image-preview":"max-image-preview:large","max-video-preview":"max-video-preview:-1"},"canonical":"https:\/\/tewa.dk\/en\/production-of-printed-boxes-at-tewa\/","og_locale":"en_US","og_type":"article","og_title":"Production of printed boxes at TEWA | Tewa","og_description":"Order boxes with your unique design At TEWA, we specialize in the production of printed boxes that combine functionality with a professional and unique design. A printed box is not just practical packaging &#8211; it&#8217;s also an important part of your company&#8217;s visual identity. We create boxes that stand out and make a lasting impression ... Read more","og_url":"https:\/\/tewa.dk\/en\/production-of-printed-boxes-at-tewa\/","og_site_name":"Tewa","article_modified_time":"2025-01-08T21:27:44+00:00","twitter_card":"summary_large_image","twitter_misc":{"Est. reading time":"2 minutes"},"schema":{"@context":"https:\/\/schema.org","@graph":[{"@type":"WebPage","@id":"https:\/\/tewa.dk\/en\/production-of-printed-boxes-at-tewa\/","url":"https:\/\/tewa.dk\/en\/production-of-printed-boxes-at-tewa\/","name":"Production of printed boxes at TEWA | Tewa","isPartOf":{"@id":"https:\/\/tewa.webserver10.dk\/#website"},"datePublished":"2024-09-09T11:45:16+00:00","dateModified":"2025-01-08T21:27:44+00:00","breadcrumb":{"@id":"https:\/\/tewa.dk\/en\/production-of-printed-boxes-at-tewa\/#breadcrumb"},"inLanguage":"en-US","potentialAction":[{"@type":"ReadAction","target":["https:\/\/tewa.dk\/en\/production-of-printed-boxes-at-tewa\/"]}]},{"@type":"BreadcrumbList","@id":"https:\/\/tewa.dk\/en\/production-of-printed-boxes-at-tewa\/#breadcrumb","itemListElement":[{"@type":"ListItem","position":1,"name":"Forside","item":"https:\/\/tewa.dk\/en\/"},{"@type":"ListItem","position":2,"name":"Production of printed boxes at TEWA"}]},{"@type":"WebSite","@id":"https:\/\/tewa.webserver10.dk\/#website","url":"https:\/\/tewa.webserver10.dk\/","name":"Tewa","description":"Tewa ApS tilbyder trykkeri samt produktion af CD, DVD og Blu-ray","publisher":{"@id":"https:\/\/tewa.webserver10.dk\/#organization"},"potentialAction":[{"@type":"SearchAction","target":{"@type":"EntryPoint","urlTemplate":"https:\/\/tewa.webserver10.dk\/?s={search_term_string}"},"query-input":{"@type":"PropertyValueSpecification","valueRequired":true,"valueName":"search_term_string"}}],"inLanguage":"en-US"},{"@type":"Organization","@id":"https:\/\/tewa.webserver10.dk\/#organization","name":"Tewa","url":"https:\/\/tewa.webserver10.dk\/","logo":{"@type":"ImageObject","inLanguage":"en-US","@id":"https:\/\/tewa.webserver10.dk\/#\/schema\/logo\/image\/","url":"https:\/\/tewa.dk\/wp-content\/uploads\/2024\/08\/logo.png","contentUrl":"https:\/\/tewa.dk\/wp-content\/uploads\/2024\/08\/logo.png","width":149,"height":62,"caption":"Tewa"},"image":{"@id":"https:\/\/tewa.webserver10.dk\/#\/schema\/logo\/image\/"}}]}},"_links":{"self":[{"href":"https:\/\/tewa.dk\/en\/wp-json\/wp\/v2\/pages\/9636","targetHints":{"allow":["GET"]}}],"collection":[{"href":"https:\/\/tewa.dk\/en\/wp-json\/wp\/v2\/pages"}],"about":[{"href":"https:\/\/tewa.dk\/en\/wp-json\/wp\/v2\/types\/page"}],"author":[{"embeddable":true,"href":"https:\/\/tewa.dk\/en\/wp-json\/wp\/v2\/users\/6"}],"replies":[{"embeddable":true,"href":"https:\/\/tewa.dk\/en\/wp-json\/wp\/v2\/comments?post=9636"}],"version-history":[{"count":3,"href":"https:\/\/tewa.dk\/en\/wp-json\/wp\/v2\/pages\/9636\/revisions"}],"predecessor-version":[{"id":9653,"href":"https:\/\/tewa.dk\/en\/wp-json\/wp\/v2\/pages\/9636\/revisions\/9653"}],"wp:attachment":[{"href":"https:\/\/tewa.dk\/en\/wp-json\/wp\/v2\/media?parent=9636"}],"wp:term":[{"taxonomy":"category","embeddable":true,"href":"https:\/\/tewa.dk\/en\/wp-json\/wp\/v2\/categories?post=9636"}],"curies":[{"name":"wp","href":"https:\/\/api.w.org\/{rel}","templated":true}]}}