{"id":9676,"date":"2024-09-09T12:57:47","date_gmt":"2024-09-09T10:57:47","guid":{"rendered":"https:\/\/tewa.dk\/roll-up-solutions-from-tewa\/"},"modified":"2025-02-18T14:56:48","modified_gmt":"2025-02-18T13:56:48","slug":"roll-up-solutions-from-tewa","status":"publish","type":"page","link":"https:\/\/tewa.dk\/en\/roll-up-solutions-from-tewa\/","title":{"rendered":"Roll-Up solutions from TEWA"},"content":{"rendered":"\t\t<div data-elementor-type=\"wp-page\" data-elementor-id=\"9676\" class=\"elementor elementor-9676 elementor-8949\" data-elementor-post-type=\"page\">\n\t\t\t\t<div class=\"elementor-element elementor-element-7c9d9751 e-con-full no-padding e-flex e-con e-parent\" data-id=\"7c9d9751\" data-element_type=\"container\">\n\t\t\t\t<div class=\"elementor-element elementor-element-3d7295e7 elementor-widget elementor-widget-shortcode\" data-id=\"3d7295e7\" data-element_type=\"widget\" data-widget_type=\"shortcode.default\">\n\t\t\t\t<div class=\"elementor-widget-container\">\n\t\t\t\t\t<div class=\"elementor-shortcode\">\t\t<div data-elementor-type=\"container\" data-elementor-id=\"6542\" class=\"elementor elementor-6542\" data-elementor-post-type=\"elementor_library\">\n\t\t\t\t<div class=\"elementor-element elementor-element-2bc4b5ab white e-flex e-con-boxed e-con e-parent\" data-id=\"2bc4b5ab\" data-element_type=\"container\" data-settings=\"{&quot;background_background&quot;:&quot;classic&quot;}\">\n\t\t\t\t\t<div class=\"e-con-inner\">\n\t\t\t\t\t<\/div>\n\t\t\t\t<\/div>\n\t\t\t\t<\/div>\n\t\t<\/div>\n\t\t\t\t<\/div>\n\t\t\t\t<\/div>\n\t\t\t\t<\/div>\n\t\t<div class=\"elementor-element elementor-element-400ad4f1 e-flex e-con-boxed e-con e-parent\" data-id=\"400ad4f1\" data-element_type=\"container\">\n\t\t\t\t\t<div class=\"e-con-inner\">\n\t\t<div class=\"elementor-element elementor-element-3759e659 e-con-full e-flex e-con e-child\" data-id=\"3759e659\" data-element_type=\"container\">\n\t\t\t\t<div class=\"elementor-element elementor-element-25e965ee elementor-widget elementor-widget-text-editor\" data-id=\"25e965ee\" data-element_type=\"widget\" data-widget_type=\"text-editor.default\">\n\t\t\t\t<div class=\"elementor-widget-container\">\n\t\t\t\t\t\t\t<h2>Effective and mobile marketing<\/h2>\n\t\t\t\t\t\t<\/div>\n\t\t\t\t<\/div>\n\t\t\t\t<div class=\"elementor-element elementor-element-4b4bca00 elementor-widget-divider--view-line elementor-widget elementor-widget-divider\" data-id=\"4b4bca00\" data-element_type=\"widget\" data-widget_type=\"divider.default\">\n\t\t\t\t<div class=\"elementor-widget-container\">\n\t\t\t\t\t<div class=\"elementor-divider\">\n\t\t\t<span class=\"elementor-divider-separator\">\n\t\t\t\t\t\t<\/span>\n\t\t<\/div>\n\t\t\t\t<\/div>\n\t\t\t\t<\/div>\n\t\t\t\t<\/div>\n\t\t<div class=\"elementor-element elementor-element-7cfc12b6 e-con-full e-flex e-con e-child\" data-id=\"7cfc12b6\" data-element_type=\"container\">\n\t\t\t\t<div class=\"elementor-element elementor-element-55fd38bc elementor-widget elementor-widget-text-editor\" data-id=\"55fd38bc\" data-element_type=\"widget\" data-widget_type=\"text-editor.default\">\n\t\t\t\t<div class=\"elementor-widget-container\">\n\t\t\t\t\t\t\t<p>At TEWA, we offer professional roll-up solutions that are both flexible and effective in creating visibility for your business. A roll-up is an ideal choice for trade shows, presentations, shops and events where you want to grab attention quickly and easily. Our roll-ups are designed to present your message clearly, so you can make a strong impression on your target audience.<\/p>\n<p>Roll-ups are known for their practical design, making them easy to transport and set up. At TEWA, we are committed to delivering roll-ups that are both stylish and functional. We only use durable materials and high-quality prints to ensure your roll-ups look great and stand up to repeated use. Our roll-ups are easy to set up and you get a stable and durable solution that lasts for many presentations.<\/p>\n<h3>Quality materials and sharp print<\/h3>\n<p>At TEWA, quality is paramount when we produce your roll-ups. We use materials that ensure sharp colors and durability, so your messages appear precise and professional. Whether you choose a simple, minimalist roll-up or a more colorful and graphic solution, our printing technology provides a beautiful and detailed result. We make sure your design is presented in the best possible way and gets the attention it deserves.<\/p>\n<p>We know that every project is unique, which is why we offer roll-up solutions in different sizes and formats so you can get one that suits your needs. Whether you need a simple roll-up for an in-store campaign or a larger model for a trade show, we have the right solution. Our roll-ups can be customized with different colors, logos, graphics and images to accurately reflect your company identity and message.<\/p>\n<h3>Perfect for trade shows, events and retail<\/h3>\n<p>Roll-ups are particularly suitable for trade fairs and events where you need a visible and easy setup that can attract visitors. They are also ideal as eye-catchers in stores, where they can be used to highlight new products, promotions or special offers. At TEWA, we&#8217;ll help you create a roll-up that fits the purpose perfectly and makes your business visible where it matters.<\/p>\n<h3>Contact us today for personal advice<\/h3>\n<p>We know that deadlines are often a challenge when it comes to events and campaigns. That&#8217;s why we offer fast and reliable delivery of your roll-ups so you can have them ready at the right time. At TEWA, we prioritize personal service and guide you through the entire process &#8211; from design and layout to the finished product. We ensure that your roll-ups live up to your expectations and serve as an effective marketing tool.<\/p>\n<p>Ready to get a roll-up that stands out and makes a difference? <a href=\"https:\/\/tewa.dk\/kontakt\/\">Contact<\/a> TEWA today for a no-obligation quote on roll-up solutions. We&#8217;ll help you find the best solution for your business, so you get a roll-up that presents your message in a professional and effective way. Call us on <a href=\"tel:98631100\">98 63 11 00<\/a> or send an email to <a href=\"mailto:tewa@tewa.dk\">tewa@tewa.dk<\/a> and together we will find the perfect roll-up for your needs.<\/p>\n\t\t\t\t\t\t<\/div>\n\t\t\t\t<\/div>\n\t\t\t\t<\/div>\n\t\t<div class=\"elementor-element elementor-element-28412ac6 e-con-full e-flex e-con e-child\" data-id=\"28412ac6\" data-element_type=\"container\">\n\t\t\t\t<div class=\"elementor-element elementor-element-292f9248 dark elementor-widget elementor-widget-sidebar\" data-id=\"292f9248\" data-element_type=\"widget\" data-widget_type=\"sidebar.default\">\n\t\t\t\t<div class=\"elementor-widget-container\">\n\t\t\t<aside id=\"text-10\" class=\"widget-odd widget-first widget-1 widget inner-padding widget_text\"><h2 class=\"widget-title\">Vil du h\u00f8re mere?<\/h2>\t\t\t<div class=\"textwidget\"><p>Udfyld formularen og vi kontakter dig hurtigst muligt.<\/p>\n<\/div>\n\t\t<\/aside><aside id=\"forminator_widget-2\" class=\"widget-even widget-last widget-2 widget inner-padding widget_forminator_widget\"><form id=\"forminator-module-199\" class=\"forminator-custom-form forminator-custom-form-199\" method=\"post\" data-forminator-render=\"0\" data-uid=\"69e74ec7af65c\"><div role=\"alert\" aria-live=\"polite\" class=\"forminator-response-message forminator-error\" aria-hidden=\"true\"><\/div><\/form><\/aside>\t\t<\/div>\n\t\t\t\t<\/div>\n\t\t\t\t<\/div>\n\t\t<div class=\"elementor-element elementor-element-5684ef1 e-con-full e-flex e-con e-child\" data-id=\"5684ef1\" data-element_type=\"container\">\n\t\t\t\t<div class=\"elementor-element elementor-element-920b8a1 elementor-widget elementor-widget-gallery\" data-id=\"920b8a1\" data-element_type=\"widget\" data-settings=\"{&quot;columns_mobile&quot;:2,&quot;aspect_ratio&quot;:&quot;4:3&quot;,&quot;lazyload&quot;:&quot;yes&quot;,&quot;gallery_layout&quot;:&quot;grid&quot;,&quot;columns&quot;:4,&quot;columns_tablet&quot;:2,&quot;gap&quot;:{&quot;unit&quot;:&quot;px&quot;,&quot;size&quot;:10,&quot;sizes&quot;:[]},&quot;gap_laptop&quot;:{&quot;unit&quot;:&quot;px&quot;,&quot;size&quot;:10,&quot;sizes&quot;:[]},&quot;gap_tablet&quot;:{&quot;unit&quot;:&quot;px&quot;,&quot;size&quot;:10,&quot;sizes&quot;:[]},&quot;gap_mobile&quot;:{&quot;unit&quot;:&quot;px&quot;,&quot;size&quot;:10,&quot;sizes&quot;:[]},&quot;link_to&quot;:&quot;file&quot;,&quot;overlay_background&quot;:&quot;yes&quot;,&quot;content_hover_animation&quot;:&quot;fade-in&quot;}\" data-widget_type=\"gallery.default\">\n\t\t\t\t<div class=\"elementor-widget-container\">\n\t\t\t\t\t<div class=\"elementor-gallery__container\">\n\t\t\t\t\t\t\t<a class=\"e-gallery-item elementor-gallery-item elementor-animated-content\" href=\"https:\/\/tewa.dk\/wp-content\/uploads\/2024\/09\/download-kopi-6.png\" data-elementor-open-lightbox=\"yes\" data-elementor-lightbox-slideshow=\"920b8a1\" data-e-action-hash=\"#elementor-action%3Aaction%3Dlightbox%26settings%3DeyJpZCI6ODkwOSwidXJsIjoiaHR0cHM6XC9cL3Rld2EuZGtcL3dwLWNvbnRlbnRcL3VwbG9hZHNcLzIwMjRcLzA5XC9kb3dubG9hZC1rb3BpLTYucG5nIiwic2xpZGVzaG93IjoiOTIwYjhhMSJ9\" data-rel=\"-image-0\" data-rl_title=\"\" data-rl_caption=\"\" title=\"\">\n\t\t\t\t\t<div class=\"e-gallery-image elementor-gallery-item__image\" data-thumbnail=\"https:\/\/tewa.dk\/wp-content\/uploads\/2024\/09\/download-kopi-6.png\" data-width=\"640\" data-height=\"481\" aria-label=\"\" role=\"img\" ><\/div>\n\t\t\t\t\t\t\t\t\t\t\t<div class=\"elementor-gallery-item__overlay\"><\/div>\n\t\t\t\t\t\t\t\t\t\t\t\t\t\t<\/a>\n\t\t\t\t\t\t\t<a class=\"e-gallery-item elementor-gallery-item elementor-animated-content\" href=\"https:\/\/tewa.dk\/wp-content\/uploads\/2024\/09\/download-kopi.png\" data-elementor-open-lightbox=\"yes\" data-elementor-lightbox-slideshow=\"920b8a1\" data-e-action-hash=\"#elementor-action%3Aaction%3Dlightbox%26settings%3DeyJpZCI6ODkwNywidXJsIjoiaHR0cHM6XC9cL3Rld2EuZGtcL3dwLWNvbnRlbnRcL3VwbG9hZHNcLzIwMjRcLzA5XC9kb3dubG9hZC1rb3BpLnBuZyIsInNsaWRlc2hvdyI6IjkyMGI4YTEifQ%3D%3D\" data-rel=\"-image-1\" data-rl_title=\"\" data-rl_caption=\"\" title=\"\">\n\t\t\t\t\t<div class=\"e-gallery-image elementor-gallery-item__image\" data-thumbnail=\"https:\/\/tewa.dk\/wp-content\/uploads\/2024\/09\/download-kopi.png\" data-width=\"481\" data-height=\"640\" aria-label=\"\" role=\"img\" ><\/div>\n\t\t\t\t\t\t\t\t\t\t\t<div class=\"elementor-gallery-item__overlay\"><\/div>\n\t\t\t\t\t\t\t\t\t\t\t\t\t\t<\/a>\n\t\t\t\t\t\t\t<a class=\"e-gallery-item elementor-gallery-item elementor-animated-content\" href=\"https:\/\/tewa.dk\/wp-content\/uploads\/2024\/09\/download.png\" data-elementor-open-lightbox=\"yes\" data-elementor-lightbox-slideshow=\"920b8a1\" data-e-action-hash=\"#elementor-action%3Aaction%3Dlightbox%26settings%3DeyJpZCI6ODkwMSwidXJsIjoiaHR0cHM6XC9cL3Rld2EuZGtcL3dwLWNvbnRlbnRcL3VwbG9hZHNcLzIwMjRcLzA5XC9kb3dubG9hZC5wbmciLCJzbGlkZXNob3ciOiI5MjBiOGExIn0%3D\" data-rel=\"-image-2\" data-rl_title=\"\" data-rl_caption=\"\" title=\"\">\n\t\t\t\t\t<div class=\"e-gallery-image elementor-gallery-item__image\" data-thumbnail=\"https:\/\/tewa.dk\/wp-content\/uploads\/2024\/09\/download.png\" data-width=\"480\" data-height=\"640\" aria-label=\"\" role=\"img\" ><\/div>\n\t\t\t\t\t\t\t\t\t\t\t<div class=\"elementor-gallery-item__overlay\"><\/div>\n\t\t\t\t\t\t\t\t\t\t\t\t\t\t<\/a>\n\t\t\t\t\t\t\t<a class=\"e-gallery-item elementor-gallery-item elementor-animated-content\" href=\"https:\/\/tewa.dk\/wp-content\/uploads\/2024\/11\/IMG_4706-rotated-e1731077308894.jpg\" data-elementor-open-lightbox=\"yes\" data-elementor-lightbox-slideshow=\"920b8a1\" data-e-action-hash=\"#elementor-action%3Aaction%3Dlightbox%26settings%3DeyJpZCI6OTMwMiwidXJsIjoiaHR0cHM6XC9cL3Rld2EuZGtcL3dwLWNvbnRlbnRcL3VwbG9hZHNcLzIwMjRcLzExXC9JTUdfNDcwNi1yb3RhdGVkLWUxNzMxMDc3MzA4ODk0LmpwZyIsInNsaWRlc2hvdyI6IjkyMGI4YTEifQ%3D%3D\" data-rel=\"-image-3\" data-rl_title=\"\" data-rl_caption=\"\" title=\"\">\n\t\t\t\t\t<div class=\"e-gallery-image elementor-gallery-item__image\" data-thumbnail=\"https:\/\/tewa.dk\/wp-content\/uploads\/2024\/11\/IMG_4706-rotated-e1731077308894.jpg\" data-width=\"1512\" data-height=\"2016\" aria-label=\"\" role=\"img\" ><\/div>\n\t\t\t\t\t\t\t\t\t\t\t<div class=\"elementor-gallery-item__overlay\"><\/div>\n\t\t\t\t\t\t\t\t\t\t\t\t\t\t<\/a>\n\t\t\t\t\t<\/div>\n\t\t\t<\/div>\n\t\t\t\t<\/div>\n\t\t\t\t<\/div>\n\t\t\t\t\t<\/div>\n\t\t\t\t<\/div>\n\t\t<div class=\"elementor-element elementor-element-279fe2d5 e-con-full no-padding e-flex e-con e-parent\" data-id=\"279fe2d5\" data-element_type=\"container\">\n\t\t\t\t<div class=\"elementor-element elementor-element-38253c6c elementor-widget elementor-widget-shortcode\" data-id=\"38253c6c\" data-element_type=\"widget\" data-widget_type=\"shortcode.default\">\n\t\t\t\t<div class=\"elementor-widget-container\">\n\t\t\t\t\t<div class=\"elementor-shortcode\">\t\t<div data-elementor-type=\"container\" data-elementor-id=\"5414\" class=\"elementor elementor-5414\" data-elementor-post-type=\"elementor_library\">\n\t\t\t\t<div class=\"elementor-element elementor-element-351e1a22 overlay e-flex e-con-boxed e-con e-parent\" data-id=\"351e1a22\" data-element_type=\"container\" data-settings=\"{&quot;background_background&quot;:&quot;classic&quot;}\">\n\t\t\t\t\t<div class=\"e-con-inner\">\n\t\t<div class=\"elementor-element elementor-element-3420f2bf e-con-full e-flex e-con e-child\" data-id=\"3420f2bf\" data-element_type=\"container\">\n\t\t<div class=\"elementor-element elementor-element-81ac92b e-con-full padding e-flex e-con e-child\" data-id=\"81ac92b\" data-element_type=\"container\" data-settings=\"{&quot;background_background&quot;:&quot;classic&quot;}\">\n\t\t\t\t<div class=\"elementor-element elementor-element-501edf0 elementor-widget elementor-widget-text-editor\" data-id=\"501edf0\" data-element_type=\"widget\" data-widget_type=\"text-editor.default\">\n\t\t\t\t<div class=\"elementor-widget-container\">\n\t\t\t\t\t\t\t<h3 style=\"text-align: center;\">Kontakt Tewa ApS<\/h3><h4 style=\"text-align: center;\">Har du sp\u00f8rgsm\u00e5l? Kontakt os og lad os tage en uforpligtende snak<\/h4><p style=\"text-align: center;\">Vi sidder klar til at besvare ethvert sp\u00f8rgsm\u00e5l, du m\u00e5tte have, som du ikke f\u00e5r besvaret her p\u00e5 hjemmesiden. S\u00e5 t\u00f8v ikke med at ringe eller skrive til os. Vi tager med gl\u00e6de en helt uforpligtende snak med dig om dine planer.<\/p>\t\t\t\t\t\t<\/div>\n\t\t\t\t<\/div>\n\t\t\t\t<div class=\"elementor-element elementor-element-79078d9e cta elementor-align-center elementor-widget elementor-widget-button\" data-id=\"79078d9e\" data-element_type=\"widget\" data-widget_type=\"button.default\">\n\t\t\t\t<div class=\"elementor-widget-container\">\n\t\t\t\t\t\t\t<div class=\"elementor-button-wrapper\">\n\t\t\t\t\t<a class=\"elementor-button elementor-button-link elementor-size-sm\" href=\"\/kontakt\/\">\n\t\t\t\t\t\t<span class=\"elementor-button-content-wrapper\">\n\t\t\t\t\t\t\t\t\t<span class=\"elementor-button-text\">Skriv til os her<\/span>\n\t\t\t\t\t<\/span>\n\t\t\t\t\t<\/a>\n\t\t\t\t<\/div>\n\t\t\t\t\t\t<\/div>\n\t\t\t\t<\/div>\n\t\t\t\t<\/div>\n\t\t\t\t<\/div>\n\t\t\t\t\t<\/div>\n\t\t\t\t<\/div>\n\t\t\t\t<\/div>\n\t\t<\/div>\n\t\t\t\t<\/div>\n\t\t\t\t<\/div>\n\t\t\t\t<\/div>\n\t\t\t\t<\/div>\n\t\t","protected":false},"excerpt":{"rendered":"<p>Effective and mobile marketing At TEWA, we offer professional roll-up solutions that are both flexible and effective in creating visibility for your business. A roll-up is an ideal choice for trade shows, presentations, shops and events where you want to grab attention quickly and easily. Our roll-ups are designed to present your message clearly, so &#8230; <a title=\"Roll-Up solutions from TEWA\" class=\"read-more\" href=\"https:\/\/tewa.dk\/en\/roll-up-solutions-from-tewa\/\" aria-label=\"Read more about Roll-Up solutions from TEWA\">Read more<\/a><\/p>\n","protected":false},"author":6,"featured_media":0,"parent":0,"menu_order":0,"comment_status":"closed","ping_status":"closed","template":"","meta":{"_acf_changed":false,"footnotes":""},"categories":[],"class_list":["post-9676","page","type-page","status-publish"],"acf":[],"yoast_head":"<!-- This site is optimized with the Yoast SEO plugin v27.4 - https:\/\/yoast.com\/product\/yoast-seo-wordpress\/ -->\n<title>Roll-Up solutions from TEWA | Tewa<\/title>\n<meta name=\"robots\" content=\"index, follow, max-snippet:-1, max-image-preview:large, max-video-preview:-1\" \/>\n<link rel=\"canonical\" href=\"https:\/\/tewa.dk\/en\/roll-up-solutions-from-tewa\/\" \/>\n<meta property=\"og:locale\" content=\"en_US\" \/>\n<meta property=\"og:type\" content=\"article\" \/>\n<meta property=\"og:title\" content=\"Roll-Up solutions from TEWA | Tewa\" \/>\n<meta property=\"og:description\" content=\"Effective and mobile marketing At TEWA, we offer professional roll-up solutions that are both flexible and effective in creating visibility for your business. A roll-up is an ideal choice for trade shows, presentations, shops and events where you want to grab attention quickly and easily. Our roll-ups are designed to present your message clearly, so ... Read more\" \/>\n<meta property=\"og:url\" content=\"https:\/\/tewa.dk\/en\/roll-up-solutions-from-tewa\/\" \/>\n<meta property=\"og:site_name\" content=\"Tewa\" \/>\n<meta property=\"article:modified_time\" content=\"2025-02-18T13:56:48+00:00\" \/>\n<meta name=\"twitter:card\" content=\"summary_large_image\" \/>\n<meta name=\"twitter:label1\" content=\"Est. reading time\" \/>\n\t<meta name=\"twitter:data1\" content=\"3 minutes\" \/>\n<script type=\"application\/ld+json\" class=\"yoast-schema-graph\">{\"@context\":\"https:\\\/\\\/schema.org\",\"@graph\":[{\"@type\":\"WebPage\",\"@id\":\"https:\\\/\\\/tewa.dk\\\/en\\\/roll-up-solutions-from-tewa\\\/\",\"url\":\"https:\\\/\\\/tewa.dk\\\/en\\\/roll-up-solutions-from-tewa\\\/\",\"name\":\"Roll-Up solutions from TEWA | Tewa\",\"isPartOf\":{\"@id\":\"https:\\\/\\\/tewa.webserver10.dk\\\/#website\"},\"datePublished\":\"2024-09-09T10:57:47+00:00\",\"dateModified\":\"2025-02-18T13:56:48+00:00\",\"breadcrumb\":{\"@id\":\"https:\\\/\\\/tewa.dk\\\/en\\\/roll-up-solutions-from-tewa\\\/#breadcrumb\"},\"inLanguage\":\"en-US\",\"potentialAction\":[{\"@type\":\"ReadAction\",\"target\":[\"https:\\\/\\\/tewa.dk\\\/en\\\/roll-up-solutions-from-tewa\\\/\"]}]},{\"@type\":\"BreadcrumbList\",\"@id\":\"https:\\\/\\\/tewa.dk\\\/en\\\/roll-up-solutions-from-tewa\\\/#breadcrumb\",\"itemListElement\":[{\"@type\":\"ListItem\",\"position\":1,\"name\":\"Forside\",\"item\":\"https:\\\/\\\/tewa.dk\\\/en\\\/\"},{\"@type\":\"ListItem\",\"position\":2,\"name\":\"Roll-Up solutions from TEWA\"}]},{\"@type\":\"WebSite\",\"@id\":\"https:\\\/\\\/tewa.webserver10.dk\\\/#website\",\"url\":\"https:\\\/\\\/tewa.webserver10.dk\\\/\",\"name\":\"Tewa\",\"description\":\"Tewa ApS tilbyder trykkeri samt produktion af CD, DVD og Blu-ray\",\"publisher\":{\"@id\":\"https:\\\/\\\/tewa.webserver10.dk\\\/#organization\"},\"potentialAction\":[{\"@type\":\"SearchAction\",\"target\":{\"@type\":\"EntryPoint\",\"urlTemplate\":\"https:\\\/\\\/tewa.webserver10.dk\\\/?s={search_term_string}\"},\"query-input\":{\"@type\":\"PropertyValueSpecification\",\"valueRequired\":true,\"valueName\":\"search_term_string\"}}],\"inLanguage\":\"en-US\"},{\"@type\":\"Organization\",\"@id\":\"https:\\\/\\\/tewa.webserver10.dk\\\/#organization\",\"name\":\"Tewa\",\"url\":\"https:\\\/\\\/tewa.webserver10.dk\\\/\",\"logo\":{\"@type\":\"ImageObject\",\"inLanguage\":\"en-US\",\"@id\":\"https:\\\/\\\/tewa.webserver10.dk\\\/#\\\/schema\\\/logo\\\/image\\\/\",\"url\":\"https:\\\/\\\/tewa.dk\\\/wp-content\\\/uploads\\\/2024\\\/08\\\/logo.png\",\"contentUrl\":\"https:\\\/\\\/tewa.dk\\\/wp-content\\\/uploads\\\/2024\\\/08\\\/logo.png\",\"width\":149,\"height\":62,\"caption\":\"Tewa\"},\"image\":{\"@id\":\"https:\\\/\\\/tewa.webserver10.dk\\\/#\\\/schema\\\/logo\\\/image\\\/\"}}]}<\/script>\n<!-- \/ Yoast SEO plugin. -->","yoast_head_json":{"title":"Roll-Up solutions from TEWA | Tewa","robots":{"index":"index","follow":"follow","max-snippet":"max-snippet:-1","max-image-preview":"max-image-preview:large","max-video-preview":"max-video-preview:-1"},"canonical":"https:\/\/tewa.dk\/en\/roll-up-solutions-from-tewa\/","og_locale":"en_US","og_type":"article","og_title":"Roll-Up solutions from TEWA | Tewa","og_description":"Effective and mobile marketing At TEWA, we offer professional roll-up solutions that are both flexible and effective in creating visibility for your business. A roll-up is an ideal choice for trade shows, presentations, shops and events where you want to grab attention quickly and easily. Our roll-ups are designed to present your message clearly, so ... Read more","og_url":"https:\/\/tewa.dk\/en\/roll-up-solutions-from-tewa\/","og_site_name":"Tewa","article_modified_time":"2025-02-18T13:56:48+00:00","twitter_card":"summary_large_image","twitter_misc":{"Est. reading time":"3 minutes"},"schema":{"@context":"https:\/\/schema.org","@graph":[{"@type":"WebPage","@id":"https:\/\/tewa.dk\/en\/roll-up-solutions-from-tewa\/","url":"https:\/\/tewa.dk\/en\/roll-up-solutions-from-tewa\/","name":"Roll-Up solutions from TEWA | Tewa","isPartOf":{"@id":"https:\/\/tewa.webserver10.dk\/#website"},"datePublished":"2024-09-09T10:57:47+00:00","dateModified":"2025-02-18T13:56:48+00:00","breadcrumb":{"@id":"https:\/\/tewa.dk\/en\/roll-up-solutions-from-tewa\/#breadcrumb"},"inLanguage":"en-US","potentialAction":[{"@type":"ReadAction","target":["https:\/\/tewa.dk\/en\/roll-up-solutions-from-tewa\/"]}]},{"@type":"BreadcrumbList","@id":"https:\/\/tewa.dk\/en\/roll-up-solutions-from-tewa\/#breadcrumb","itemListElement":[{"@type":"ListItem","position":1,"name":"Forside","item":"https:\/\/tewa.dk\/en\/"},{"@type":"ListItem","position":2,"name":"Roll-Up solutions from TEWA"}]},{"@type":"WebSite","@id":"https:\/\/tewa.webserver10.dk\/#website","url":"https:\/\/tewa.webserver10.dk\/","name":"Tewa","description":"Tewa ApS tilbyder trykkeri samt produktion af CD, DVD og Blu-ray","publisher":{"@id":"https:\/\/tewa.webserver10.dk\/#organization"},"potentialAction":[{"@type":"SearchAction","target":{"@type":"EntryPoint","urlTemplate":"https:\/\/tewa.webserver10.dk\/?s={search_term_string}"},"query-input":{"@type":"PropertyValueSpecification","valueRequired":true,"valueName":"search_term_string"}}],"inLanguage":"en-US"},{"@type":"Organization","@id":"https:\/\/tewa.webserver10.dk\/#organization","name":"Tewa","url":"https:\/\/tewa.webserver10.dk\/","logo":{"@type":"ImageObject","inLanguage":"en-US","@id":"https:\/\/tewa.webserver10.dk\/#\/schema\/logo\/image\/","url":"https:\/\/tewa.dk\/wp-content\/uploads\/2024\/08\/logo.png","contentUrl":"https:\/\/tewa.dk\/wp-content\/uploads\/2024\/08\/logo.png","width":149,"height":62,"caption":"Tewa"},"image":{"@id":"https:\/\/tewa.webserver10.dk\/#\/schema\/logo\/image\/"}}]}},"_links":{"self":[{"href":"https:\/\/tewa.dk\/en\/wp-json\/wp\/v2\/pages\/9676","targetHints":{"allow":["GET"]}}],"collection":[{"href":"https:\/\/tewa.dk\/en\/wp-json\/wp\/v2\/pages"}],"about":[{"href":"https:\/\/tewa.dk\/en\/wp-json\/wp\/v2\/types\/page"}],"author":[{"embeddable":true,"href":"https:\/\/tewa.dk\/en\/wp-json\/wp\/v2\/users\/6"}],"replies":[{"embeddable":true,"href":"https:\/\/tewa.dk\/en\/wp-json\/wp\/v2\/comments?post=9676"}],"version-history":[{"count":1,"href":"https:\/\/tewa.dk\/en\/wp-json\/wp\/v2\/pages\/9676\/revisions"}],"predecessor-version":[{"id":9680,"href":"https:\/\/tewa.dk\/en\/wp-json\/wp\/v2\/pages\/9676\/revisions\/9680"}],"wp:attachment":[{"href":"https:\/\/tewa.dk\/en\/wp-json\/wp\/v2\/media?parent=9676"}],"wp:term":[{"taxonomy":"category","embeddable":true,"href":"https:\/\/tewa.dk\/en\/wp-json\/wp\/v2\/categories?post=9676"}],"curies":[{"name":"wp","href":"https:\/\/api.w.org\/{rel}","templated":true}]}}