{"id":9689,"date":"2024-08-05T10:09:59","date_gmt":"2024-08-05T08:09:59","guid":{"rendered":"https:\/\/tewa.dk\/tewa-also-offers-shrink-wrapping\/"},"modified":"2025-02-18T14:56:48","modified_gmt":"2025-02-18T13:56:48","slug":"tewa-also-offers-shrink-wrapping","status":"publish","type":"page","link":"https:\/\/tewa.dk\/en\/tewa-also-offers-shrink-wrapping\/","title":{"rendered":"TEWA also offers shrink wrapping"},"content":{"rendered":"\t\t<div data-elementor-type=\"wp-page\" data-elementor-id=\"9689\" class=\"elementor elementor-9689 elementor-8635\" data-elementor-post-type=\"page\">\n\t\t\t\t<div class=\"elementor-element elementor-element-5d78d098 e-con-full no-padding e-flex e-con e-parent\" data-id=\"5d78d098\" data-element_type=\"container\">\n\t\t\t\t<div class=\"elementor-element elementor-element-5a9d0057 elementor-widget elementor-widget-shortcode\" data-id=\"5a9d0057\" data-element_type=\"widget\" data-widget_type=\"shortcode.default\">\n\t\t\t\t<div class=\"elementor-widget-container\">\n\t\t\t\t\t<div class=\"elementor-shortcode\">\t\t<div data-elementor-type=\"container\" data-elementor-id=\"6542\" class=\"elementor elementor-6542\" data-elementor-post-type=\"elementor_library\">\n\t\t\t\t<div class=\"elementor-element elementor-element-2bc4b5ab white e-flex e-con-boxed e-con e-parent\" data-id=\"2bc4b5ab\" data-element_type=\"container\" data-settings=\"{&quot;background_background&quot;:&quot;classic&quot;}\">\n\t\t\t\t\t<div class=\"e-con-inner\">\n\t\t\t\t\t<\/div>\n\t\t\t\t<\/div>\n\t\t\t\t<\/div>\n\t\t<\/div>\n\t\t\t\t<\/div>\n\t\t\t\t<\/div>\n\t\t\t\t<\/div>\n\t\t<div class=\"elementor-element elementor-element-1401b658 e-flex e-con-boxed e-con e-parent\" data-id=\"1401b658\" data-element_type=\"container\">\n\t\t\t\t\t<div class=\"e-con-inner\">\n\t\t<div class=\"elementor-element elementor-element-2423ceaa e-con-full e-flex e-con e-child\" data-id=\"2423ceaa\" data-element_type=\"container\">\n\t\t\t\t<div class=\"elementor-element elementor-element-768bb374 elementor-widget elementor-widget-text-editor\" data-id=\"768bb374\" data-element_type=\"widget\" data-widget_type=\"text-editor.default\">\n\t\t\t\t<div class=\"elementor-widget-container\">\n\t\t\t\t\t\t\t<h2>Efficient and professional packaging<\/h2>\n\t\t\t\t\t\t<\/div>\n\t\t\t\t<\/div>\n\t\t\t\t<div class=\"elementor-element elementor-element-52e5c044 elementor-widget-divider--view-line elementor-widget elementor-widget-divider\" data-id=\"52e5c044\" data-element_type=\"widget\" data-widget_type=\"divider.default\">\n\t\t\t\t<div class=\"elementor-widget-container\">\n\t\t\t\t\t<div class=\"elementor-divider\">\n\t\t\t<span class=\"elementor-divider-separator\">\n\t\t\t\t\t\t<\/span>\n\t\t<\/div>\n\t\t\t\t<\/div>\n\t\t\t\t<\/div>\n\t\t\t\t<\/div>\n\t\t<div class=\"elementor-element elementor-element-52cf1105 e-con-full e-flex e-con e-child\" data-id=\"52cf1105\" data-element_type=\"container\">\n\t\t\t\t<div class=\"elementor-element elementor-element-3b7440dd elementor-widget elementor-widget-text-editor\" data-id=\"3b7440dd\" data-element_type=\"widget\" data-widget_type=\"text-editor.default\">\n\t\t\t\t<div class=\"elementor-widget-container\">\n\t\t\t\t\t\t\t<p>At TEWA, we offer shrink wrapping to protect your products and present them in a professional way. Shrink wrapping is an effective packaging solution where a plastic film is shrunk tightly around your goods using heat. It provides both protection against dust and damage and a beautiful, presentable appearance that highlights your products.  <\/p>\n<p>We can handle shrink packaging of both small and large items, and our solutions can be adapted to many different product formats. This makes shrink wrapping ideal for retail products, electronics, printed matter and other items that need to look professional and organized. At TEWA, we ensure that your goods stay together and presentable, both during transportation and on the shelves.  <\/p>\n<h3>Present your products in beautiful packaging<\/h3>\n<p>Shrink wrapping is not only a safe packaging method, but also a way to present your products professionally. The plastic film holds your goods securely in place and protects them from damage, while creating a neat and tight wrapping. At TEWA, we use modern equipment that ensures a fast and accurate process, so you always get a great result.  <\/p>\n<p>We know that time is of the essence when it comes to packaging. That&#8217;s why we offer fast delivery of your shrink packs to get your goods to market on time. Our experienced team is ready to advise you on material and format selection to ensure you get the best solution for your needs.  <\/p>\n<h2>Contact TEWA for efficient shrink packaging of your products<\/h2>\n<p>Need to protect and present your products in the best possible way? <a href=\"https:\/\/tewa.dk\/kontakt\/\">Contact<\/a> TEWA for a non-binding offer on shrink packaging! Call us on <a href=\"tel:98631100\">+45 98 63 11 00<\/a> or send an email to <a href=\"mailto:tewa@tewa.dk\">tewa@tewa.dk<\/a> and we will help you find the optimal packaging solution. <\/p>\n\t\t\t\t\t\t<\/div>\n\t\t\t\t<\/div>\n\t\t\t\t<\/div>\n\t\t<div class=\"elementor-element elementor-element-5061f2bd e-con-full e-flex e-con e-child\" data-id=\"5061f2bd\" data-element_type=\"container\">\n\t\t\t\t<div class=\"elementor-element elementor-element-1b891387 dark elementor-widget elementor-widget-sidebar\" data-id=\"1b891387\" data-element_type=\"widget\" data-widget_type=\"sidebar.default\">\n\t\t\t\t<div class=\"elementor-widget-container\">\n\t\t\t<aside id=\"text-10\" class=\"widget-odd widget-first widget-1 widget inner-padding widget_text\"><h2 class=\"widget-title\">Vil du h\u00f8re mere?<\/h2>\t\t\t<div class=\"textwidget\"><p>Udfyld formularen og vi kontakter dig hurtigst muligt.<\/p>\n<\/div>\n\t\t<\/aside><aside id=\"forminator_widget-2\" class=\"widget-even widget-last widget-2 widget inner-padding widget_forminator_widget\"><form id=\"forminator-module-199\" class=\"forminator-custom-form forminator-custom-form-199\" method=\"post\" data-forminator-render=\"0\" data-uid=\"69e1f2add5a09\"><div role=\"alert\" aria-live=\"polite\" class=\"forminator-response-message forminator-error\" aria-hidden=\"true\"><\/div><\/form><\/aside>\t\t<\/div>\n\t\t\t\t<\/div>\n\t\t\t\t<div class=\"elementor-element elementor-element-095ce1f elementor-widget elementor-widget-gallery\" data-id=\"095ce1f\" data-element_type=\"widget\" data-settings=\"{&quot;columns_mobile&quot;:2,&quot;aspect_ratio&quot;:&quot;4:3&quot;,&quot;lazyload&quot;:&quot;yes&quot;,&quot;gallery_layout&quot;:&quot;grid&quot;,&quot;columns&quot;:4,&quot;columns_tablet&quot;:2,&quot;gap&quot;:{&quot;unit&quot;:&quot;px&quot;,&quot;size&quot;:10,&quot;sizes&quot;:[]},&quot;gap_laptop&quot;:{&quot;unit&quot;:&quot;px&quot;,&quot;size&quot;:10,&quot;sizes&quot;:[]},&quot;gap_tablet&quot;:{&quot;unit&quot;:&quot;px&quot;,&quot;size&quot;:10,&quot;sizes&quot;:[]},&quot;gap_mobile&quot;:{&quot;unit&quot;:&quot;px&quot;,&quot;size&quot;:10,&quot;sizes&quot;:[]},&quot;link_to&quot;:&quot;file&quot;,&quot;overlay_background&quot;:&quot;yes&quot;,&quot;content_hover_animation&quot;:&quot;fade-in&quot;}\" data-widget_type=\"gallery.default\">\n\t\t\t\t<div class=\"elementor-widget-container\">\n\t\t\t\t\t<div class=\"elementor-gallery__container\">\n\t\t\t\t\t\t\t<a class=\"e-gallery-item elementor-gallery-item elementor-animated-content\" href=\"https:\/\/tewa.dk\/wp-content\/uploads\/2025\/01\/IMG_2062-1-scaled.jpg\" data-elementor-open-lightbox=\"yes\" data-elementor-lightbox-slideshow=\"095ce1f\" data-e-action-hash=\"#elementor-action%3Aaction%3Dlightbox%26settings%3DeyJpZCI6OTYxOCwidXJsIjoiaHR0cHM6XC9cL3Rld2EuZGtcL3dwLWNvbnRlbnRcL3VwbG9hZHNcLzIwMjVcLzAxXC9JTUdfMjA2Mi0xLXNjYWxlZC5qcGciLCJzbGlkZXNob3ciOiIwOTVjZTFmIn0%3D\" data-rel=\"-image-0\" data-rl_title=\"\" data-rl_caption=\"\" title=\"\">\n\t\t\t\t\t<div class=\"e-gallery-image elementor-gallery-item__image\" data-thumbnail=\"https:\/\/tewa.dk\/wp-content\/uploads\/2025\/01\/IMG_2062-1-scaled.jpg\" data-width=\"1536\" data-height=\"2048\" aria-label=\"\" role=\"img\" ><\/div>\n\t\t\t\t\t\t\t\t\t\t\t<div class=\"elementor-gallery-item__overlay\"><\/div>\n\t\t\t\t\t\t\t\t\t\t\t\t\t\t<\/a>\n\t\t\t\t\t\t\t<a class=\"e-gallery-item elementor-gallery-item elementor-animated-content\" href=\"https:\/\/tewa.dk\/wp-content\/uploads\/2024\/12\/IMG_5257-2-scaled.jpeg\" data-elementor-open-lightbox=\"yes\" data-elementor-lightbox-slideshow=\"095ce1f\" data-e-action-hash=\"#elementor-action%3Aaction%3Dlightbox%26settings%3DeyJpZCI6OTU0OSwidXJsIjoiaHR0cHM6XC9cL3Rld2EuZGtcL3dwLWNvbnRlbnRcL3VwbG9hZHNcLzIwMjRcLzEyXC9JTUdfNTI1Ny0yLXNjYWxlZC5qcGVnIiwic2xpZGVzaG93IjoiMDk1Y2UxZiJ9\" data-rel=\"-image-1\" data-rl_title=\"\" data-rl_caption=\"\" title=\"\">\n\t\t\t\t\t<div class=\"e-gallery-image elementor-gallery-item__image\" data-thumbnail=\"https:\/\/tewa.dk\/wp-content\/uploads\/2024\/12\/IMG_5257-2-scaled.jpeg\" data-width=\"1536\" data-height=\"2048\" aria-label=\"\" role=\"img\" ><\/div>\n\t\t\t\t\t\t\t\t\t\t\t<div class=\"elementor-gallery-item__overlay\"><\/div>\n\t\t\t\t\t\t\t\t\t\t\t\t\t\t<\/a>\n\t\t\t\t\t\t\t<a class=\"e-gallery-item elementor-gallery-item elementor-animated-content\" href=\"https:\/\/tewa.dk\/wp-content\/uploads\/2024\/11\/IMG_5146-scaled.jpg\" data-elementor-open-lightbox=\"yes\" data-elementor-lightbox-slideshow=\"095ce1f\" data-e-action-hash=\"#elementor-action%3Aaction%3Dlightbox%26settings%3DeyJpZCI6OTMwOCwidXJsIjoiaHR0cHM6XC9cL3Rld2EuZGtcL3dwLWNvbnRlbnRcL3VwbG9hZHNcLzIwMjRcLzExXC9JTUdfNTE0Ni1zY2FsZWQuanBnIiwic2xpZGVzaG93IjoiMDk1Y2UxZiJ9\" data-rel=\"-image-2\" data-rl_title=\"\" data-rl_caption=\"\" title=\"\">\n\t\t\t\t\t<div class=\"e-gallery-image elementor-gallery-item__image\" data-thumbnail=\"https:\/\/tewa.dk\/wp-content\/uploads\/2024\/11\/IMG_5146-scaled.jpg\" data-width=\"1536\" data-height=\"2048\" aria-label=\"\" role=\"img\" ><\/div>\n\t\t\t\t\t\t\t\t\t\t\t<div class=\"elementor-gallery-item__overlay\"><\/div>\n\t\t\t\t\t\t\t\t\t\t\t\t\t\t<\/a>\n\t\t\t\t\t\t\t<a class=\"e-gallery-item elementor-gallery-item elementor-animated-content\" href=\"https:\/\/tewa.dk\/wp-content\/uploads\/2024\/09\/IMG_2895-rotated.jpg\" data-elementor-open-lightbox=\"yes\" data-elementor-lightbox-slideshow=\"095ce1f\" data-e-action-hash=\"#elementor-action%3Aaction%3Dlightbox%26settings%3DeyJpZCI6OTA2MywidXJsIjoiaHR0cHM6XC9cL3Rld2EuZGtcL3dwLWNvbnRlbnRcL3VwbG9hZHNcLzIwMjRcLzA5XC9JTUdfMjg5NS1yb3RhdGVkLmpwZyIsInNsaWRlc2hvdyI6IjA5NWNlMWYifQ%3D%3D\" data-rel=\"-image-3\" data-rl_title=\"\" data-rl_caption=\"\" title=\"\">\n\t\t\t\t\t<div class=\"e-gallery-image elementor-gallery-item__image\" data-thumbnail=\"https:\/\/tewa.dk\/wp-content\/uploads\/2024\/09\/IMG_2895-rotated.jpg\" data-width=\"1512\" data-height=\"2016\" aria-label=\"\" role=\"img\" ><\/div>\n\t\t\t\t\t\t\t\t\t\t\t<div class=\"elementor-gallery-item__overlay\"><\/div>\n\t\t\t\t\t\t\t\t\t\t\t\t\t\t<\/a>\n\t\t\t\t\t\t\t<a class=\"e-gallery-item elementor-gallery-item elementor-animated-content\" href=\"https:\/\/tewa.dk\/wp-content\/uploads\/2024\/09\/thumbnail_knockout-1.png\" data-elementor-open-lightbox=\"yes\" data-elementor-lightbox-slideshow=\"095ce1f\" data-e-action-hash=\"#elementor-action%3Aaction%3Dlightbox%26settings%3DeyJpZCI6OTAxOCwidXJsIjoiaHR0cHM6XC9cL3Rld2EuZGtcL3dwLWNvbnRlbnRcL3VwbG9hZHNcLzIwMjRcLzA5XC90aHVtYm5haWxfa25vY2tvdXQtMS5wbmciLCJzbGlkZXNob3ciOiIwOTVjZTFmIn0%3D\" data-rel=\"-image-4\" data-rl_title=\"\" data-rl_caption=\"\" title=\"\">\n\t\t\t\t\t<div class=\"e-gallery-image elementor-gallery-item__image\" data-thumbnail=\"https:\/\/tewa.dk\/wp-content\/uploads\/2024\/09\/thumbnail_knockout-1.png\" data-width=\"1125\" data-height=\"697\" aria-label=\"\" role=\"img\" ><\/div>\n\t\t\t\t\t\t\t\t\t\t\t<div class=\"elementor-gallery-item__overlay\"><\/div>\n\t\t\t\t\t\t\t\t\t\t\t\t\t\t<\/a>\n\t\t\t\t\t\t\t<a class=\"e-gallery-item elementor-gallery-item elementor-animated-content\" href=\"https:\/\/tewa.dk\/wp-content\/uploads\/2024\/11\/IMG_5229-scaled.jpg\" data-elementor-open-lightbox=\"yes\" data-elementor-lightbox-slideshow=\"095ce1f\" data-e-action-hash=\"#elementor-action%3Aaction%3Dlightbox%26settings%3DeyJpZCI6OTM5NCwidXJsIjoiaHR0cHM6XC9cL3Rld2EuZGtcL3dwLWNvbnRlbnRcL3VwbG9hZHNcLzIwMjRcLzExXC9JTUdfNTIyOS1zY2FsZWQuanBnIiwic2xpZGVzaG93IjoiMDk1Y2UxZiJ9\" data-rel=\"-image-5\" data-rl_title=\"\" data-rl_caption=\"\" title=\"\">\n\t\t\t\t\t<div class=\"e-gallery-image elementor-gallery-item__image\" data-thumbnail=\"https:\/\/tewa.dk\/wp-content\/uploads\/2024\/11\/IMG_5229-scaled.jpg\" data-width=\"1536\" data-height=\"2048\" aria-label=\"\" role=\"img\" ><\/div>\n\t\t\t\t\t\t\t\t\t\t\t<div class=\"elementor-gallery-item__overlay\"><\/div>\n\t\t\t\t\t\t\t\t\t\t\t\t\t\t<\/a>\n\t\t\t\t\t<\/div>\n\t\t\t<\/div>\n\t\t\t\t<\/div>\n\t\t\t\t<\/div>\n\t\t\t\t\t<\/div>\n\t\t\t\t<\/div>\n\t\t<div class=\"elementor-element elementor-element-8e6ceed e-con-full no-padding e-flex e-con e-parent\" data-id=\"8e6ceed\" data-element_type=\"container\">\n\t\t\t\t<div class=\"elementor-element elementor-element-117760e5 elementor-widget elementor-widget-shortcode\" data-id=\"117760e5\" data-element_type=\"widget\" data-widget_type=\"shortcode.default\">\n\t\t\t\t<div class=\"elementor-widget-container\">\n\t\t\t\t\t<div class=\"elementor-shortcode\">\t\t<div data-elementor-type=\"container\" data-elementor-id=\"5414\" class=\"elementor elementor-5414\" data-elementor-post-type=\"elementor_library\">\n\t\t\t\t<div class=\"elementor-element elementor-element-351e1a22 overlay e-flex e-con-boxed e-con e-parent\" data-id=\"351e1a22\" data-element_type=\"container\" data-settings=\"{&quot;background_background&quot;:&quot;classic&quot;}\">\n\t\t\t\t\t<div class=\"e-con-inner\">\n\t\t<div class=\"elementor-element elementor-element-3420f2bf e-con-full e-flex e-con e-child\" data-id=\"3420f2bf\" data-element_type=\"container\">\n\t\t<div class=\"elementor-element elementor-element-81ac92b e-con-full padding e-flex e-con e-child\" data-id=\"81ac92b\" data-element_type=\"container\" data-settings=\"{&quot;background_background&quot;:&quot;classic&quot;}\">\n\t\t\t\t<div class=\"elementor-element elementor-element-501edf0 elementor-widget elementor-widget-text-editor\" data-id=\"501edf0\" data-element_type=\"widget\" data-widget_type=\"text-editor.default\">\n\t\t\t\t<div class=\"elementor-widget-container\">\n\t\t\t\t\t\t\t<h3 style=\"text-align: center;\">Kontakt Tewa ApS<\/h3><h4 style=\"text-align: center;\">Har du sp\u00f8rgsm\u00e5l? Kontakt os og lad os tage en uforpligtende snak<\/h4><p style=\"text-align: center;\">Vi sidder klar til at besvare ethvert sp\u00f8rgsm\u00e5l, du m\u00e5tte have, som du ikke f\u00e5r besvaret her p\u00e5 hjemmesiden. S\u00e5 t\u00f8v ikke med at ringe eller skrive til os. Vi tager med gl\u00e6de en helt uforpligtende snak med dig om dine planer.<\/p>\t\t\t\t\t\t<\/div>\n\t\t\t\t<\/div>\n\t\t\t\t<div class=\"elementor-element elementor-element-79078d9e cta elementor-align-center elementor-widget elementor-widget-button\" data-id=\"79078d9e\" data-element_type=\"widget\" data-widget_type=\"button.default\">\n\t\t\t\t<div class=\"elementor-widget-container\">\n\t\t\t\t\t\t\t<div class=\"elementor-button-wrapper\">\n\t\t\t\t\t<a class=\"elementor-button elementor-button-link elementor-size-sm\" href=\"\/kontakt\/\">\n\t\t\t\t\t\t<span class=\"elementor-button-content-wrapper\">\n\t\t\t\t\t\t\t\t\t<span class=\"elementor-button-text\">Skriv til os her<\/span>\n\t\t\t\t\t<\/span>\n\t\t\t\t\t<\/a>\n\t\t\t\t<\/div>\n\t\t\t\t\t\t<\/div>\n\t\t\t\t<\/div>\n\t\t\t\t<\/div>\n\t\t\t\t<\/div>\n\t\t\t\t\t<\/div>\n\t\t\t\t<\/div>\n\t\t\t\t<\/div>\n\t\t<\/div>\n\t\t\t\t<\/div>\n\t\t\t\t<\/div>\n\t\t\t\t<\/div>\n\t\t\t\t<\/div>\n\t\t","protected":false},"excerpt":{"rendered":"<p>Read more here.<\/p>\n","protected":false},"author":5,"featured_media":8986,"parent":0,"menu_order":1014,"comment_status":"closed","ping_status":"closed","template":"","meta":{"_acf_changed":false,"footnotes":""},"categories":[81],"class_list":{"0":"post-9689","1":"page","2":"type-page","3":"status-publish","4":"has-post-thumbnail","6":"category-services-and-benefits"},"acf":[],"yoast_head":"<!-- This site is optimized with the Yoast SEO plugin v27.4 - https:\/\/yoast.com\/product\/yoast-seo-wordpress\/ -->\n<title>TEWA also offers shrink wrapping | Tewa<\/title>\n<meta name=\"robots\" content=\"index, follow, max-snippet:-1, max-image-preview:large, max-video-preview:-1\" \/>\n<link rel=\"canonical\" href=\"https:\/\/tewa.dk\/en\/tewa-also-offers-shrink-wrapping\/\" \/>\n<meta property=\"og:locale\" content=\"en_US\" \/>\n<meta property=\"og:type\" content=\"article\" \/>\n<meta property=\"og:title\" content=\"TEWA also offers shrink wrapping | Tewa\" \/>\n<meta property=\"og:description\" content=\"Read more here.\" \/>\n<meta property=\"og:url\" content=\"https:\/\/tewa.dk\/en\/tewa-also-offers-shrink-wrapping\/\" \/>\n<meta property=\"og:site_name\" content=\"Tewa\" \/>\n<meta property=\"article:modified_time\" content=\"2025-02-18T13:56:48+00:00\" \/>\n<meta property=\"og:image\" content=\"https:\/\/tewa.dk\/wp-content\/uploads\/2024\/09\/IMG_2062-scaled.jpg\" \/>\n\t<meta property=\"og:image:width\" content=\"1536\" \/>\n\t<meta property=\"og:image:height\" content=\"2048\" \/>\n\t<meta property=\"og:image:type\" content=\"image\/jpeg\" \/>\n<meta name=\"twitter:card\" content=\"summary_large_image\" \/>\n<meta name=\"twitter:label1\" content=\"Est. reading time\" \/>\n\t<meta name=\"twitter:data1\" content=\"1 minute\" \/>\n<script type=\"application\/ld+json\" class=\"yoast-schema-graph\">{\"@context\":\"https:\\\/\\\/schema.org\",\"@graph\":[{\"@type\":\"WebPage\",\"@id\":\"https:\\\/\\\/tewa.dk\\\/en\\\/tewa-also-offers-shrink-wrapping\\\/\",\"url\":\"https:\\\/\\\/tewa.dk\\\/en\\\/tewa-also-offers-shrink-wrapping\\\/\",\"name\":\"TEWA also offers shrink wrapping | Tewa\",\"isPartOf\":{\"@id\":\"https:\\\/\\\/tewa.webserver10.dk\\\/#website\"},\"primaryImageOfPage\":{\"@id\":\"https:\\\/\\\/tewa.dk\\\/en\\\/tewa-also-offers-shrink-wrapping\\\/#primaryimage\"},\"image\":{\"@id\":\"https:\\\/\\\/tewa.dk\\\/en\\\/tewa-also-offers-shrink-wrapping\\\/#primaryimage\"},\"thumbnailUrl\":\"https:\\\/\\\/tewa.dk\\\/wp-content\\\/uploads\\\/2024\\\/09\\\/IMG_2062-scaled.jpg\",\"datePublished\":\"2024-08-05T08:09:59+00:00\",\"dateModified\":\"2025-02-18T13:56:48+00:00\",\"breadcrumb\":{\"@id\":\"https:\\\/\\\/tewa.dk\\\/en\\\/tewa-also-offers-shrink-wrapping\\\/#breadcrumb\"},\"inLanguage\":\"en-US\",\"potentialAction\":[{\"@type\":\"ReadAction\",\"target\":[\"https:\\\/\\\/tewa.dk\\\/en\\\/tewa-also-offers-shrink-wrapping\\\/\"]}]},{\"@type\":\"ImageObject\",\"inLanguage\":\"en-US\",\"@id\":\"https:\\\/\\\/tewa.dk\\\/en\\\/tewa-also-offers-shrink-wrapping\\\/#primaryimage\",\"url\":\"https:\\\/\\\/tewa.dk\\\/wp-content\\\/uploads\\\/2024\\\/09\\\/IMG_2062-scaled.jpg\",\"contentUrl\":\"https:\\\/\\\/tewa.dk\\\/wp-content\\\/uploads\\\/2024\\\/09\\\/IMG_2062-scaled.jpg\",\"width\":1536,\"height\":2048},{\"@type\":\"BreadcrumbList\",\"@id\":\"https:\\\/\\\/tewa.dk\\\/en\\\/tewa-also-offers-shrink-wrapping\\\/#breadcrumb\",\"itemListElement\":[{\"@type\":\"ListItem\",\"position\":1,\"name\":\"Forside\",\"item\":\"https:\\\/\\\/tewa.dk\\\/en\\\/\"},{\"@type\":\"ListItem\",\"position\":2,\"name\":\"TEWA also offers shrink wrapping\"}]},{\"@type\":\"WebSite\",\"@id\":\"https:\\\/\\\/tewa.webserver10.dk\\\/#website\",\"url\":\"https:\\\/\\\/tewa.webserver10.dk\\\/\",\"name\":\"Tewa\",\"description\":\"Tewa ApS tilbyder trykkeri samt produktion af CD, DVD og Blu-ray\",\"publisher\":{\"@id\":\"https:\\\/\\\/tewa.webserver10.dk\\\/#organization\"},\"potentialAction\":[{\"@type\":\"SearchAction\",\"target\":{\"@type\":\"EntryPoint\",\"urlTemplate\":\"https:\\\/\\\/tewa.webserver10.dk\\\/?s={search_term_string}\"},\"query-input\":{\"@type\":\"PropertyValueSpecification\",\"valueRequired\":true,\"valueName\":\"search_term_string\"}}],\"inLanguage\":\"en-US\"},{\"@type\":\"Organization\",\"@id\":\"https:\\\/\\\/tewa.webserver10.dk\\\/#organization\",\"name\":\"Tewa\",\"url\":\"https:\\\/\\\/tewa.webserver10.dk\\\/\",\"logo\":{\"@type\":\"ImageObject\",\"inLanguage\":\"en-US\",\"@id\":\"https:\\\/\\\/tewa.webserver10.dk\\\/#\\\/schema\\\/logo\\\/image\\\/\",\"url\":\"https:\\\/\\\/tewa.dk\\\/wp-content\\\/uploads\\\/2024\\\/08\\\/logo.png\",\"contentUrl\":\"https:\\\/\\\/tewa.dk\\\/wp-content\\\/uploads\\\/2024\\\/08\\\/logo.png\",\"width\":149,\"height\":62,\"caption\":\"Tewa\"},\"image\":{\"@id\":\"https:\\\/\\\/tewa.webserver10.dk\\\/#\\\/schema\\\/logo\\\/image\\\/\"}}]}<\/script>\n<!-- \/ Yoast SEO plugin. -->","yoast_head_json":{"title":"TEWA also offers shrink wrapping | Tewa","robots":{"index":"index","follow":"follow","max-snippet":"max-snippet:-1","max-image-preview":"max-image-preview:large","max-video-preview":"max-video-preview:-1"},"canonical":"https:\/\/tewa.dk\/en\/tewa-also-offers-shrink-wrapping\/","og_locale":"en_US","og_type":"article","og_title":"TEWA also offers shrink wrapping | Tewa","og_description":"Read more here.","og_url":"https:\/\/tewa.dk\/en\/tewa-also-offers-shrink-wrapping\/","og_site_name":"Tewa","article_modified_time":"2025-02-18T13:56:48+00:00","og_image":[{"width":1536,"height":2048,"url":"https:\/\/tewa.dk\/wp-content\/uploads\/2024\/09\/IMG_2062-scaled.jpg","type":"image\/jpeg"}],"twitter_card":"summary_large_image","twitter_misc":{"Est. reading time":"1 minute"},"schema":{"@context":"https:\/\/schema.org","@graph":[{"@type":"WebPage","@id":"https:\/\/tewa.dk\/en\/tewa-also-offers-shrink-wrapping\/","url":"https:\/\/tewa.dk\/en\/tewa-also-offers-shrink-wrapping\/","name":"TEWA also offers shrink wrapping | Tewa","isPartOf":{"@id":"https:\/\/tewa.webserver10.dk\/#website"},"primaryImageOfPage":{"@id":"https:\/\/tewa.dk\/en\/tewa-also-offers-shrink-wrapping\/#primaryimage"},"image":{"@id":"https:\/\/tewa.dk\/en\/tewa-also-offers-shrink-wrapping\/#primaryimage"},"thumbnailUrl":"https:\/\/tewa.dk\/wp-content\/uploads\/2024\/09\/IMG_2062-scaled.jpg","datePublished":"2024-08-05T08:09:59+00:00","dateModified":"2025-02-18T13:56:48+00:00","breadcrumb":{"@id":"https:\/\/tewa.dk\/en\/tewa-also-offers-shrink-wrapping\/#breadcrumb"},"inLanguage":"en-US","potentialAction":[{"@type":"ReadAction","target":["https:\/\/tewa.dk\/en\/tewa-also-offers-shrink-wrapping\/"]}]},{"@type":"ImageObject","inLanguage":"en-US","@id":"https:\/\/tewa.dk\/en\/tewa-also-offers-shrink-wrapping\/#primaryimage","url":"https:\/\/tewa.dk\/wp-content\/uploads\/2024\/09\/IMG_2062-scaled.jpg","contentUrl":"https:\/\/tewa.dk\/wp-content\/uploads\/2024\/09\/IMG_2062-scaled.jpg","width":1536,"height":2048},{"@type":"BreadcrumbList","@id":"https:\/\/tewa.dk\/en\/tewa-also-offers-shrink-wrapping\/#breadcrumb","itemListElement":[{"@type":"ListItem","position":1,"name":"Forside","item":"https:\/\/tewa.dk\/en\/"},{"@type":"ListItem","position":2,"name":"TEWA also offers shrink wrapping"}]},{"@type":"WebSite","@id":"https:\/\/tewa.webserver10.dk\/#website","url":"https:\/\/tewa.webserver10.dk\/","name":"Tewa","description":"Tewa ApS tilbyder trykkeri samt produktion af CD, DVD og Blu-ray","publisher":{"@id":"https:\/\/tewa.webserver10.dk\/#organization"},"potentialAction":[{"@type":"SearchAction","target":{"@type":"EntryPoint","urlTemplate":"https:\/\/tewa.webserver10.dk\/?s={search_term_string}"},"query-input":{"@type":"PropertyValueSpecification","valueRequired":true,"valueName":"search_term_string"}}],"inLanguage":"en-US"},{"@type":"Organization","@id":"https:\/\/tewa.webserver10.dk\/#organization","name":"Tewa","url":"https:\/\/tewa.webserver10.dk\/","logo":{"@type":"ImageObject","inLanguage":"en-US","@id":"https:\/\/tewa.webserver10.dk\/#\/schema\/logo\/image\/","url":"https:\/\/tewa.dk\/wp-content\/uploads\/2024\/08\/logo.png","contentUrl":"https:\/\/tewa.dk\/wp-content\/uploads\/2024\/08\/logo.png","width":149,"height":62,"caption":"Tewa"},"image":{"@id":"https:\/\/tewa.webserver10.dk\/#\/schema\/logo\/image\/"}}]}},"_links":{"self":[{"href":"https:\/\/tewa.dk\/en\/wp-json\/wp\/v2\/pages\/9689","targetHints":{"allow":["GET"]}}],"collection":[{"href":"https:\/\/tewa.dk\/en\/wp-json\/wp\/v2\/pages"}],"about":[{"href":"https:\/\/tewa.dk\/en\/wp-json\/wp\/v2\/types\/page"}],"author":[{"embeddable":true,"href":"https:\/\/tewa.dk\/en\/wp-json\/wp\/v2\/users\/5"}],"replies":[{"embeddable":true,"href":"https:\/\/tewa.dk\/en\/wp-json\/wp\/v2\/comments?post=9689"}],"version-history":[{"count":1,"href":"https:\/\/tewa.dk\/en\/wp-json\/wp\/v2\/pages\/9689\/revisions"}],"predecessor-version":[{"id":9692,"href":"https:\/\/tewa.dk\/en\/wp-json\/wp\/v2\/pages\/9689\/revisions\/9692"}],"wp:featuredmedia":[{"embeddable":true,"href":"https:\/\/tewa.dk\/en\/wp-json\/wp\/v2\/media\/8986"}],"wp:attachment":[{"href":"https:\/\/tewa.dk\/en\/wp-json\/wp\/v2\/media?parent=9689"}],"wp:term":[{"taxonomy":"category","embeddable":true,"href":"https:\/\/tewa.dk\/en\/wp-json\/wp\/v2\/categories?post=9689"}],"curies":[{"name":"wp","href":"https:\/\/api.w.org\/{rel}","templated":true}]}}