{"id":9695,"date":"2024-08-05T10:07:45","date_gmt":"2024-08-05T08:07:45","guid":{"rendered":"https:\/\/tewa.dk\/about-tewa\/"},"modified":"2025-02-18T14:57:29","modified_gmt":"2025-02-18T13:57:29","slug":"about-tewa","status":"publish","type":"page","link":"https:\/\/tewa.dk\/en\/about-tewa\/","title":{"rendered":"About Tewa"},"content":{"rendered":"\t\t<div data-elementor-type=\"wp-page\" data-elementor-id=\"9695\" class=\"elementor elementor-9695 elementor-8582\" data-elementor-post-type=\"page\">\n\t\t\t\t<div class=\"elementor-element elementor-element-348d1bb3 e-con-full no-padding e-flex e-con e-parent\" data-id=\"348d1bb3\" data-element_type=\"container\">\n\t\t\t\t<div class=\"elementor-element elementor-element-58bb67d5 elementor-widget elementor-widget-shortcode\" data-id=\"58bb67d5\" data-element_type=\"widget\" data-widget_type=\"shortcode.default\">\n\t\t\t\t<div class=\"elementor-widget-container\">\n\t\t\t\t\t<div class=\"elementor-shortcode\">\t\t<div data-elementor-type=\"container\" data-elementor-id=\"6542\" class=\"elementor elementor-6542\" data-elementor-post-type=\"elementor_library\">\n\t\t\t\t<div class=\"elementor-element elementor-element-2bc4b5ab white e-flex e-con-boxed e-con e-parent\" data-id=\"2bc4b5ab\" data-element_type=\"container\" data-settings=\"{&quot;background_background&quot;:&quot;classic&quot;}\">\n\t\t\t\t\t<div class=\"e-con-inner\">\n\t\t\t\t\t<\/div>\n\t\t\t\t<\/div>\n\t\t\t\t<\/div>\n\t\t<\/div>\n\t\t\t\t<\/div>\n\t\t\t\t<\/div>\n\t\t\t\t<\/div>\n\t\t<div class=\"elementor-element elementor-element-58c25fe8 e-flex e-con-boxed e-con e-parent\" data-id=\"58c25fe8\" data-element_type=\"container\">\n\t\t\t\t\t<div class=\"e-con-inner\">\n\t\t<div class=\"elementor-element elementor-element-ba522f8 e-con-full e-flex e-con e-child\" data-id=\"ba522f8\" data-element_type=\"container\">\n\t\t\t\t<div class=\"elementor-element elementor-element-667f93c9 elementor-widget elementor-widget-text-editor\" data-id=\"667f93c9\" data-element_type=\"widget\" data-widget_type=\"text-editor.default\">\n\t\t\t\t<div class=\"elementor-widget-container\">\n\t\t\t\t\t\t\t<h2>TEWA, a company with a special focus on customer satisfaction<\/h2>\n\t\t\t\t\t\t<\/div>\n\t\t\t\t<\/div>\n\t\t\t\t<div class=\"elementor-element elementor-element-4c1fab29 elementor-widget-divider--view-line elementor-widget elementor-widget-divider\" data-id=\"4c1fab29\" data-element_type=\"widget\" data-widget_type=\"divider.default\">\n\t\t\t\t<div class=\"elementor-widget-container\">\n\t\t\t\t\t<div class=\"elementor-divider\">\n\t\t\t<span class=\"elementor-divider-separator\">\n\t\t\t\t\t\t<\/span>\n\t\t<\/div>\n\t\t\t\t<\/div>\n\t\t\t\t<\/div>\n\t\t\t\t<\/div>\n\t\t<div class=\"elementor-element elementor-element-4046597e e-con-full e-flex e-con e-child\" data-id=\"4046597e\" data-element_type=\"container\">\n\t\t\t\t<div class=\"elementor-element elementor-element-4731a06d elementor-widget elementor-widget-text-editor\" data-id=\"4731a06d\" data-element_type=\"widget\" data-widget_type=\"text-editor.default\">\n\t\t\t\t<div class=\"elementor-widget-container\">\n\t\t\t\t\t\t\t<p><em>For five decades, TEWA has distinguished itself as a versatile and quality-conscious company in the North Jutland business community. The company was established in 1974 by Jan Nielsen&#8217;s father, and Jan has subsequently chosen to continue running the company, later bringing Thorsten Sander on board. <\/em><\/p>\n<p>TEWA began as a small business selling cassette tapes and modest 10-watt speakers &#8211; hence the name TEWA. One of the first major customers was none other than Jodle Birge, who recorded his first record with TEWA, emphasizing the company&#8217;s early involvement in the music industry. TEWA also produces CDs for artists such as T\u00f8rfisk and Johnny Madsen. By investing in specialized equipment that can produce small runs of bespoke CD boxes, TEWA has managed to maintain sales and production at a time when physical music media is becoming increasingly niche.   <\/p>\n<p>One of TEWA&#8217;s core values is to put the customer first. &#8220;We never say no to our customers&#8221; says Thorsten Sander. This philosophy has made TEWA a trusted partner for many local companies who appreciate the flexibility and versatility TEWA offers. The most important thing for TEWA is to find solutions together with the customer. Whether it&#8217;s product development, setup or other assistance, the company is always ready to guide their customers through the process so that no one is left alone.    <\/p>\n<h3>One of the most modern and climate-friendly digital printing companies in Vesthimmerland<\/h3>\n<p>With 50 years of experience, TEWA has become one of the most modern, flexible, climate-friendly and versatile digital printing companies in Vesthimmerland. They offer a wide range of products ranging from flyers, leaflets, stickers, booklets, menus, spiral books, calendars, catalogs, beach flags, roll-ups, promotional items, folding fans, mouse pads, envelopes, business cards, posters, boxes, crates, canvas prints, hang tags, floor and window films, t-shirts, clothing, banners, signs, large format, USB, CD, DVD, BluRay, vinyl, authoring, mastering, setting up, packaging, foiling &#8211; and much more. This wide range of services emphasizes TEWA&#8217;s versatility and ability to meet almost any customer&#8217;s needs.  <\/p>\n<p>The company has also invested in a large format printer that uses water-based ink and is PVC-free, which reduces the environmental impact. At the same time, TEWA is careful not to oversell, but instead focuses on delivering the right number of products in the highest quality, resulting in less waste and a more responsible production. <\/p>\n<h3>A diverse customer portfolio<\/h3>\n<p>TEWA has expanded its product portfolio significantly over the years. The company is responsible for authoring\/encoding DVD, BluRay and 4K\/UHD for Scanbox, Nordisk Film and Universal, among others. These include popular TV series such as Badehotellet, Minkavlerne and Sommerdahl, as well as films such as Back to Black (Amy Winehouse), Jagts\u00e6son 2 and De forbandede \u00e5r 2. TEWA has made well over a thousand films with a focus on the highest quality image and sound. Their commitment to these projects is the result of their ability to offer tailored solutions in software development and production methods that match their clients&#8217; needs.   <\/p>\n<p>In addition, the company also has a close collaboration with Action Kids, where TEWA produces large desk calendars for the Bjarne Jensen Foundation. This project demonstrates TEWA&#8217;s ability to identify new business opportunities and invest in the necessary equipment to meet customer needs, as prior to the collaboration the company had no machines to produce desk calendars. According to Thomas Fedder, Project Manager and Founder of Action Kids, this willingness to meet customer needs is something that customers appreciate:  <\/p>\n<p>&#8220;I have never met anyone so positive, constructive and creative. TEWA always tries to find a solution when you come with a problem you need solved. At the same time, it&#8217;s also fun to visit them and I always bring home something cool,&#8221; says Thomas Fedder  <\/p>\n<p>TEWA is therefore an example of a company that has managed to maintain its relevance and success over the years with great flexibility and willingness to invest in new opportunities. Their commitment to transparency and honesty in pricing has created long-lasting relationships with customers, and their willingness to always say yes to new challenges makes them an invaluable partner in the local business community. Together with their customers, the company always finds the best solution, ensuring that each job is completed in a way that creates value for all parties.  <\/p>\n\t\t\t\t\t\t<\/div>\n\t\t\t\t<\/div>\n\t\t\t\t<\/div>\n\t\t<div class=\"elementor-element elementor-element-61757cac e-con-full e-flex e-con e-child\" data-id=\"61757cac\" data-element_type=\"container\">\n\t\t\t\t<div class=\"elementor-element elementor-element-c9b9325 dark elementor-widget elementor-widget-sidebar\" data-id=\"c9b9325\" data-element_type=\"widget\" data-widget_type=\"sidebar.default\">\n\t\t\t\t<div class=\"elementor-widget-container\">\n\t\t\t<aside id=\"text-10\" class=\"widget-odd widget-first widget-1 widget inner-padding widget_text\"><h2 class=\"widget-title\">Vil du h\u00f8re mere?<\/h2>\t\t\t<div class=\"textwidget\"><p>Udfyld formularen og vi kontakter dig hurtigst muligt.<\/p>\n<\/div>\n\t\t<\/aside><aside id=\"forminator_widget-2\" class=\"widget-even widget-last widget-2 widget inner-padding widget_forminator_widget\"><form id=\"forminator-module-199\" class=\"forminator-custom-form forminator-custom-form-199\" method=\"post\" data-forminator-render=\"0\" data-uid=\"69e2083c674cf\"><div role=\"alert\" aria-live=\"polite\" class=\"forminator-response-message forminator-error\" aria-hidden=\"true\"><\/div><\/form><\/aside>\t\t<\/div>\n\t\t\t\t<\/div>\n\t\t\t\t<\/div>\n\t\t\t\t\t<\/div>\n\t\t\t\t<\/div>\n\t\t<div class=\"elementor-element elementor-element-9a42535 e-con-full no-padding e-flex e-con e-parent\" data-id=\"9a42535\" data-element_type=\"container\">\n\t\t\t\t<div class=\"elementor-element elementor-element-cd9c41e elementor-widget elementor-widget-shortcode\" data-id=\"cd9c41e\" data-element_type=\"widget\" data-widget_type=\"shortcode.default\">\n\t\t\t\t<div class=\"elementor-widget-container\">\n\t\t\t\t\t<div class=\"elementor-shortcode\">\t\t<div data-elementor-type=\"container\" data-elementor-id=\"5414\" class=\"elementor elementor-5414\" data-elementor-post-type=\"elementor_library\">\n\t\t\t\t<div class=\"elementor-element elementor-element-351e1a22 overlay e-flex e-con-boxed e-con e-parent\" data-id=\"351e1a22\" data-element_type=\"container\" data-settings=\"{&quot;background_background&quot;:&quot;classic&quot;}\">\n\t\t\t\t\t<div class=\"e-con-inner\">\n\t\t<div class=\"elementor-element elementor-element-3420f2bf e-con-full e-flex e-con e-child\" data-id=\"3420f2bf\" data-element_type=\"container\">\n\t\t<div class=\"elementor-element elementor-element-81ac92b e-con-full padding e-flex e-con e-child\" data-id=\"81ac92b\" data-element_type=\"container\" data-settings=\"{&quot;background_background&quot;:&quot;classic&quot;}\">\n\t\t\t\t<div class=\"elementor-element elementor-element-501edf0 elementor-widget elementor-widget-text-editor\" data-id=\"501edf0\" data-element_type=\"widget\" data-widget_type=\"text-editor.default\">\n\t\t\t\t<div class=\"elementor-widget-container\">\n\t\t\t\t\t\t\t<h3 style=\"text-align: center;\">Kontakt Tewa ApS<\/h3><h4 style=\"text-align: center;\">Har du sp\u00f8rgsm\u00e5l? Kontakt os og lad os tage en uforpligtende snak<\/h4><p style=\"text-align: center;\">Vi sidder klar til at besvare ethvert sp\u00f8rgsm\u00e5l, du m\u00e5tte have, som du ikke f\u00e5r besvaret her p\u00e5 hjemmesiden. S\u00e5 t\u00f8v ikke med at ringe eller skrive til os. Vi tager med gl\u00e6de en helt uforpligtende snak med dig om dine planer.<\/p>\t\t\t\t\t\t<\/div>\n\t\t\t\t<\/div>\n\t\t\t\t<div class=\"elementor-element elementor-element-79078d9e cta elementor-align-center elementor-widget elementor-widget-button\" data-id=\"79078d9e\" data-element_type=\"widget\" data-widget_type=\"button.default\">\n\t\t\t\t<div class=\"elementor-widget-container\">\n\t\t\t\t\t\t\t<div class=\"elementor-button-wrapper\">\n\t\t\t\t\t<a class=\"elementor-button elementor-button-link elementor-size-sm\" href=\"\/kontakt\/\">\n\t\t\t\t\t\t<span class=\"elementor-button-content-wrapper\">\n\t\t\t\t\t\t\t\t\t<span class=\"elementor-button-text\">Skriv til os her<\/span>\n\t\t\t\t\t<\/span>\n\t\t\t\t\t<\/a>\n\t\t\t\t<\/div>\n\t\t\t\t\t\t<\/div>\n\t\t\t\t<\/div>\n\t\t\t\t<\/div>\n\t\t\t\t<\/div>\n\t\t\t\t\t<\/div>\n\t\t\t\t<\/div>\n\t\t\t\t<\/div>\n\t\t<\/div>\n\t\t\t\t<\/div>\n\t\t\t\t<\/div>\n\t\t\t\t<\/div>\n\t\t\t\t<\/div>\n\t\t","protected":false},"excerpt":{"rendered":"<p>TEWA, a company with a special focus on customer satisfaction For five decades, TEWA has distinguished itself as a versatile and quality-conscious company in the North Jutland business community. The company was established in 1974 by Jan Nielsen&#8217;s father, and Jan has subsequently chosen to continue running the company, later bringing Thorsten Sander on board. &#8230; <a title=\"About Tewa\" class=\"read-more\" href=\"https:\/\/tewa.dk\/en\/about-tewa\/\" aria-label=\"Read more about About Tewa\">Read more<\/a><\/p>\n","protected":false},"author":5,"featured_media":0,"parent":0,"menu_order":1002,"comment_status":"closed","ping_status":"closed","template":"","meta":{"_acf_changed":false,"footnotes":""},"categories":[],"class_list":["post-9695","page","type-page","status-publish"],"acf":[],"yoast_head":"<!-- This site is optimized with the Yoast SEO plugin v27.4 - https:\/\/yoast.com\/product\/yoast-seo-wordpress\/ -->\n<title>About Tewa | Tewa<\/title>\n<meta name=\"robots\" content=\"index, follow, max-snippet:-1, max-image-preview:large, max-video-preview:-1\" \/>\n<link rel=\"canonical\" href=\"https:\/\/tewa.dk\/en\/about-tewa\/\" \/>\n<meta property=\"og:locale\" content=\"en_US\" \/>\n<meta property=\"og:type\" content=\"article\" \/>\n<meta property=\"og:title\" content=\"About Tewa | Tewa\" \/>\n<meta property=\"og:description\" content=\"TEWA, a company with a special focus on customer satisfaction For five decades, TEWA has distinguished itself as a versatile and quality-conscious company in the North Jutland business community. The company was established in 1974 by Jan Nielsen&#8217;s father, and Jan has subsequently chosen to continue running the company, later bringing Thorsten Sander on board. ... Read more\" \/>\n<meta property=\"og:url\" content=\"https:\/\/tewa.dk\/en\/about-tewa\/\" \/>\n<meta property=\"og:site_name\" content=\"Tewa\" \/>\n<meta property=\"article:modified_time\" content=\"2025-02-18T13:57:29+00:00\" \/>\n<meta name=\"twitter:card\" content=\"summary_large_image\" \/>\n<meta name=\"twitter:label1\" content=\"Est. reading time\" \/>\n\t<meta name=\"twitter:data1\" content=\"4 minutes\" \/>\n<script type=\"application\/ld+json\" class=\"yoast-schema-graph\">{\"@context\":\"https:\\\/\\\/schema.org\",\"@graph\":[{\"@type\":\"WebPage\",\"@id\":\"https:\\\/\\\/tewa.dk\\\/en\\\/about-tewa\\\/\",\"url\":\"https:\\\/\\\/tewa.dk\\\/en\\\/about-tewa\\\/\",\"name\":\"About Tewa | Tewa\",\"isPartOf\":{\"@id\":\"https:\\\/\\\/tewa.webserver10.dk\\\/#website\"},\"datePublished\":\"2024-08-05T08:07:45+00:00\",\"dateModified\":\"2025-02-18T13:57:29+00:00\",\"breadcrumb\":{\"@id\":\"https:\\\/\\\/tewa.dk\\\/en\\\/about-tewa\\\/#breadcrumb\"},\"inLanguage\":\"en-US\",\"potentialAction\":[{\"@type\":\"ReadAction\",\"target\":[\"https:\\\/\\\/tewa.dk\\\/en\\\/about-tewa\\\/\"]}]},{\"@type\":\"BreadcrumbList\",\"@id\":\"https:\\\/\\\/tewa.dk\\\/en\\\/about-tewa\\\/#breadcrumb\",\"itemListElement\":[{\"@type\":\"ListItem\",\"position\":1,\"name\":\"Forside\",\"item\":\"https:\\\/\\\/tewa.dk\\\/en\\\/\"},{\"@type\":\"ListItem\",\"position\":2,\"name\":\"About Tewa\"}]},{\"@type\":\"WebSite\",\"@id\":\"https:\\\/\\\/tewa.webserver10.dk\\\/#website\",\"url\":\"https:\\\/\\\/tewa.webserver10.dk\\\/\",\"name\":\"Tewa\",\"description\":\"Tewa ApS tilbyder trykkeri samt produktion af CD, DVD og Blu-ray\",\"publisher\":{\"@id\":\"https:\\\/\\\/tewa.webserver10.dk\\\/#organization\"},\"potentialAction\":[{\"@type\":\"SearchAction\",\"target\":{\"@type\":\"EntryPoint\",\"urlTemplate\":\"https:\\\/\\\/tewa.webserver10.dk\\\/?s={search_term_string}\"},\"query-input\":{\"@type\":\"PropertyValueSpecification\",\"valueRequired\":true,\"valueName\":\"search_term_string\"}}],\"inLanguage\":\"en-US\"},{\"@type\":\"Organization\",\"@id\":\"https:\\\/\\\/tewa.webserver10.dk\\\/#organization\",\"name\":\"Tewa\",\"url\":\"https:\\\/\\\/tewa.webserver10.dk\\\/\",\"logo\":{\"@type\":\"ImageObject\",\"inLanguage\":\"en-US\",\"@id\":\"https:\\\/\\\/tewa.webserver10.dk\\\/#\\\/schema\\\/logo\\\/image\\\/\",\"url\":\"https:\\\/\\\/tewa.dk\\\/wp-content\\\/uploads\\\/2024\\\/08\\\/logo.png\",\"contentUrl\":\"https:\\\/\\\/tewa.dk\\\/wp-content\\\/uploads\\\/2024\\\/08\\\/logo.png\",\"width\":149,\"height\":62,\"caption\":\"Tewa\"},\"image\":{\"@id\":\"https:\\\/\\\/tewa.webserver10.dk\\\/#\\\/schema\\\/logo\\\/image\\\/\"}}]}<\/script>\n<!-- \/ Yoast SEO plugin. -->","yoast_head_json":{"title":"About Tewa | Tewa","robots":{"index":"index","follow":"follow","max-snippet":"max-snippet:-1","max-image-preview":"max-image-preview:large","max-video-preview":"max-video-preview:-1"},"canonical":"https:\/\/tewa.dk\/en\/about-tewa\/","og_locale":"en_US","og_type":"article","og_title":"About Tewa | Tewa","og_description":"TEWA, a company with a special focus on customer satisfaction For five decades, TEWA has distinguished itself as a versatile and quality-conscious company in the North Jutland business community. The company was established in 1974 by Jan Nielsen&#8217;s father, and Jan has subsequently chosen to continue running the company, later bringing Thorsten Sander on board. ... Read more","og_url":"https:\/\/tewa.dk\/en\/about-tewa\/","og_site_name":"Tewa","article_modified_time":"2025-02-18T13:57:29+00:00","twitter_card":"summary_large_image","twitter_misc":{"Est. reading time":"4 minutes"},"schema":{"@context":"https:\/\/schema.org","@graph":[{"@type":"WebPage","@id":"https:\/\/tewa.dk\/en\/about-tewa\/","url":"https:\/\/tewa.dk\/en\/about-tewa\/","name":"About Tewa | Tewa","isPartOf":{"@id":"https:\/\/tewa.webserver10.dk\/#website"},"datePublished":"2024-08-05T08:07:45+00:00","dateModified":"2025-02-18T13:57:29+00:00","breadcrumb":{"@id":"https:\/\/tewa.dk\/en\/about-tewa\/#breadcrumb"},"inLanguage":"en-US","potentialAction":[{"@type":"ReadAction","target":["https:\/\/tewa.dk\/en\/about-tewa\/"]}]},{"@type":"BreadcrumbList","@id":"https:\/\/tewa.dk\/en\/about-tewa\/#breadcrumb","itemListElement":[{"@type":"ListItem","position":1,"name":"Forside","item":"https:\/\/tewa.dk\/en\/"},{"@type":"ListItem","position":2,"name":"About Tewa"}]},{"@type":"WebSite","@id":"https:\/\/tewa.webserver10.dk\/#website","url":"https:\/\/tewa.webserver10.dk\/","name":"Tewa","description":"Tewa ApS tilbyder trykkeri samt produktion af CD, DVD og Blu-ray","publisher":{"@id":"https:\/\/tewa.webserver10.dk\/#organization"},"potentialAction":[{"@type":"SearchAction","target":{"@type":"EntryPoint","urlTemplate":"https:\/\/tewa.webserver10.dk\/?s={search_term_string}"},"query-input":{"@type":"PropertyValueSpecification","valueRequired":true,"valueName":"search_term_string"}}],"inLanguage":"en-US"},{"@type":"Organization","@id":"https:\/\/tewa.webserver10.dk\/#organization","name":"Tewa","url":"https:\/\/tewa.webserver10.dk\/","logo":{"@type":"ImageObject","inLanguage":"en-US","@id":"https:\/\/tewa.webserver10.dk\/#\/schema\/logo\/image\/","url":"https:\/\/tewa.dk\/wp-content\/uploads\/2024\/08\/logo.png","contentUrl":"https:\/\/tewa.dk\/wp-content\/uploads\/2024\/08\/logo.png","width":149,"height":62,"caption":"Tewa"},"image":{"@id":"https:\/\/tewa.webserver10.dk\/#\/schema\/logo\/image\/"}}]}},"_links":{"self":[{"href":"https:\/\/tewa.dk\/en\/wp-json\/wp\/v2\/pages\/9695","targetHints":{"allow":["GET"]}}],"collection":[{"href":"https:\/\/tewa.dk\/en\/wp-json\/wp\/v2\/pages"}],"about":[{"href":"https:\/\/tewa.dk\/en\/wp-json\/wp\/v2\/types\/page"}],"author":[{"embeddable":true,"href":"https:\/\/tewa.dk\/en\/wp-json\/wp\/v2\/users\/5"}],"replies":[{"embeddable":true,"href":"https:\/\/tewa.dk\/en\/wp-json\/wp\/v2\/comments?post=9695"}],"version-history":[{"count":1,"href":"https:\/\/tewa.dk\/en\/wp-json\/wp\/v2\/pages\/9695\/revisions"}],"predecessor-version":[{"id":9696,"href":"https:\/\/tewa.dk\/en\/wp-json\/wp\/v2\/pages\/9695\/revisions\/9696"}],"wp:attachment":[{"href":"https:\/\/tewa.dk\/en\/wp-json\/wp\/v2\/media?parent=9695"}],"wp:term":[{"taxonomy":"category","embeddable":true,"href":"https:\/\/tewa.dk\/en\/wp-json\/wp\/v2\/categories?post=9695"}],"curies":[{"name":"wp","href":"https:\/\/api.w.org\/{rel}","templated":true}]}}